{"id":14507,"date":"2024-11-28T19:44:39","date_gmt":"2024-11-28T16:44:39","guid":{"rendered":"https:\/\/www.makitamarket.com.tr\/site\/urun\/knipex-agir-tip-tepe-keski-160-mm\/"},"modified":"2026-04-06T15:00:45","modified_gmt":"2026-04-06T12:00:45","slug":"knipex-agir-tip-tepe-keski-160-mm","status":"publish","type":"product","link":"https:\/\/www.makitamarket.com.tr\/site\/urun\/knipex-agir-tip-tepe-keski-160-mm\/","title":{"rendered":"Knipex 6701160 A\u011eIR T\u0130P TEPE KESK\u0130 160 mm"},"content":{"rendered":"<p><b>67 01 160 A\u011f\u0131r Hizmet Tepe Keski<\/b><br \/>Yumu\u015fak, sert ve piyano tel i\u00e7in uygun kesiciler. Kesici a\u00e7\u0131s\u0131 ve aktar\u0131m oran\u0131n\u0131n optimum d\u00fczeyde uyumlu olmas\u0131 nedeniyle az kuvvet uygulanmas\u0131na ra\u011fmen y\u00fcksek kesme performans\u0131. Kesicilere ek olarak ind\u00fcksiyon sertle\u015ftirme uygulamas\u0131 yap\u0131lm\u0131\u015ft\u0131r, kesici sertli\u011fi yakl. 64 HRC. <\/p>\n<li><b>Yumu\u015fak tel kesme de\u011feri (\u00e7ap): <\/b>\u00d8 4,5 mm<\/li>\n<li><b>Orta sert tel kesme de\u011feri (\u00e7ap): <\/b>\u00d8 3,4 mm<\/li>\n<li><b>Schneidwerte harter Draht (Durchmesser): <\/b>\u00d8 2,5 mm<\/li>\n<li><b>Piyano tel kesme de\u011feri (\u00e7ap): <\/b>\u00d8 2,0 mm<\/li>\n<table>\n<tr>\n<td>Uzunluk<\/td>\n<td>160<\/td>\n<\/tr>\n<tr>\n<td>Kafa<\/td>\n<td>Polisaj<\/td>\n<\/tr>\n<tr>\n<td>Sap<\/td>\n<td>\u0130nce \u0130zole<\/td>\n<\/tr>\n<tr>\n<td>Yumu\u015fak Tel<\/td>\n<td>4,0 \u00f8mm<\/td>\n<\/tr>\n<tr>\n<td>Orta Sert Tel<\/td>\n<td>3.4 \u00f8mm<\/td>\n<\/tr>\n<tr>\n<td>Sert Tel<\/td>\n<td>2.5 \u00f8mm<\/td>\n<\/tr>\n<tr>\n<td>Piyano Tel<\/td>\n<td>2.0 mm\u00b2<\/td>\n<\/tr>\n<tr>\n<td>A\u011f\u0131rl\u0131k<\/td>\n<td>237 gr<\/td>\n<\/tr>\n<\/table>\n","protected":false},"excerpt":{"rendered":"<p><b>67 01 160 A\u011f\u0131r Hizmet Tepe Keski<\/b><br \/>Yumu\u015fak, sert ve piyano tel i\u00e7in uygun kesiciler. Kesici a\u00e7\u0131s\u0131 ve aktar\u0131m oran\u0131n\u0131n optimum d\u00fczeyde uyumlu olmas\u0131 nedeniyle az kuvvet uygulanmas\u0131na ra\u011fmen y\u00fcksek kesme performans\u0131. Kesicilere ek olarak ind\u00fcksiyon sertle\u015ftirme uygulamas\u0131 yap\u0131lm\u0131\u015ft\u0131r, kesici sertli\u011fi yakl. 64 HRC. <\/p>\n<li><b>Yumu\u015fak tel kesme de\u011feri (\u00e7ap): <\/b>\u00d8 4,5 mm<\/li>\n<li><b>Orta sert tel kesme de\u011feri (\u00e7ap): <\/b>\u00d8 3,4 mm<\/li>\n<li><b>Schneidwerte harter Draht (Durchmesser): <\/b>\u00d8 2,5 mm<\/li>\n<li><b>Piyano tel kesme de\u011feri (\u00e7ap): <\/b>\u00d8 2,0 mm<\/li>\n","protected":false},"featured_media":14506,"comment_status":"open","ping_status":"closed","template":"","meta":{"_acf_changed":false},"product_brand":[1486],"product_cat":[1213],"product_tag":[],"class_list":{"0":"post-14507","1":"product","2":"type-product","3":"status-publish","4":"has-post-thumbnail","6":"product_brand-knipex","7":"product_cat-tepe-keskiler","9":"first","10":"outofstock","11":"taxable","12":"shipping-taxable","13":"purchasable","14":"product-type-simple","15":"add-to-wishlist-after_add_to_cart"},"acf":[],"_links":{"self":[{"href":"https:\/\/www.makitamarket.com.tr\/site\/wp-json\/wp\/v2\/product\/14507","targetHints":{"allow":["GET"]}}],"collection":[{"href":"https:\/\/www.makitamarket.com.tr\/site\/wp-json\/wp\/v2\/product"}],"about":[{"href":"https:\/\/www.makitamarket.com.tr\/site\/wp-json\/wp\/v2\/types\/product"}],"replies":[{"embeddable":true,"href":"https:\/\/www.makitamarket.com.tr\/site\/wp-json\/wp\/v2\/comments?post=14507"}],"wp:featuredmedia":[{"embeddable":true,"href":"https:\/\/www.makitamarket.com.tr\/site\/wp-json\/wp\/v2\/media\/14506"}],"wp:attachment":[{"href":"https:\/\/www.makitamarket.com.tr\/site\/wp-json\/wp\/v2\/media?parent=14507"}],"wp:term":[{"taxonomy":"product_brand","embeddable":true,"href":"https:\/\/www.makitamarket.com.tr\/site\/wp-json\/wp\/v2\/product_brand?post=14507"},{"taxonomy":"product_cat","embeddable":true,"href":"https:\/\/www.makitamarket.com.tr\/site\/wp-json\/wp\/v2\/product_cat?post=14507"},{"taxonomy":"product_tag","embeddable":true,"href":"https:\/\/www.makitamarket.com.tr\/site\/wp-json\/wp\/v2\/product_tag?post=14507"}],"curies":[{"name":"wp","href":"https:\/\/api.w.org\/{rel}","templated":true}]}}