{"id":14518,"date":"2024-11-28T19:44:42","date_gmt":"2024-11-28T16:44:42","guid":{"rendered":"https:\/\/www.makitamarket.com.tr\/site\/urun\/knipex-ordek-agiz-pense-160-mm\/"},"modified":"2026-04-06T15:00:49","modified_gmt":"2026-04-06T12:00:49","slug":"knipex-ordek-agiz-pense-160-mm","status":"publish","type":"product","link":"https:\/\/www.makitamarket.com.tr\/site\/urun\/knipex-ordek-agiz-pense-160-mm\/","title":{"rendered":"Knipex 3301160 \u00d6RDEK A\u011eIZ PENSE 160 mm"},"content":{"rendered":"<p><b>33 01 160 Weber Pensesi<\/b><br \/>. A\u011f\u0131z y\u00fczeyleri d\u00fcz. <\/p>\n<li><b>\u00c7ene kal\u0131nl\u0131\u011f\u0131 (eklem) (T1): <\/b>7,5 mm<\/li>\n<li><b>U\u00e7lar geni\u015flik (W4): <\/b>3,0 mm<\/li>\n<li><b>Tip Thickness (T2): <\/b>9,0 mm<\/li>\n<li><b>\u00c7ene uzunlu\u011fu (L3): <\/b>55,0 mm<\/li>\n<li><b>Kafa geni\u015fli\u011fi (W3): <\/b>15,0 mm<\/li>\n<table>\n<tr>\n<td>Uzunluk<\/td>\n<td>160<\/td>\n<\/tr>\n<tr>\n<td>Form<\/td>\n<td>Yass\u0131 dar a\u011f\u0131z &#8211; A\u011f\u0131z y\u00fczeyleri d\u00fcz<\/td>\n<\/tr>\n<tr>\n<td>Kafa<\/td>\n<td>Polisaj<\/td>\n<\/tr>\n<tr>\n<td>Sap<\/td>\n<td>\u0130nce \u0130zole<\/td>\n<\/tr>\n<tr>\n<td>\u00d6l\u00e7\u00fcler<\/td>\n<td>L3:55.00mm, W3:15.00mm, T1:7.5mm, W4:9mm, T2:9mm<\/td>\n<\/tr>\n<tr>\n<td>A\u011f\u0131rl\u0131k<\/td>\n<td>103 gr<\/td>\n<\/tr>\n<\/table>\n","protected":false},"excerpt":{"rendered":"<p><b>33 01 160 Weber Pensesi<\/b><br \/>. A\u011f\u0131z y\u00fczeyleri d\u00fcz. <\/p>\n<li><b>\u00c7ene kal\u0131nl\u0131\u011f\u0131 (eklem) (T1): <\/b>7,5 mm<\/li>\n<li><b>U\u00e7lar geni\u015flik (W4): <\/b>3,0 mm<\/li>\n<li><b>Tip Thickness (T2): <\/b>9,0 mm<\/li>\n<li><b>\u00c7ene uzunlu\u011fu (L3): <\/b>55,0 mm<\/li>\n<li><b>Kafa geni\u015fli\u011fi (W3): <\/b>15,0 mm<\/li>\n","protected":false},"featured_media":14517,"comment_status":"open","ping_status":"closed","template":"","meta":{"_acf_changed":false},"product_brand":[1486],"product_cat":[1565],"product_tag":[],"class_list":{"0":"post-14518","1":"product","2":"type-product","3":"status-publish","4":"has-post-thumbnail","6":"product_brand-knipex","7":"product_cat-yok-yok","9":"first","10":"outofstock","11":"taxable","12":"shipping-taxable","13":"purchasable","14":"product-type-simple","15":"add-to-wishlist-after_add_to_cart"},"acf":[],"_links":{"self":[{"href":"https:\/\/www.makitamarket.com.tr\/site\/wp-json\/wp\/v2\/product\/14518","targetHints":{"allow":["GET"]}}],"collection":[{"href":"https:\/\/www.makitamarket.com.tr\/site\/wp-json\/wp\/v2\/product"}],"about":[{"href":"https:\/\/www.makitamarket.com.tr\/site\/wp-json\/wp\/v2\/types\/product"}],"replies":[{"embeddable":true,"href":"https:\/\/www.makitamarket.com.tr\/site\/wp-json\/wp\/v2\/comments?post=14518"}],"wp:featuredmedia":[{"embeddable":true,"href":"https:\/\/www.makitamarket.com.tr\/site\/wp-json\/wp\/v2\/media\/14517"}],"wp:attachment":[{"href":"https:\/\/www.makitamarket.com.tr\/site\/wp-json\/wp\/v2\/media?parent=14518"}],"wp:term":[{"taxonomy":"product_brand","embeddable":true,"href":"https:\/\/www.makitamarket.com.tr\/site\/wp-json\/wp\/v2\/product_brand?post=14518"},{"taxonomy":"product_cat","embeddable":true,"href":"https:\/\/www.makitamarket.com.tr\/site\/wp-json\/wp\/v2\/product_cat?post=14518"},{"taxonomy":"product_tag","embeddable":true,"href":"https:\/\/www.makitamarket.com.tr\/site\/wp-json\/wp\/v2\/product_tag?post=14518"}],"curies":[{"name":"wp","href":"https:\/\/api.w.org\/{rel}","templated":true}]}}