{"id":14538,"date":"2024-11-28T19:44:49","date_gmt":"2024-11-28T16:44:49","guid":{"rendered":"https:\/\/www.makitamarket.com.tr\/site\/urun\/bts-lcd-ekranli-dijital-tur-metresi\/"},"modified":"2026-04-06T15:02:21","modified_gmt":"2026-04-06T12:02:21","slug":"bts-lcd-ekranli-dijital-tur-metresi","status":"publish","type":"product","link":"https:\/\/www.makitamarket.com.tr\/site\/urun\/bts-lcd-ekranli-dijital-tur-metresi\/","title":{"rendered":"Bts BTS12397 LCD EKRANLI D\u0130J\u0130TAL TUR METRES\u0130"},"content":{"rendered":"<div>\n\t\u2022 Metrik ve Inch \u00f6l\u00e7\u00fcm yapabilme.<\/div>\n<div>\n\t\u2022 Veri depolama.<\/div>\n<div>\n\t\u2022 Verileri hat\u0131rlama.<\/div>\n<div>\n\t\u2022 Siz y\u00fcr\u00fcd\u00fck\u00e7e \u00f6l\u00e7\u00fcm yapar.<\/div>\n<div>\n\t\u2022 Y\u00fcksek hassasiyette \u00f6l\u00e7\u00fcm i\u00e7in kaymaz kaucuk kapl\u0131 tekerlek.<\/div>\n<div>\n\t\u2022 \u0130n\u015faat\u00e7\u0131lar, \u00e7ift\u00e7iler, emlak\u00e7\u0131lar, polisler (olay yeri inceleme) i\u00e7in kullan\u0131ma uygundur.<\/div>\n<div>\n\t\u2022 Karton kutu ambalajl\u0131.\u00a0<\/div>\n<table>\n<tr>\n<td>Hassasiyet<\/td>\n<td>0.1 mt..<\/td>\n<\/tr>\n<tr>\n<td>Teker \u00c7ap\u0131<\/td>\n<td>159,15 mm..<\/td>\n<\/tr>\n<tr>\n<td>Do\u011fruluk<\/td>\n<td>+\/- 0.5%<\/td>\n<\/tr>\n<tr>\n<td>Koli \u0130\u00e7i Adedi<\/td>\n<td>5<\/td>\n<\/tr>\n<\/table>\n","protected":false},"excerpt":{"rendered":"<div>\n\t\u2022 Metrik ve Inch \u00f6l\u00e7\u00fcm yapabilme.<\/div>\n<div>\n\t\u2022 Veri depolama.<\/div>\n<div>\n\t\u2022 Verileri hat\u0131rlama.<\/div>\n<div>\n\t\u2022 Siz y\u00fcr\u00fcd\u00fck\u00e7e \u00f6l\u00e7\u00fcm yapar.<\/div>\n<div>\n\t\u2022 Y\u00fcksek hassasiyette \u00f6l\u00e7\u00fcm i\u00e7in kaymaz kaucuk kapl\u0131 tekerlek.<\/div>\n<div>\n\t\u2022 \u0130n\u015faat\u00e7\u0131lar, \u00e7ift\u00e7iler, emlak\u00e7\u0131lar, polisler (olay yeri inceleme) i\u00e7in kullan\u0131ma uygundur.<\/div>\n<div>\n\t\u2022 Karton kutu ambalajl\u0131.\u00a0<\/div>\n","protected":false},"featured_media":14537,"comment_status":"open","ping_status":"closed","template":"","meta":{"_acf_changed":false},"product_brand":[1548],"product_cat":[1306],"product_tag":[],"class_list":{"0":"post-14538","1":"product","2":"type-product","3":"status-publish","4":"has-post-thumbnail","6":"product_brand-bts","7":"product_cat-tur-yol-metreler","9":"first","10":"instock","11":"taxable","12":"shipping-taxable","13":"purchasable","14":"product-type-simple","15":"add-to-wishlist-after_add_to_cart"},"acf":[],"_links":{"self":[{"href":"https:\/\/www.makitamarket.com.tr\/site\/wp-json\/wp\/v2\/product\/14538","targetHints":{"allow":["GET"]}}],"collection":[{"href":"https:\/\/www.makitamarket.com.tr\/site\/wp-json\/wp\/v2\/product"}],"about":[{"href":"https:\/\/www.makitamarket.com.tr\/site\/wp-json\/wp\/v2\/types\/product"}],"replies":[{"embeddable":true,"href":"https:\/\/www.makitamarket.com.tr\/site\/wp-json\/wp\/v2\/comments?post=14538"}],"wp:featuredmedia":[{"embeddable":true,"href":"https:\/\/www.makitamarket.com.tr\/site\/wp-json\/wp\/v2\/media\/14537"}],"wp:attachment":[{"href":"https:\/\/www.makitamarket.com.tr\/site\/wp-json\/wp\/v2\/media?parent=14538"}],"wp:term":[{"taxonomy":"product_brand","embeddable":true,"href":"https:\/\/www.makitamarket.com.tr\/site\/wp-json\/wp\/v2\/product_brand?post=14538"},{"taxonomy":"product_cat","embeddable":true,"href":"https:\/\/www.makitamarket.com.tr\/site\/wp-json\/wp\/v2\/product_cat?post=14538"},{"taxonomy":"product_tag","embeddable":true,"href":"https:\/\/www.makitamarket.com.tr\/site\/wp-json\/wp\/v2\/product_tag?post=14538"}],"curies":[{"name":"wp","href":"https:\/\/api.w.org\/{rel}","templated":true}]}}