{"id":14546,"date":"2024-11-28T19:44:52","date_gmt":"2024-11-28T16:44:52","guid":{"rendered":"https:\/\/www.makitamarket.com.tr\/site\/urun\/proxxon-ahsap-freze-uc-seti-10-parca\/"},"modified":"2026-04-06T15:02:27","modified_gmt":"2026-04-06T12:02:27","slug":"proxxon-ahsap-freze-uc-seti-10-parca","status":"publish","type":"product","link":"https:\/\/www.makitamarket.com.tr\/site\/urun\/proxxon-ahsap-freze-uc-seti-10-parca\/","title":{"rendered":"Proxxon 29020 AH\u015eAP FREZE U\u00c7 SET\u0130 10 PAR\u00c7A"},"content":{"rendered":"<p>\n\t<strong>\u0130\u00e7erik:<\/strong> 29024, 29026, 29028, 29030, 29032, 29034, 29036, 29038, 29040, 29042,<\/p>\n<table><\/table>\n","protected":false},"excerpt":{"rendered":"<p>\n\t<strong>\u0130\u00e7erik:<\/strong> 29024, 29026, 29028, 29030, 29032, 29034, 29036, 29038, 29040, 29042,<\/p>\n","protected":false},"featured_media":14545,"comment_status":"open","ping_status":"closed","template":"","meta":{"_acf_changed":false},"product_brand":[1501],"product_cat":[926],"product_tag":[],"class_list":{"0":"post-14546","1":"product","2":"type-product","3":"status-publish","4":"has-post-thumbnail","6":"product_brand-proxxon","7":"product_cat-aksesuarlar-mikro-aletleri","9":"first","10":"instock","11":"taxable","12":"shipping-taxable","13":"purchasable","14":"product-type-simple","15":"add-to-wishlist-after_add_to_cart"},"acf":[],"_links":{"self":[{"href":"https:\/\/www.makitamarket.com.tr\/site\/wp-json\/wp\/v2\/product\/14546","targetHints":{"allow":["GET"]}}],"collection":[{"href":"https:\/\/www.makitamarket.com.tr\/site\/wp-json\/wp\/v2\/product"}],"about":[{"href":"https:\/\/www.makitamarket.com.tr\/site\/wp-json\/wp\/v2\/types\/product"}],"replies":[{"embeddable":true,"href":"https:\/\/www.makitamarket.com.tr\/site\/wp-json\/wp\/v2\/comments?post=14546"}],"wp:featuredmedia":[{"embeddable":true,"href":"https:\/\/www.makitamarket.com.tr\/site\/wp-json\/wp\/v2\/media\/14545"}],"wp:attachment":[{"href":"https:\/\/www.makitamarket.com.tr\/site\/wp-json\/wp\/v2\/media?parent=14546"}],"wp:term":[{"taxonomy":"product_brand","embeddable":true,"href":"https:\/\/www.makitamarket.com.tr\/site\/wp-json\/wp\/v2\/product_brand?post=14546"},{"taxonomy":"product_cat","embeddable":true,"href":"https:\/\/www.makitamarket.com.tr\/site\/wp-json\/wp\/v2\/product_cat?post=14546"},{"taxonomy":"product_tag","embeddable":true,"href":"https:\/\/www.makitamarket.com.tr\/site\/wp-json\/wp\/v2\/product_tag?post=14546"}],"curies":[{"name":"wp","href":"https:\/\/api.w.org\/{rel}","templated":true}]}}