{"id":14584,"date":"2024-11-28T19:45:01","date_gmt":"2024-11-28T16:45:01","guid":{"rendered":"https:\/\/www.makitamarket.com.tr\/site\/urun\/proxxon-proxxon-28706-ng-2-s-micromot-adaptor\/"},"modified":"2026-04-13T20:59:39","modified_gmt":"2026-04-13T17:59:39","slug":"proxxon-proxxon-28706-ng-2-s-micromot-adaptor","status":"publish","type":"product","link":"https:\/\/www.makitamarket.com.tr\/site\/urun\/proxxon-proxxon-28706-ng-2-s-micromot-adaptor\/","title":{"rendered":"Proxxon 28706 PROXXON 28706 NG 2\/S M\u0130CROMOT ADAPT\u00d6R"},"content":{"rendered":"<div>\n\t<span style=\"font-size:12px;\"><span style=\"font-family:tahoma,geneva,sans-serif;\"><strong>Kullan\u0131m :<\/strong> K\u0131rm\u0131z\u0131 LED adapt\u00f6r\u00fcn haz\u0131r oldu\u011funu g\u00f6sterir. Mikromat cihazlar i\u00e7in ask\u0131 b\u00f6l\u00fcm\u00fc 2,35mm ve 3,0mm u\u00e7lar i\u00e7in delikli tasar\u0131m.<br \/>\n\t<\/span><\/span><\/div>\n<table>\n<tr>\n<td>Maksimum G\u00fc\u00e7 Sarfiyat\u0131<\/td>\n<td>220-240V. 16 V  A\u00e7\u0131k devrede 2A ak\u0131m sa\u011flar.<\/td>\n<\/tr>\n<tr>\n<td>\u00d6zellik<\/td>\n<td>Is\u0131 diren\u00e7li<\/td>\n<\/tr>\n<tr>\n<td>A\u011f\u0131rl\u0131k<\/td>\n<td>1.0kg<\/td>\n<\/tr>\n<\/table>\n","protected":false},"excerpt":{"rendered":"<div>\n\t<span style=\"font-size:12px;\"><span style=\"font-family:tahoma,geneva,sans-serif;\"><strong>Kullan\u0131m :<\/strong> K\u0131rm\u0131z\u0131 LED adapt\u00f6r\u00fcn haz\u0131r oldu\u011funu g\u00f6sterir. Mikromat cihazlar i\u00e7in ask\u0131 b\u00f6l\u00fcm\u00fc 2,35mm ve 3,0mm u\u00e7lar i\u00e7in delikli tasar\u0131m.<br \/>\n\t<\/span><\/span><\/div>\n","protected":false},"featured_media":14583,"comment_status":"open","ping_status":"closed","template":"","meta":{"_acf_changed":false},"product_brand":[1501],"product_cat":[1565],"product_tag":[],"class_list":{"0":"post-14584","1":"product","2":"type-product","3":"status-publish","4":"has-post-thumbnail","6":"product_brand-proxxon","7":"product_cat-yok-yok","9":"first","10":"outofstock","11":"taxable","12":"shipping-taxable","13":"purchasable","14":"product-type-simple","15":"add-to-wishlist-after_add_to_cart"},"acf":[],"_links":{"self":[{"href":"https:\/\/www.makitamarket.com.tr\/site\/wp-json\/wp\/v2\/product\/14584","targetHints":{"allow":["GET"]}}],"collection":[{"href":"https:\/\/www.makitamarket.com.tr\/site\/wp-json\/wp\/v2\/product"}],"about":[{"href":"https:\/\/www.makitamarket.com.tr\/site\/wp-json\/wp\/v2\/types\/product"}],"replies":[{"embeddable":true,"href":"https:\/\/www.makitamarket.com.tr\/site\/wp-json\/wp\/v2\/comments?post=14584"}],"wp:featuredmedia":[{"embeddable":true,"href":"https:\/\/www.makitamarket.com.tr\/site\/wp-json\/wp\/v2\/media\/14583"}],"wp:attachment":[{"href":"https:\/\/www.makitamarket.com.tr\/site\/wp-json\/wp\/v2\/media?parent=14584"}],"wp:term":[{"taxonomy":"product_brand","embeddable":true,"href":"https:\/\/www.makitamarket.com.tr\/site\/wp-json\/wp\/v2\/product_brand?post=14584"},{"taxonomy":"product_cat","embeddable":true,"href":"https:\/\/www.makitamarket.com.tr\/site\/wp-json\/wp\/v2\/product_cat?post=14584"},{"taxonomy":"product_tag","embeddable":true,"href":"https:\/\/www.makitamarket.com.tr\/site\/wp-json\/wp\/v2\/product_tag?post=14584"}],"curies":[{"name":"wp","href":"https:\/\/api.w.org\/{rel}","templated":true}]}}