{"id":14586,"date":"2024-11-28T19:45:02","date_gmt":"2024-11-28T16:45:02","guid":{"rendered":"https:\/\/www.makitamarket.com.tr\/site\/urun\/proxxon-universal-tutucu\/"},"modified":"2026-04-06T15:03:17","modified_gmt":"2026-04-06T12:03:17","slug":"proxxon-universal-tutucu","status":"publish","type":"product","link":"https:\/\/www.makitamarket.com.tr\/site\/urun\/proxxon-universal-tutucu\/","title":{"rendered":"Proxxon 28610 \u00dcN\u0130VERSAL TUTUCU"},"content":{"rendered":"<p>\n\t<strong>\u00d6zellik:<\/strong> 60mm ye kadar masa ve atelye tezgahlarIna ba\u011flanabilir. 2 vidayla tezgaha ba\u011flant\u0131 yap\u0131labilir. 20mm bo\u011fazl\u0131 t\u00fcm MICROMOT makinalar\u0131na uyar.<\/p>\n<table><\/table>\n","protected":false},"excerpt":{"rendered":"<p>\n\t<strong>\u00d6zellik:<\/strong> 60mm ye kadar masa ve atelye tezgahlarIna ba\u011flanabilir. 2 vidayla tezgaha ba\u011flant\u0131 yap\u0131labilir. 20mm bo\u011fazl\u0131 t\u00fcm MICROMOT makinalar\u0131na uyar.<\/p>\n","protected":false},"featured_media":14585,"comment_status":"open","ping_status":"closed","template":"","meta":{"_acf_changed":false},"product_brand":[1501],"product_cat":[926],"product_tag":[],"class_list":{"0":"post-14586","1":"product","2":"type-product","3":"status-publish","4":"has-post-thumbnail","6":"product_brand-proxxon","7":"product_cat-aksesuarlar-mikro-aletleri","9":"first","10":"instock","11":"taxable","12":"shipping-taxable","13":"purchasable","14":"product-type-simple","15":"add-to-wishlist-after_add_to_cart"},"acf":[],"_links":{"self":[{"href":"https:\/\/www.makitamarket.com.tr\/site\/wp-json\/wp\/v2\/product\/14586","targetHints":{"allow":["GET"]}}],"collection":[{"href":"https:\/\/www.makitamarket.com.tr\/site\/wp-json\/wp\/v2\/product"}],"about":[{"href":"https:\/\/www.makitamarket.com.tr\/site\/wp-json\/wp\/v2\/types\/product"}],"replies":[{"embeddable":true,"href":"https:\/\/www.makitamarket.com.tr\/site\/wp-json\/wp\/v2\/comments?post=14586"}],"wp:featuredmedia":[{"embeddable":true,"href":"https:\/\/www.makitamarket.com.tr\/site\/wp-json\/wp\/v2\/media\/14585"}],"wp:attachment":[{"href":"https:\/\/www.makitamarket.com.tr\/site\/wp-json\/wp\/v2\/media?parent=14586"}],"wp:term":[{"taxonomy":"product_brand","embeddable":true,"href":"https:\/\/www.makitamarket.com.tr\/site\/wp-json\/wp\/v2\/product_brand?post=14586"},{"taxonomy":"product_cat","embeddable":true,"href":"https:\/\/www.makitamarket.com.tr\/site\/wp-json\/wp\/v2\/product_cat?post=14586"},{"taxonomy":"product_tag","embeddable":true,"href":"https:\/\/www.makitamarket.com.tr\/site\/wp-json\/wp\/v2\/product_tag?post=14586"}],"curies":[{"name":"wp","href":"https:\/\/api.w.org\/{rel}","templated":true}]}}