{"id":14589,"date":"2024-11-28T19:45:06","date_gmt":"2024-11-28T16:45:06","guid":{"rendered":"https:\/\/www.makitamarket.com.tr\/site\/urun\/makita-d-serisi-sds-plus-uc-5x110-mm\/"},"modified":"2026-04-06T15:03:18","modified_gmt":"2026-04-06T12:03:18","slug":"makita-d-serisi-sds-plus-uc-5x110-mm","status":"publish","type":"product","link":"https:\/\/www.makitamarket.com.tr\/site\/urun\/makita-d-serisi-sds-plus-uc-5x110-mm\/","title":{"rendered":"Makita D-00022 D SER\u0130S\u0130 SDS PLUS U\u00c7 5&#215;110 mm"},"content":{"rendered":"<table>\n<tr>\n<td>Matkap \u00c7ap\u0131<\/td>\n<td>5<\/td>\n<\/tr>\n<tr>\n<td>Matkap Boyu<\/td>\n<td>110<\/td>\n<\/tr>\n<tr>\n<td>\u00c7ap<\/td>\n<td>5 mm<\/td>\n<\/tr>\n<tr>\n<td>Uzunluk<\/td>\n<td>110 mm<\/td>\n<\/tr>\n<tr>\n<td>\u00c7al\u0131\u015fma Uzunlu\u011fu<\/td>\n<td>42 mm<\/td>\n<\/tr>\n<tr>\n<td>Minimum Sipari\u015f Adedi<\/td>\n<td>25<\/td>\n<\/tr>\n<\/table>\n","protected":false},"excerpt":{"rendered":"<p>Matkap \u00c7ap\u0131 5 Matkap Boyu 110 \u00c7ap 5 mm Uzunluk 110 mm \u00c7al\u0131\u015fma Uzunlu\u011fu 42 mm Minimum Sipari\u015f Adedi 25<\/p>\n","protected":false},"featured_media":0,"comment_status":"open","ping_status":"closed","template":"","meta":{"_acf_changed":false},"product_brand":[1485],"product_cat":[1149],"product_tag":[],"class_list":{"0":"post-14589","1":"product","2":"type-product","3":"status-publish","5":"product_brand-makita","6":"product_cat-sds-plus-uclar","8":"first","9":"outofstock","10":"taxable","11":"shipping-taxable","12":"purchasable","13":"product-type-simple","14":"add-to-wishlist-after_add_to_cart"},"acf":[],"_links":{"self":[{"href":"https:\/\/www.makitamarket.com.tr\/site\/wp-json\/wp\/v2\/product\/14589","targetHints":{"allow":["GET"]}}],"collection":[{"href":"https:\/\/www.makitamarket.com.tr\/site\/wp-json\/wp\/v2\/product"}],"about":[{"href":"https:\/\/www.makitamarket.com.tr\/site\/wp-json\/wp\/v2\/types\/product"}],"replies":[{"embeddable":true,"href":"https:\/\/www.makitamarket.com.tr\/site\/wp-json\/wp\/v2\/comments?post=14589"}],"wp:attachment":[{"href":"https:\/\/www.makitamarket.com.tr\/site\/wp-json\/wp\/v2\/media?parent=14589"}],"wp:term":[{"taxonomy":"product_brand","embeddable":true,"href":"https:\/\/www.makitamarket.com.tr\/site\/wp-json\/wp\/v2\/product_brand?post=14589"},{"taxonomy":"product_cat","embeddable":true,"href":"https:\/\/www.makitamarket.com.tr\/site\/wp-json\/wp\/v2\/product_cat?post=14589"},{"taxonomy":"product_tag","embeddable":true,"href":"https:\/\/www.makitamarket.com.tr\/site\/wp-json\/wp\/v2\/product_tag?post=14589"}],"curies":[{"name":"wp","href":"https:\/\/api.w.org\/{rel}","templated":true}]}}