{"id":14599,"date":"2024-11-28T19:45:09","date_gmt":"2024-11-28T16:45:09","guid":{"rendered":"https:\/\/www.makitamarket.com.tr\/site\/urun\/makita-2107fk-portatif-testere-seridi-24-dis\/"},"modified":"2025-08-13T20:39:16","modified_gmt":"2025-08-13T17:39:16","slug":"makita-2107fk-portatif-testere-seridi-24-dis","status":"publish","type":"product","link":"https:\/\/www.makitamarket.com.tr\/site\/urun\/makita-2107fk-portatif-testere-seridi-24-dis\/","title":{"rendered":"Makita 194692-6 2107FK PORTAT\u0130F TESTERE \u015eER\u0130D\u0130 24 D\u0130\u015e"},"content":{"rendered":"<p>\n\tPlastik, metal, demir, sert metal, paslanmaz \u00e7elik (4mm&#8217; den ince)<\/p>\n<p>\n\tDi\u015f yap\u0131s\u0131 : Dalgal\u0131 di\u015f<\/p>\n<table>\n<tr>\n<td>\u0130nch Ba\u015f\u0131 Di\u015f<\/td>\n<td>24<\/td>\n<\/tr>\n<tr>\n<td>B\u0131\u00e7ak Materyali<\/td>\n<td>Bi-Metal<\/td>\n<\/tr>\n<tr>\n<td>Uzunluk<\/td>\n<td>1140 mm<\/td>\n<\/tr>\n<tr>\n<td>Kal\u0131nl\u0131k<\/td>\n<td>0.5 mm<\/td>\n<\/tr>\n<tr>\n<td>Geni\u015flik<\/td>\n<td>13 mm<\/td>\n<\/tr>\n<\/table>\n","protected":false},"excerpt":{"rendered":"<p>\n\tPlastik, metal, demir, sert metal, paslanmaz \u00e7elik (4mm&#8217; den ince)<\/p>\n<p>\n\tDi\u015f yap\u0131s\u0131 : Dalgal\u0131 di\u015f<\/p>\n","protected":false},"featured_media":0,"comment_status":"open","ping_status":"closed","template":"","meta":{"_acf_changed":false},"product_brand":[],"product_cat":[1137],"product_tag":[],"class_list":{"0":"post-14599","1":"product","2":"type-product","3":"status-publish","5":"product_cat-serit-testereler","7":"first","8":"instock","9":"taxable","10":"shipping-taxable","11":"purchasable","12":"product-type-simple","13":"add-to-wishlist-after_add_to_cart"},"acf":[],"_links":{"self":[{"href":"https:\/\/www.makitamarket.com.tr\/site\/wp-json\/wp\/v2\/product\/14599","targetHints":{"allow":["GET"]}}],"collection":[{"href":"https:\/\/www.makitamarket.com.tr\/site\/wp-json\/wp\/v2\/product"}],"about":[{"href":"https:\/\/www.makitamarket.com.tr\/site\/wp-json\/wp\/v2\/types\/product"}],"replies":[{"embeddable":true,"href":"https:\/\/www.makitamarket.com.tr\/site\/wp-json\/wp\/v2\/comments?post=14599"}],"wp:attachment":[{"href":"https:\/\/www.makitamarket.com.tr\/site\/wp-json\/wp\/v2\/media?parent=14599"}],"wp:term":[{"taxonomy":"product_brand","embeddable":true,"href":"https:\/\/www.makitamarket.com.tr\/site\/wp-json\/wp\/v2\/product_brand?post=14599"},{"taxonomy":"product_cat","embeddable":true,"href":"https:\/\/www.makitamarket.com.tr\/site\/wp-json\/wp\/v2\/product_cat?post=14599"},{"taxonomy":"product_tag","embeddable":true,"href":"https:\/\/www.makitamarket.com.tr\/site\/wp-json\/wp\/v2\/product_tag?post=14599"}],"curies":[{"name":"wp","href":"https:\/\/api.w.org\/{rel}","templated":true}]}}