{"id":14600,"date":"2024-11-28T19:45:09","date_gmt":"2024-11-28T16:45:09","guid":{"rendered":"https:\/\/www.makitamarket.com.tr\/site\/urun\/makita-2107fk-portatif-testere-seridi-14-dis\/"},"modified":"2026-03-30T09:31:27","modified_gmt":"2026-03-30T06:31:27","slug":"makita-2107fk-portatif-testere-seridi-14-dis","status":"publish","type":"product","link":"https:\/\/www.makitamarket.com.tr\/site\/urun\/makita-2107fk-portatif-testere-seridi-14-dis\/","title":{"rendered":"Makita 194691-8 2107FK PORTAT\u0130F TESTERE \u015eER\u0130D\u0130 14 D\u0130\u015e"},"content":{"rendered":"<p>\n\tPlastik, metal, yumu\u015fak \u00e7elik, demir, sert metal, paslanmaz \u00e7elik (5 mm&#8217;den kal\u0131n).<\/p>\n<p>\n\tDi\u015f yap\u0131s\u0131 : Dalgal\u0131 di\u015f<\/p>\n<table>\n<tr>\n<td>Uzunluk<\/td>\n<td>1140 mm<\/td>\n<\/tr>\n<tr>\n<td>Kal\u0131nl\u0131k<\/td>\n<td>0.5 mm<\/td>\n<\/tr>\n<tr>\n<td>Geni\u015flik<\/td>\n<td>13 mm<\/td>\n<\/tr>\n<tr>\n<td>\u0130nch Ba\u015f\u0131 Di\u015f<\/td>\n<td>14<\/td>\n<\/tr>\n<tr>\n<td>B\u0131\u00e7ak Materyali<\/td>\n<td>Bi-Metal<\/td>\n<\/tr>\n<\/table>\n","protected":false},"excerpt":{"rendered":"<p>\n\tPlastik, metal, yumu\u015fak \u00e7elik, demir, sert metal, paslanmaz \u00e7elik (5 mm&#8217;den kal\u0131n).<\/p>\n<p>\n\tDi\u015f yap\u0131s\u0131 : Dalgal\u0131 di\u015f<\/p>\n","protected":false},"featured_media":0,"comment_status":"open","ping_status":"closed","template":"","meta":{"_acf_changed":false},"product_brand":[1485],"product_cat":[1137],"product_tag":[],"class_list":{"0":"post-14600","1":"product","2":"type-product","3":"status-publish","5":"product_brand-makita","6":"product_cat-serit-testereler","8":"first","9":"instock","10":"taxable","11":"shipping-taxable","12":"purchasable","13":"product-type-simple","14":"add-to-wishlist-after_add_to_cart"},"acf":[],"_links":{"self":[{"href":"https:\/\/www.makitamarket.com.tr\/site\/wp-json\/wp\/v2\/product\/14600","targetHints":{"allow":["GET"]}}],"collection":[{"href":"https:\/\/www.makitamarket.com.tr\/site\/wp-json\/wp\/v2\/product"}],"about":[{"href":"https:\/\/www.makitamarket.com.tr\/site\/wp-json\/wp\/v2\/types\/product"}],"replies":[{"embeddable":true,"href":"https:\/\/www.makitamarket.com.tr\/site\/wp-json\/wp\/v2\/comments?post=14600"}],"wp:attachment":[{"href":"https:\/\/www.makitamarket.com.tr\/site\/wp-json\/wp\/v2\/media?parent=14600"}],"wp:term":[{"taxonomy":"product_brand","embeddable":true,"href":"https:\/\/www.makitamarket.com.tr\/site\/wp-json\/wp\/v2\/product_brand?post=14600"},{"taxonomy":"product_cat","embeddable":true,"href":"https:\/\/www.makitamarket.com.tr\/site\/wp-json\/wp\/v2\/product_cat?post=14600"},{"taxonomy":"product_tag","embeddable":true,"href":"https:\/\/www.makitamarket.com.tr\/site\/wp-json\/wp\/v2\/product_tag?post=14600"}],"curies":[{"name":"wp","href":"https:\/\/api.w.org\/{rel}","templated":true}]}}