{"id":14609,"date":"2024-11-28T19:45:11","date_gmt":"2024-11-28T16:45:11","guid":{"rendered":"https:\/\/www.makitamarket.com.tr\/site\/urun\/scheppach-osm100-osm600-icin-zimpara-rulosu-set-240-kum\/"},"modified":"2025-11-16T07:52:10","modified_gmt":"2025-11-16T04:52:10","slug":"scheppach-osm100-osm600-icin-zimpara-rulosu-set-240-kum","status":"publish","type":"product","link":"https:\/\/www.makitamarket.com.tr\/site\/urun\/scheppach-osm100-osm600-icin-zimpara-rulosu-set-240-kum\/","title":{"rendered":"Scheppach 7903400703 OSM100\/OSM600 \u0130\u00c7\u0130N ZIMPARA RULOSU SET 240 KUM"},"content":{"rendered":"<table>\n<tr>\n<td>\u00d6l\u00e7\u00fc<\/td>\n<td>240 Kum \u00d8 13,19,26,38,51,76 mm (Her birinden 3\u2019er adet)<\/td>\n<\/tr>\n<\/table>\n","protected":false},"excerpt":{"rendered":"<p>\u00d6l\u00e7\u00fc 240 Kum \u00d8 13,19,26,38,51,76 mm (Her birinden 3\u2019er adet)<\/p>\n","protected":false},"featured_media":14608,"comment_status":"open","ping_status":"closed","template":"","meta":{"_acf_changed":false},"product_brand":[1514],"product_cat":[969],"product_tag":[],"class_list":{"0":"post-14609","1":"product","2":"type-product","3":"status-publish","4":"has-post-thumbnail","6":"product_brand-scheppach","7":"product_cat-zimpara-makinalari","9":"first","10":"outofstock","11":"taxable","12":"shipping-taxable","13":"purchasable","14":"product-type-simple","15":"add-to-wishlist-after_add_to_cart"},"acf":[],"_links":{"self":[{"href":"https:\/\/www.makitamarket.com.tr\/site\/wp-json\/wp\/v2\/product\/14609","targetHints":{"allow":["GET"]}}],"collection":[{"href":"https:\/\/www.makitamarket.com.tr\/site\/wp-json\/wp\/v2\/product"}],"about":[{"href":"https:\/\/www.makitamarket.com.tr\/site\/wp-json\/wp\/v2\/types\/product"}],"replies":[{"embeddable":true,"href":"https:\/\/www.makitamarket.com.tr\/site\/wp-json\/wp\/v2\/comments?post=14609"}],"wp:featuredmedia":[{"embeddable":true,"href":"https:\/\/www.makitamarket.com.tr\/site\/wp-json\/wp\/v2\/media\/14608"}],"wp:attachment":[{"href":"https:\/\/www.makitamarket.com.tr\/site\/wp-json\/wp\/v2\/media?parent=14609"}],"wp:term":[{"taxonomy":"product_brand","embeddable":true,"href":"https:\/\/www.makitamarket.com.tr\/site\/wp-json\/wp\/v2\/product_brand?post=14609"},{"taxonomy":"product_cat","embeddable":true,"href":"https:\/\/www.makitamarket.com.tr\/site\/wp-json\/wp\/v2\/product_cat?post=14609"},{"taxonomy":"product_tag","embeddable":true,"href":"https:\/\/www.makitamarket.com.tr\/site\/wp-json\/wp\/v2\/product_tag?post=14609"}],"curies":[{"name":"wp","href":"https:\/\/api.w.org\/{rel}","templated":true}]}}