{"id":14623,"date":"2024-11-28T19:45:15","date_gmt":"2024-11-28T16:45:15","guid":{"rendered":"https:\/\/www.makitamarket.com.tr\/site\/urun\/proxxon-proxxon-28566-ofv-freze-aparati\/"},"modified":"2026-03-30T08:57:26","modified_gmt":"2026-03-30T05:57:26","slug":"proxxon-proxxon-28566-ofv-freze-aparati","status":"publish","type":"product","link":"https:\/\/www.makitamarket.com.tr\/site\/urun\/proxxon-proxxon-28566-ofv-freze-aparati\/","title":{"rendered":"Proxxon 28566 PROXXON 28566 OFV FREZE APARATI"},"content":{"rendered":"<div>\n\tParalel durma limitinden ba\u011f\u0131ms\u0131z olarak (maksimum bo\u011faz geni\u015fli\u011fi 150mm), merkezleme pimi (100 \u2013 400mm) veya elle dairesel freze i\u015flemi. Y\u00fczeyi frezelenmi\u015f olan d\u00f6k\u00fcm al\u00fcminyum. \u00d6nceden ayarlanabilir derinlik kontrol\u00fc. K\u0131lavuz d\u00fczleminde bulunan prizma sayesinde yuvarlak par\u00e7alar\u0131n delinmesi i\u00e7in de idealdir.<\/div>\n<div>\n\t<span style=\"font-family:tahoma,geneva,sans-serif;\"><br \/>\n\t<\/span><\/div>\n<table><\/table>\n","protected":false},"excerpt":{"rendered":"<div>\n\tParalel durma limitinden ba\u011f\u0131ms\u0131z olarak (maksimum bo\u011faz geni\u015fli\u011fi 150mm), merkezleme pimi (100 \u2013 400mm) veya elle dairesel freze i\u015flemi. Y\u00fczeyi frezelenmi\u015f olan d\u00f6k\u00fcm al\u00fcminyum. \u00d6nceden ayarlanabilir derinlik kontrol\u00fc. K\u0131lavuz d\u00fczleminde bulunan prizma sayesinde yuvarlak par\u00e7alar\u0131n delinmesi i\u00e7in de idealdir.<\/div>\n<div>\n\t<span style=\"font-family:tahoma,geneva,sans-serif;\"><br \/>\n\t<\/span><\/div>\n","protected":false},"featured_media":14622,"comment_status":"open","ping_status":"closed","template":"","meta":{"_acf_changed":false},"product_brand":[1501],"product_cat":[926],"product_tag":[],"class_list":{"0":"post-14623","1":"product","2":"type-product","3":"status-publish","4":"has-post-thumbnail","6":"product_brand-proxxon","7":"product_cat-aksesuarlar-mikro-aletleri","9":"first","10":"instock","11":"taxable","12":"shipping-taxable","13":"purchasable","14":"product-type-simple","15":"add-to-wishlist-after_add_to_cart"},"acf":[],"_links":{"self":[{"href":"https:\/\/www.makitamarket.com.tr\/site\/wp-json\/wp\/v2\/product\/14623","targetHints":{"allow":["GET"]}}],"collection":[{"href":"https:\/\/www.makitamarket.com.tr\/site\/wp-json\/wp\/v2\/product"}],"about":[{"href":"https:\/\/www.makitamarket.com.tr\/site\/wp-json\/wp\/v2\/types\/product"}],"replies":[{"embeddable":true,"href":"https:\/\/www.makitamarket.com.tr\/site\/wp-json\/wp\/v2\/comments?post=14623"}],"wp:featuredmedia":[{"embeddable":true,"href":"https:\/\/www.makitamarket.com.tr\/site\/wp-json\/wp\/v2\/media\/14622"}],"wp:attachment":[{"href":"https:\/\/www.makitamarket.com.tr\/site\/wp-json\/wp\/v2\/media?parent=14623"}],"wp:term":[{"taxonomy":"product_brand","embeddable":true,"href":"https:\/\/www.makitamarket.com.tr\/site\/wp-json\/wp\/v2\/product_brand?post=14623"},{"taxonomy":"product_cat","embeddable":true,"href":"https:\/\/www.makitamarket.com.tr\/site\/wp-json\/wp\/v2\/product_cat?post=14623"},{"taxonomy":"product_tag","embeddable":true,"href":"https:\/\/www.makitamarket.com.tr\/site\/wp-json\/wp\/v2\/product_tag?post=14623"}],"curies":[{"name":"wp","href":"https:\/\/api.w.org\/{rel}","templated":true}]}}