{"id":14625,"date":"2024-11-28T19:45:15","date_gmt":"2024-11-28T16:45:15","guid":{"rendered":"https:\/\/www.makitamarket.com.tr\/site\/urun\/maxgarden-epoksi-kapli-celik-genis-kurek-13-1-2\/"},"modified":"2026-04-06T15:04:14","modified_gmt":"2026-04-06T12:04:14","slug":"maxgarden-epoksi-kapli-celik-genis-kurek-13-1-2","status":"publish","type":"product","link":"https:\/\/www.makitamarket.com.tr\/site\/urun\/maxgarden-epoksi-kapli-celik-genis-kurek-13-1-2\/","title":{"rendered":"Maxgarden MAX601238 EPOKS\u0130 KAPLI \u00c7EL\u0130K GEN\u0130\u015e K\u00dcREK 13 &#8211; 1\/2&#8243;"},"content":{"rendered":"<p>\n\tPaket \/ Koli Adedi : 10 \/ 50<\/p>\n<table><\/table>\n","protected":false},"excerpt":{"rendered":"<p>\n\tPaket \/ Koli Adedi : 10 \/ 50<\/p>\n","protected":false},"featured_media":14624,"comment_status":"open","ping_status":"closed","template":"","meta":{"_acf_changed":false},"product_brand":[1499],"product_cat":[1166],"product_tag":[],"class_list":{"0":"post-14625","1":"product","2":"type-product","3":"status-publish","4":"has-post-thumbnail","6":"product_brand-maxgarden","7":"product_cat-bahce-el-aletleri","9":"first","10":"instock","11":"taxable","12":"shipping-taxable","13":"purchasable","14":"product-type-simple","15":"add-to-wishlist-after_add_to_cart"},"acf":[],"_links":{"self":[{"href":"https:\/\/www.makitamarket.com.tr\/site\/wp-json\/wp\/v2\/product\/14625","targetHints":{"allow":["GET"]}}],"collection":[{"href":"https:\/\/www.makitamarket.com.tr\/site\/wp-json\/wp\/v2\/product"}],"about":[{"href":"https:\/\/www.makitamarket.com.tr\/site\/wp-json\/wp\/v2\/types\/product"}],"replies":[{"embeddable":true,"href":"https:\/\/www.makitamarket.com.tr\/site\/wp-json\/wp\/v2\/comments?post=14625"}],"wp:featuredmedia":[{"embeddable":true,"href":"https:\/\/www.makitamarket.com.tr\/site\/wp-json\/wp\/v2\/media\/14624"}],"wp:attachment":[{"href":"https:\/\/www.makitamarket.com.tr\/site\/wp-json\/wp\/v2\/media?parent=14625"}],"wp:term":[{"taxonomy":"product_brand","embeddable":true,"href":"https:\/\/www.makitamarket.com.tr\/site\/wp-json\/wp\/v2\/product_brand?post=14625"},{"taxonomy":"product_cat","embeddable":true,"href":"https:\/\/www.makitamarket.com.tr\/site\/wp-json\/wp\/v2\/product_cat?post=14625"},{"taxonomy":"product_tag","embeddable":true,"href":"https:\/\/www.makitamarket.com.tr\/site\/wp-json\/wp\/v2\/product_tag?post=14625"}],"curies":[{"name":"wp","href":"https:\/\/api.w.org\/{rel}","templated":true}]}}