{"id":14666,"date":"2024-11-28T19:45:32","date_gmt":"2024-11-28T16:45:32","guid":{"rendered":"https:\/\/www.makitamarket.com.tr\/site\/urun\/mastech-200a-ac-dijital-acik-pens-ampermetre\/"},"modified":"2025-11-16T07:52:37","modified_gmt":"2025-11-16T04:52:37","slug":"mastech-200a-ac-dijital-acik-pens-ampermetre","status":"publish","type":"product","link":"https:\/\/www.makitamarket.com.tr\/site\/urun\/mastech-200a-ac-dijital-acik-pens-ampermetre\/","title":{"rendered":"Mastech MS2600 200A AC D\u0130J\u0130TAL A\u00c7IK PENS AMPERMETRE"},"content":{"rendered":"<div>\n\t\u2022 3.999 say\u0131m \u0131\u015f\u0131kl\u0131 LCD ekran<\/div>\n<div>\n\t\u2022 AC ak\u0131m \u00f6l\u00e7\u00fcm\u00fc i\u00e7in\u00a0 yeni a\u00e7\u0131k a\u011f\u0131z pense teknolojisi<\/div>\n<div>\n\t\u2022 Oto \/ manuel menzil<\/div>\n<div>\n\t\u2022 Test edilecek kabloyu a\u00e7\u0131k a\u011f\u0131za yerle\u015ftirip kabloyu test edebilirsiniz.<\/div>\n<table>\n<tr>\n<td>DCV<\/td>\n<td>4\/40\/400\/1000V, \u00b10.7%<\/td>\n<\/tr>\n<tr>\n<td>ACV<\/td>\n<td>4\/40\/400\/700V, \u00b10.8%<\/td>\n<\/tr>\n<tr>\n<td>ACA<\/td>\n<td>200A,\u00b12.0% (50-1000Hz)<\/td>\n<\/tr>\n<tr>\n<td>OHM<\/td>\n<td>400\/4k\/40k\/400k\/4M\/40M\u2126, \u00b11.2%<\/td>\n<\/tr>\n<tr>\n<td>Kapasitans<\/td>\n<td>40n\/400n\/4\u00b5\/40\u00b5F, \u00b14.0%<\/td>\n<\/tr>\n<tr>\n<td>Frekans<\/td>\n<td>10Hz-100kHz, \u00b12.0%<\/td>\n<\/tr>\n<tr>\n<td>PULSE DUTY<\/td>\n<td>0.1%-99.9% Sesli \u0130kaz &#038; diot testi<\/td>\n<\/tr>\n<tr>\n<td>Batarya<\/td>\n<td>9V x 1,6F22<\/td>\n<\/tr>\n<\/table>\n","protected":false},"excerpt":{"rendered":"<div>\n\t\u2022 3.999 say\u0131m \u0131\u015f\u0131kl\u0131 LCD ekran<\/div>\n<div>\n\t\u2022 AC ak\u0131m \u00f6l\u00e7\u00fcm\u00fc i\u00e7in\u00a0 yeni a\u00e7\u0131k a\u011f\u0131z pense teknolojisi<\/div>\n<div>\n\t\u2022 Oto \/ manuel menzil<\/div>\n<div>\n\t\u2022 Test edilecek kabloyu a\u00e7\u0131k a\u011f\u0131za yerle\u015ftirip kabloyu test edebilirsiniz.<\/div>\n","protected":false},"featured_media":14665,"comment_status":"open","ping_status":"closed","template":"","meta":{"_acf_changed":false},"product_brand":[1526],"product_cat":[1081],"product_tag":[],"class_list":{"0":"post-14666","1":"product","2":"type-product","3":"status-publish","4":"has-post-thumbnail","6":"product_brand-mastech","7":"product_cat-pensampermetreler","9":"first","10":"outofstock","11":"taxable","12":"shipping-taxable","13":"purchasable","14":"product-type-simple","15":"add-to-wishlist-after_add_to_cart"},"acf":[],"_links":{"self":[{"href":"https:\/\/www.makitamarket.com.tr\/site\/wp-json\/wp\/v2\/product\/14666","targetHints":{"allow":["GET"]}}],"collection":[{"href":"https:\/\/www.makitamarket.com.tr\/site\/wp-json\/wp\/v2\/product"}],"about":[{"href":"https:\/\/www.makitamarket.com.tr\/site\/wp-json\/wp\/v2\/types\/product"}],"replies":[{"embeddable":true,"href":"https:\/\/www.makitamarket.com.tr\/site\/wp-json\/wp\/v2\/comments?post=14666"}],"wp:featuredmedia":[{"embeddable":true,"href":"https:\/\/www.makitamarket.com.tr\/site\/wp-json\/wp\/v2\/media\/14665"}],"wp:attachment":[{"href":"https:\/\/www.makitamarket.com.tr\/site\/wp-json\/wp\/v2\/media?parent=14666"}],"wp:term":[{"taxonomy":"product_brand","embeddable":true,"href":"https:\/\/www.makitamarket.com.tr\/site\/wp-json\/wp\/v2\/product_brand?post=14666"},{"taxonomy":"product_cat","embeddable":true,"href":"https:\/\/www.makitamarket.com.tr\/site\/wp-json\/wp\/v2\/product_cat?post=14666"},{"taxonomy":"product_tag","embeddable":true,"href":"https:\/\/www.makitamarket.com.tr\/site\/wp-json\/wp\/v2\/product_tag?post=14666"}],"curies":[{"name":"wp","href":"https:\/\/api.w.org\/{rel}","templated":true}]}}