{"id":14668,"date":"2024-11-28T19:45:33","date_gmt":"2024-11-28T16:45:33","guid":{"rendered":"https:\/\/www.makitamarket.com.tr\/site\/urun\/bessey-hafif-tip-manivela-iskence-400mm-1200n\/"},"modified":"2026-03-30T08:58:21","modified_gmt":"2026-03-30T05:58:21","slug":"bessey-hafif-tip-manivela-iskence-400mm-1200n","status":"publish","type":"product","link":"https:\/\/www.makitamarket.com.tr\/site\/urun\/bessey-hafif-tip-manivela-iskence-400mm-1200n\/","title":{"rendered":"Bessey BESKLI40 HAF\u0130F T\u0130P MAN\u0130VELA \u0130\u015eKENCE 400mm 1200N"},"content":{"rendered":"<table>\n<tr>\n<td>Uzunluk<\/td>\n<td>400<\/td>\n<\/tr>\n<tr>\n<td>Derinlik<\/td>\n<td>80<\/td>\n<\/tr>\n<tr>\n<td>Ray Kal\u0131nl\u0131\u011f\u0131<\/td>\n<td>25&#215;5<\/td>\n<\/tr>\n<tr>\n<td>A\u011f\u0131rl\u0131k<\/td>\n<td>0.45<\/td>\n<\/tr>\n<tr>\n<td>Max. S\u0131kma Kuvveti<\/td>\n<td>1.200N<\/td>\n<\/tr>\n<\/table>\n","protected":false},"excerpt":{"rendered":"<p>Uzunluk 400 Derinlik 80 Ray Kal\u0131nl\u0131\u011f\u0131 25&#215;5 A\u011f\u0131rl\u0131k 0.45 Max. S\u0131kma Kuvveti 1.200N<\/p>\n","protected":false},"featured_media":14667,"comment_status":"open","ping_status":"closed","template":"","meta":{"_acf_changed":false},"product_brand":[1534],"product_cat":[1138],"product_tag":[],"class_list":{"0":"post-14668","1":"product","2":"type-product","3":"status-publish","4":"has-post-thumbnail","6":"product_brand-bessey","7":"product_cat-manivela-iskenceler","9":"first","10":"outofstock","11":"taxable","12":"shipping-taxable","13":"purchasable","14":"product-type-simple","15":"add-to-wishlist-after_add_to_cart"},"acf":[],"_links":{"self":[{"href":"https:\/\/www.makitamarket.com.tr\/site\/wp-json\/wp\/v2\/product\/14668","targetHints":{"allow":["GET"]}}],"collection":[{"href":"https:\/\/www.makitamarket.com.tr\/site\/wp-json\/wp\/v2\/product"}],"about":[{"href":"https:\/\/www.makitamarket.com.tr\/site\/wp-json\/wp\/v2\/types\/product"}],"replies":[{"embeddable":true,"href":"https:\/\/www.makitamarket.com.tr\/site\/wp-json\/wp\/v2\/comments?post=14668"}],"wp:featuredmedia":[{"embeddable":true,"href":"https:\/\/www.makitamarket.com.tr\/site\/wp-json\/wp\/v2\/media\/14667"}],"wp:attachment":[{"href":"https:\/\/www.makitamarket.com.tr\/site\/wp-json\/wp\/v2\/media?parent=14668"}],"wp:term":[{"taxonomy":"product_brand","embeddable":true,"href":"https:\/\/www.makitamarket.com.tr\/site\/wp-json\/wp\/v2\/product_brand?post=14668"},{"taxonomy":"product_cat","embeddable":true,"href":"https:\/\/www.makitamarket.com.tr\/site\/wp-json\/wp\/v2\/product_cat?post=14668"},{"taxonomy":"product_tag","embeddable":true,"href":"https:\/\/www.makitamarket.com.tr\/site\/wp-json\/wp\/v2\/product_tag?post=14668"}],"curies":[{"name":"wp","href":"https:\/\/api.w.org\/{rel}","templated":true}]}}