{"id":14684,"date":"2024-11-28T19:45:42","date_gmt":"2024-11-28T16:45:42","guid":{"rendered":"https:\/\/www.makitamarket.com.tr\/site\/urun\/proxxon-proxxon-28620-110-p-esnek-saft\/"},"modified":"2026-03-30T08:58:25","modified_gmt":"2026-03-30T05:58:25","slug":"proxxon-proxxon-28620-110-p-esnek-saft","status":"publish","type":"product","link":"https:\/\/www.makitamarket.com.tr\/site\/urun\/proxxon-proxxon-28620-110-p-esnek-saft\/","title":{"rendered":"Proxxon 28620 PROXXON 28620 110\/P ESNEK \u015eAFT"},"content":{"rendered":"<p>\n\t\u00a0<\/p>\n<p>\n\t<span style=\"font-size:12px;\"><br \/>\n\t<\/span><\/p>\n<table>\n<tr>\n<td>\u00d6zellik<\/td>\n<td>100cm uzunluk \u00e7ift \u00e7elik bilye yatakl\u0131 M\u0130CROMOT pensler kullan\u0131labilir.<\/td>\n<\/tr>\n<tr>\n<td>Sevkiyat<\/td>\n<td>1,0-1,5-2,0-2,4-3,0-3,2 mm alt\u0131 adet pens ve esnek \u015faftla birlikte.<\/td>\n<\/tr>\n<\/table>\n","protected":false},"excerpt":{"rendered":"<p>\n\t\u00a0<\/p>\n<p>\n\t<span style=\"font-size:12px;\"><br \/>\n\t<\/span><\/p>\n","protected":false},"featured_media":14683,"comment_status":"open","ping_status":"closed","template":"","meta":{"_acf_changed":false},"product_brand":[1501],"product_cat":[926],"product_tag":[],"class_list":{"0":"post-14684","1":"product","2":"type-product","3":"status-publish","4":"has-post-thumbnail","6":"product_brand-proxxon","7":"product_cat-aksesuarlar-mikro-aletleri","9":"first","10":"instock","11":"taxable","12":"shipping-taxable","13":"purchasable","14":"product-type-simple","15":"add-to-wishlist-after_add_to_cart"},"acf":[],"_links":{"self":[{"href":"https:\/\/www.makitamarket.com.tr\/site\/wp-json\/wp\/v2\/product\/14684","targetHints":{"allow":["GET"]}}],"collection":[{"href":"https:\/\/www.makitamarket.com.tr\/site\/wp-json\/wp\/v2\/product"}],"about":[{"href":"https:\/\/www.makitamarket.com.tr\/site\/wp-json\/wp\/v2\/types\/product"}],"replies":[{"embeddable":true,"href":"https:\/\/www.makitamarket.com.tr\/site\/wp-json\/wp\/v2\/comments?post=14684"}],"wp:featuredmedia":[{"embeddable":true,"href":"https:\/\/www.makitamarket.com.tr\/site\/wp-json\/wp\/v2\/media\/14683"}],"wp:attachment":[{"href":"https:\/\/www.makitamarket.com.tr\/site\/wp-json\/wp\/v2\/media?parent=14684"}],"wp:term":[{"taxonomy":"product_brand","embeddable":true,"href":"https:\/\/www.makitamarket.com.tr\/site\/wp-json\/wp\/v2\/product_brand?post=14684"},{"taxonomy":"product_cat","embeddable":true,"href":"https:\/\/www.makitamarket.com.tr\/site\/wp-json\/wp\/v2\/product_cat?post=14684"},{"taxonomy":"product_tag","embeddable":true,"href":"https:\/\/www.makitamarket.com.tr\/site\/wp-json\/wp\/v2\/product_tag?post=14684"}],"curies":[{"name":"wp","href":"https:\/\/api.w.org\/{rel}","templated":true}]}}