{"id":14688,"date":"2024-11-28T19:45:43","date_gmt":"2024-11-28T16:45:43","guid":{"rendered":"https:\/\/www.makitamarket.com.tr\/site\/urun\/bessey-iskence\/"},"modified":"2026-03-30T08:58:26","modified_gmt":"2026-03-30T05:58:26","slug":"bessey-iskence","status":"publish","type":"product","link":"https:\/\/www.makitamarket.com.tr\/site\/urun\/bessey-iskence\/","title":{"rendered":"Bessey GK30 \u0130\u015eKENCE"},"content":{"rendered":"<div>\n\t<strong>E\u015fsiz kompakt tasar\u0131m<br \/>\n\t<\/strong><\/div>\n<div>\n\t\u2022 GearKlamp olduk\u00e7a esnektir ve en dar alanlarda dahi kullan\u0131labilir.<\/div>\n<div>\n\t\u2022 Tescilli mekanizmas\u0131 sayesinde kol ayr\u0131labilir ve ray\u0131n etraf\u0131na sabitlenebilir.<\/div>\n<div>\n\t\u2022 \u00dcst taraftaki \u00e7arpaz v-oluklar sayesinde yuvarlak, sivri ve k\u00f6\u015feli bile\u015fenleri g\u00fcvenle tutar.<\/div>\n<div>\n\t<strong>\u00a0G\u00fc\u00e7l\u00fc teknoloji<br \/>\n\t<\/strong><\/div>\n<div>\n\t\u2022 Geli\u015fimin ana noktas\u0131 Bessey kalite vaadini kar\u015f\u0131lamakt\u0131r. Bu nedenle transmisyon mengene dayan\u0131kl\u0131l\u0131k a\u00e7\u0131s\u0131ndan iyi bir se\u00e7imdir.<\/div>\n<div>\n\t\u2022 \u00dcstte ve altta fiberglas takviyeli polyamid gibi y\u00fcksek kaliteli malzemelerin kullan\u0131m\u0131 ve profilli raylar i\u00e7in sertle\u015ftirilmi\u015f, temperlenmi\u015f ve perdahlanm\u0131\u015f \u00e7elik.<\/div>\n<div>\n\t\u2022 S\u00fcrg\u00fcl\u00fc \u00e7ubu\u011fun plastik muhafazas\u0131 sayesinde tahrik mekanizmas\u0131 tozdan ve par\u00e7alanmadan korunur.<\/div>\n<div>\n\t\u2022 \u00dcst taraftaki \u00e7arpaz v-oluklar sayesinde yuvarlak, sivri ve k\u00f6\u015feli bile\u015fenleri g\u00fcvenle tutar.<\/div>\n<div>\n\tRay\u0131n etraf\u0131na yerle\u015ftirilmi\u015f y\u00fcksek kaliteli iki bile\u015fenli plastik sap sayesinde mengene dar alanlarda kullan\u0131labilir.<\/div>\n<div>\n\t\u2022 2.000 N\u2019ye kadar s\u0131kma kuvveti<\/div>\n<div>\n\t\u2022 D\u00f6ner bas\u0131n\u00e7 plakal\u0131 kolay hareketli trapez di\u015fli mil<\/div>\n<div>\n\t\u2022 \u00c7abuk a\u00e7\u0131lan buton sayesinde h\u0131zl\u0131 ayarlanabilir s\u00fcrg\u00fc \u00e7ubu\u011fu.<\/div>\n<div>\n\t\u2022 As\u0131labilir kutuda<\/div>\n<table>\n<tr>\n<td>Uzunluk<\/td>\n<td>300<\/td>\n<\/tr>\n<tr>\n<td>Derinlik<\/td>\n<td>60<\/td>\n<\/tr>\n<tr>\n<td>Ray Kal\u0131nl\u0131\u011f\u0131<\/td>\n<td>19&#215;6<\/td>\n<\/tr>\n<tr>\n<td>A\u011f\u0131rl\u0131k<\/td>\n<td>0.62<\/td>\n<\/tr>\n<\/table>\n","protected":false},"excerpt":{"rendered":"<div>\n\t<strong>E\u015fsiz kompakt tasar\u0131m<br \/>\n\t<\/strong><\/div>\n<div>\n\t\u2022 GearKlamp olduk\u00e7a esnektir ve en dar alanlarda dahi kullan\u0131labilir.<\/div>\n<div>\n\t\u2022 Tescilli mekanizmas\u0131 sayesinde kol ayr\u0131labilir ve ray\u0131n etraf\u0131na sabitlenebilir.<\/div>\n<div>\n\t\u2022 \u00dcst taraftaki \u00e7arpaz v-oluklar sayesinde yuvarlak, sivri ve k\u00f6\u015feli bile\u015fenleri g\u00fcvenle tutar.<\/div>\n<div>\n\t<strong>\u00a0G\u00fc\u00e7l\u00fc teknoloji<br \/>\n\t<\/strong><\/div>\n<div>\n\t\u2022 Geli\u015fimin ana noktas\u0131 Bessey kalite vaadini kar\u015f\u0131lamakt\u0131r. Bu nedenle transmisyon mengene dayan\u0131kl\u0131l\u0131k a\u00e7\u0131s\u0131ndan iyi bir se\u00e7imdir.<\/div>\n<div>\n\t\u2022 \u00dcstte ve altta fiberglas takviyeli polyamid gibi y\u00fcksek kaliteli malzemelerin kullan\u0131m\u0131 ve profilli raylar i\u00e7in sertle\u015ftirilmi\u015f, temperlenmi\u015f ve perdahlanm\u0131\u015f \u00e7elik.<\/div>\n<div>\n\t\u2022 S\u00fcrg\u00fcl\u00fc \u00e7ubu\u011fun plastik muhafazas\u0131 sayesinde tahrik mekanizmas\u0131 tozdan ve par\u00e7alanmadan korunur.<\/div>\n<div>\n\t\u2022 \u00dcst taraftaki \u00e7arpaz v-oluklar sayesinde yuvarlak, sivri ve k\u00f6\u015feli bile\u015fenleri g\u00fcvenle tutar.<\/div>\n<div>\n\tRay\u0131n etraf\u0131na yerle\u015ftirilmi\u015f y\u00fcksek kaliteli iki bile\u015fenli plastik sap sayesinde mengene dar alanlarda kullan\u0131labilir.<\/div>\n<div>\n\t\u2022 2.000 N\u2019ye kadar s\u0131kma kuvveti<\/div>\n<div>\n\t\u2022 D\u00f6ner bas\u0131n\u00e7 plakal\u0131 kolay hareketli trapez di\u015fli mil<\/div>\n<div>\n\t\u2022 \u00c7abuk a\u00e7\u0131lan buton sayesinde h\u0131zl\u0131 ayarlanabilir s\u00fcrg\u00fc \u00e7ubu\u011fu.<\/div>\n<div>\n\t\u2022 As\u0131labilir kutuda<\/div>\n","protected":false},"featured_media":14687,"comment_status":"open","ping_status":"closed","template":"","meta":{"_acf_changed":false},"product_brand":[1534],"product_cat":[1293],"product_tag":[],"class_list":{"0":"post-14688","1":"product","2":"type-product","3":"status-publish","4":"has-post-thumbnail","6":"product_brand-bessey","7":"product_cat-marangoz-iskenceler","9":"first","10":"instock","11":"taxable","12":"shipping-taxable","13":"purchasable","14":"product-type-simple","15":"add-to-wishlist-after_add_to_cart"},"acf":[],"_links":{"self":[{"href":"https:\/\/www.makitamarket.com.tr\/site\/wp-json\/wp\/v2\/product\/14688","targetHints":{"allow":["GET"]}}],"collection":[{"href":"https:\/\/www.makitamarket.com.tr\/site\/wp-json\/wp\/v2\/product"}],"about":[{"href":"https:\/\/www.makitamarket.com.tr\/site\/wp-json\/wp\/v2\/types\/product"}],"replies":[{"embeddable":true,"href":"https:\/\/www.makitamarket.com.tr\/site\/wp-json\/wp\/v2\/comments?post=14688"}],"wp:featuredmedia":[{"embeddable":true,"href":"https:\/\/www.makitamarket.com.tr\/site\/wp-json\/wp\/v2\/media\/14687"}],"wp:attachment":[{"href":"https:\/\/www.makitamarket.com.tr\/site\/wp-json\/wp\/v2\/media?parent=14688"}],"wp:term":[{"taxonomy":"product_brand","embeddable":true,"href":"https:\/\/www.makitamarket.com.tr\/site\/wp-json\/wp\/v2\/product_brand?post=14688"},{"taxonomy":"product_cat","embeddable":true,"href":"https:\/\/www.makitamarket.com.tr\/site\/wp-json\/wp\/v2\/product_cat?post=14688"},{"taxonomy":"product_tag","embeddable":true,"href":"https:\/\/www.makitamarket.com.tr\/site\/wp-json\/wp\/v2\/product_tag?post=14688"}],"curies":[{"name":"wp","href":"https:\/\/api.w.org\/{rel}","templated":true}]}}