{"id":14707,"date":"2024-11-28T19:45:48","date_gmt":"2024-11-28T16:45:48","guid":{"rendered":"https:\/\/www.makitamarket.com.tr\/site\/urun\/knipex-universal-kablo-siyirma-aleti-130-mm\/"},"modified":"2026-03-30T08:58:31","modified_gmt":"2026-03-30T05:58:31","slug":"knipex-universal-kablo-siyirma-aleti-130-mm","status":"publish","type":"product","link":"https:\/\/www.makitamarket.com.tr\/site\/urun\/knipex-universal-kablo-siyirma-aleti-130-mm\/","title":{"rendered":"Knipex 1690130SB UNIVERSAL KABLO SIYIRMA ALET\u0130 130 mm"},"content":{"rendered":"<p><b>16 90 130 SB Bina ve sanayi kablolar\u0131n\u0131 s\u0131y\u0131rmaya yarayan \u00fcniversal pense<\/b><br \/>A\u00e7ma yay\u0131 ve blokaj mandal\u0131 ile. Piyasada kullan\u0131lan ve \u00e7aplar\u0131 8,0 &#8211; 13,0 mm aras\u0131nda olan (\u00f6rne\u011fin 3 x 1,5 mm\u00b2 &#8211; 5 x 2,5 mm\u00b2 aras\u0131nda NYM kablolar) t\u00fcm yuvarlak ve \u0131slak mekan kablolar\u0131n\u0131n d\u0131\u015f k\u0131l\u0131f\u0131n\u0131 soymak ve izolasyonunu s\u0131y\u0131rmak i\u00e7in. Kablo borusu ve da\u011f\u0131t\u0131c\u0131 buatlarda da kullan\u0131labilir. G\u00f6vde: cam elyaf takviyeli plastik. Dar ve zor eri\u015filebilir \u00e7al\u0131\u015fma yerlerinde yap\u0131lan \u00e7al\u0131\u015fmalar i\u00e7in. \u00d6zellikle b\u00fcy\u00fck kablo kesitleri ve zor i\u015flenebilir izolasyon malzemeleri i\u00e7in uygundur. Kesici b\u0131\u00e7a\u011f\u0131n kesme derinli\u011fine g\u00f6re ayarlanmas\u0131 gerekmez. 1,5 ve 2,5 mm\u00b2 kesitli iletkenler i\u00e7in izolasyon s\u0131y\u0131rma tertibat\u0131. De\u011fi\u015ftirilebilir uzunluk dayana\u011f\u0131 (sa\u011f ve sol el ile \u00e7al\u0131\u015fanlar i\u00e7in idealdir). Sap ucundaki sabitleme tertibat\u0131 (d\u00fc\u015fme emniyeti). <\/p>\n<li><b>Kablo s\u0131y\u0131rma de\u011feri milimetrekare: <\/b>1,5 \/ 2,5 mm\u00b2<\/li>\n<li><b>Kablo s\u0131y\u0131rma de\u011ferleri (\u00e7ap): <\/b>\u00d8 8 \u2013 13 mm<\/li>\n<li><b>Kablo tipi: <\/b>Yuvarlak kablo, \u00f6rne\u011fin: 3 x 1,5 mm\u00b2 &#8211; 5 x 2,5 mm\u00b2 aras\u0131<\/li>\n<table>\n<tr>\n<td>Uzunluk<\/td>\n<td>130<\/td>\n<\/tr>\n<tr>\n<td>S\u0131y\u0131rma Kapasitesi<\/td>\n<td>8-13 mm<\/td>\n<\/tr>\n<tr>\n<td>A\u011f\u0131rl\u0131k<\/td>\n<td>47 gr<\/td>\n<\/tr>\n<\/table>\n","protected":false},"excerpt":{"rendered":"<p><b>16 90 130 SB Bina ve sanayi kablolar\u0131n\u0131 s\u0131y\u0131rmaya yarayan \u00fcniversal pense<\/b><br \/>A\u00e7ma yay\u0131 ve blokaj mandal\u0131 ile. Piyasada kullan\u0131lan ve \u00e7aplar\u0131 8,0 &#8211; 13,0 mm aras\u0131nda olan (\u00f6rne\u011fin 3 x 1,5 mm\u00b2 &#8211; 5 x 2,5 mm\u00b2 aras\u0131nda NYM kablolar) t\u00fcm yuvarlak ve \u0131slak mekan kablolar\u0131n\u0131n d\u0131\u015f k\u0131l\u0131f\u0131n\u0131 soymak ve izolasyonunu s\u0131y\u0131rmak i\u00e7in. Kablo borusu ve da\u011f\u0131t\u0131c\u0131 buatlarda da kullan\u0131labilir. G\u00f6vde: cam elyaf takviyeli plastik. Dar ve zor eri\u015filebilir \u00e7al\u0131\u015fma yerlerinde yap\u0131lan \u00e7al\u0131\u015fmalar i\u00e7in. \u00d6zellikle b\u00fcy\u00fck kablo kesitleri ve zor i\u015flenebilir izolasyon malzemeleri i\u00e7in uygundur. Kesici b\u0131\u00e7a\u011f\u0131n kesme derinli\u011fine g\u00f6re ayarlanmas\u0131 gerekmez. 1,5 ve 2,5 mm\u00b2 kesitli iletkenler i\u00e7in izolasyon s\u0131y\u0131rma tertibat\u0131. De\u011fi\u015ftirilebilir uzunluk dayana\u011f\u0131 (sa\u011f ve sol el ile \u00e7al\u0131\u015fanlar i\u00e7in idealdir). Sap ucundaki sabitleme tertibat\u0131 (d\u00fc\u015fme emniyeti). <\/p>\n<li><b>Kablo s\u0131y\u0131rma de\u011feri milimetrekare: <\/b>1,5 \/ 2,5 mm\u00b2<\/li>\n<li><b>Kablo s\u0131y\u0131rma de\u011ferleri (\u00e7ap): <\/b>\u00d8 8 \u2013 13 mm<\/li>\n<li><b>Kablo tipi: <\/b>Yuvarlak kablo, \u00f6rne\u011fin: 3 x 1,5 mm\u00b2 &#8211; 5 x 2,5 mm\u00b2 aras\u0131<\/li>\n","protected":false},"featured_media":14706,"comment_status":"open","ping_status":"closed","template":"","meta":{"_acf_changed":false},"product_brand":[1486],"product_cat":[991],"product_tag":[],"class_list":{"0":"post-14707","1":"product","2":"type-product","3":"status-publish","4":"has-post-thumbnail","6":"product_brand-knipex","7":"product_cat-kablo-siyirmalar","9":"first","10":"instock","11":"taxable","12":"shipping-taxable","13":"purchasable","14":"product-type-simple","15":"add-to-wishlist-after_add_to_cart"},"acf":[],"_links":{"self":[{"href":"https:\/\/www.makitamarket.com.tr\/site\/wp-json\/wp\/v2\/product\/14707","targetHints":{"allow":["GET"]}}],"collection":[{"href":"https:\/\/www.makitamarket.com.tr\/site\/wp-json\/wp\/v2\/product"}],"about":[{"href":"https:\/\/www.makitamarket.com.tr\/site\/wp-json\/wp\/v2\/types\/product"}],"replies":[{"embeddable":true,"href":"https:\/\/www.makitamarket.com.tr\/site\/wp-json\/wp\/v2\/comments?post=14707"}],"wp:featuredmedia":[{"embeddable":true,"href":"https:\/\/www.makitamarket.com.tr\/site\/wp-json\/wp\/v2\/media\/14706"}],"wp:attachment":[{"href":"https:\/\/www.makitamarket.com.tr\/site\/wp-json\/wp\/v2\/media?parent=14707"}],"wp:term":[{"taxonomy":"product_brand","embeddable":true,"href":"https:\/\/www.makitamarket.com.tr\/site\/wp-json\/wp\/v2\/product_brand?post=14707"},{"taxonomy":"product_cat","embeddable":true,"href":"https:\/\/www.makitamarket.com.tr\/site\/wp-json\/wp\/v2\/product_cat?post=14707"},{"taxonomy":"product_tag","embeddable":true,"href":"https:\/\/www.makitamarket.com.tr\/site\/wp-json\/wp\/v2\/product_tag?post=14707"}],"curies":[{"name":"wp","href":"https:\/\/api.w.org\/{rel}","templated":true}]}}