{"id":14716,"date":"2024-11-28T19:45:51","date_gmt":"2024-11-28T16:45:51","guid":{"rendered":"https:\/\/www.makitamarket.com.tr\/site\/urun\/bmi-bmi-dokum-689080-su-terazisi-80cm\/"},"modified":"2026-04-06T15:06:05","modified_gmt":"2026-04-06T12:06:05","slug":"bmi-bmi-dokum-689080-su-terazisi-80cm","status":"publish","type":"product","link":"https:\/\/www.makitamarket.com.tr\/site\/urun\/bmi-bmi-dokum-689080-su-terazisi-80cm\/","title":{"rendered":"Bmi 689080 BMI D\u00d6K\u00dcM 689080 SU TERAZ\u0130S\u0130 80cm"},"content":{"rendered":"<p>\n\tHer iki y\u00fczeyi frezelenmi\u015f. A\u011f\u0131r hizmete uygun d\u00f6k\u00fcm al\u00fcminyum terazi. \u00d6l\u00e7\u00fcm hassasiyeti normal konumda 1.0mm\/m<\/p>\n<table>\n<tr>\n<td>Uzunluk<\/td>\n<td>80cm<\/td>\n<\/tr>\n<\/table>\n","protected":false},"excerpt":{"rendered":"<p>\n\tHer iki y\u00fczeyi frezelenmi\u015f. A\u011f\u0131r hizmete uygun d\u00f6k\u00fcm al\u00fcminyum terazi. \u00d6l\u00e7\u00fcm hassasiyeti normal konumda 1.0mm\/m<\/p>\n","protected":false},"featured_media":14715,"comment_status":"open","ping_status":"closed","template":"","meta":{"_acf_changed":false},"product_brand":[1522],"product_cat":[974],"product_tag":[],"class_list":{"0":"post-14716","1":"product","2":"type-product","3":"status-publish","4":"has-post-thumbnail","6":"product_brand-bmi","7":"product_cat-su-terazileri","9":"first","10":"outofstock","11":"taxable","12":"shipping-taxable","13":"purchasable","14":"product-type-simple","15":"add-to-wishlist-after_add_to_cart"},"acf":[],"_links":{"self":[{"href":"https:\/\/www.makitamarket.com.tr\/site\/wp-json\/wp\/v2\/product\/14716","targetHints":{"allow":["GET"]}}],"collection":[{"href":"https:\/\/www.makitamarket.com.tr\/site\/wp-json\/wp\/v2\/product"}],"about":[{"href":"https:\/\/www.makitamarket.com.tr\/site\/wp-json\/wp\/v2\/types\/product"}],"replies":[{"embeddable":true,"href":"https:\/\/www.makitamarket.com.tr\/site\/wp-json\/wp\/v2\/comments?post=14716"}],"wp:featuredmedia":[{"embeddable":true,"href":"https:\/\/www.makitamarket.com.tr\/site\/wp-json\/wp\/v2\/media\/14715"}],"wp:attachment":[{"href":"https:\/\/www.makitamarket.com.tr\/site\/wp-json\/wp\/v2\/media?parent=14716"}],"wp:term":[{"taxonomy":"product_brand","embeddable":true,"href":"https:\/\/www.makitamarket.com.tr\/site\/wp-json\/wp\/v2\/product_brand?post=14716"},{"taxonomy":"product_cat","embeddable":true,"href":"https:\/\/www.makitamarket.com.tr\/site\/wp-json\/wp\/v2\/product_cat?post=14716"},{"taxonomy":"product_tag","embeddable":true,"href":"https:\/\/www.makitamarket.com.tr\/site\/wp-json\/wp\/v2\/product_tag?post=14716"}],"curies":[{"name":"wp","href":"https:\/\/api.w.org\/{rel}","templated":true}]}}