{"id":14719,"date":"2024-11-28T19:45:51","date_gmt":"2024-11-28T16:45:51","guid":{"rendered":"https:\/\/www.makitamarket.com.tr\/site\/urun\/uni-t-ac-voltaj-dedektoru\/"},"modified":"2026-04-06T15:06:06","modified_gmt":"2026-04-06T12:06:06","slug":"uni-t-ac-voltaj-dedektoru","status":"publish","type":"product","link":"https:\/\/www.makitamarket.com.tr\/site\/urun\/uni-t-ac-voltaj-dedektoru\/","title":{"rendered":"Uni-t UT15C AC VOLTAJ DEDEKT\u00d6R\u00dc"},"content":{"rendered":"<table border=\"1\" cellpadding=\"1\" cellspacing=\"1\" height=\"150\" width=\"382\">\n<tbody>\n<tr>\n<td rowspan=\"7\">\n<h4 style=\"text-align: center;\">\n\t\t\t\t\t<span style=\"font-size:12px;\"><span style=\"font-family:tahoma,geneva,sans-serif;\"><strong>LED AC\/DC Voltaj<\/strong><\/span><\/span><\/h4>\n<h4 style=\"text-align: center;\">\n\t\t\t\t\t<span style=\"font-size:12px;\"><span style=\"font-family:tahoma,geneva,sans-serif;\"><strong>\u00a0 g\u00f6sterimi\u00a0 (V)<\/strong><\/span><\/span><\/h4>\n<\/td>\n<td>\n\t\t\t\t<span style=\"font-family:tahoma,geneva,sans-serif;\">12V\u00a0\u00a0\u00a0\u00a0\u00a0\u00a0\u00a0\u00a0 \u00a0\u00a0 0~10V<\/span><\/td>\n<\/tr>\n<tr>\n<td>\n\t\t\t\t<span style=\"font-family:tahoma,geneva,sans-serif;\">24V\u00a0\u00a0\u00a0\u00a0\u00a0\u00a0\u00a0\u00a0\u00a0 17V\u00b12V<\/span><\/td>\n<\/tr>\n<tr>\n<td>\n\t\t\t\t<span style=\"font-family:tahoma,geneva,sans-serif;\">50V\u00a0\u00a0\u00a0\u00a0\u00a0\u00a0\u00a0\u00a0\u00a0 35V\u00b15V<\/span><\/td>\n<\/tr>\n<tr>\n<td>\n\t\t\t\t<span style=\"font-family:tahoma,geneva,sans-serif;\">120V\u00a0\u00a0\u00a0\u00a0\u00a0\u00a0\u00a0 80V\u00b115V<\/span><\/td>\n<\/tr>\n<tr>\n<td>\n\t\t\t\t<span style=\"font-family:tahoma,geneva,sans-serif;\">230V\u00a0\u00a0\u00a0\u00a0\u00a0\u00a0\u00a0 165V\u00b120V<\/span><\/td>\n<\/tr>\n<tr>\n<td>\n\t\t\t\t<span style=\"font-family:tahoma,geneva,sans-serif;\">400V\u00a0\u00a0\u00a0\u00a0\u00a0\u00a0\u00a0 300V\u00b130V<\/span><\/td>\n<\/tr>\n<tr>\n<td>\n\t\t\t\t<span style=\"font-family:tahoma,geneva,sans-serif;\">690V\u00a0\u00a0\u00a0\u00a0\u00a0\u00a0\u00a0 510V\u00b140V<\/span><\/td>\n<\/tr>\n<\/tbody>\n<\/table>\n<table>\n<tr>\n<td>Faz rotasyon testi<\/td>\n<td>\u00c7al\u0131\u015fma voltaj\u0131: 0V~690V   Frekans~50Hz~ 60Hz     \u221a<\/td>\n<\/tr>\n<tr>\n<td>Tek kablo (L2) Voltaj belirleme<\/td>\n<td>\u00c7al\u0131\u015fma voltaj\u0131~100V~690V  Frekans: 50Hz~ 400Hz   \u221a<\/td>\n<\/tr>\n<tr>\n<td>S\u00fcreklilik Testi<\/td>\n<td>Diren\u00e7: 0~400K\u2126  Sesli ve LCD uyar\u0131s\u0131 \u221a<\/td>\n<\/tr>\n<tr>\n<td>Polarite testi<\/td>\n<td>Positif &#038; Negatif \u221a<\/td>\n<\/tr>\n<tr>\n<td>Su ge\u00e7irmezlik (IP65)<\/td>\n<td>\u221a<\/td>\n<\/tr>\n<tr>\n<td>Otomatik Menzil<\/td>\n<td>\u221a<\/td>\n<\/tr>\n<tr>\n<td>LCD AC\/DC Voltaj G\u00f6stergesi<\/td>\n<td>24V~ 690V \u00b1(3%+8)<\/td>\n<\/tr>\n<tr>\n<td>Batarya<\/td>\n<td>1.5 V Bataryalar (R03) X 2<\/td>\n<\/tr>\n<tr>\n<td>A\u011f\u0131rl\u0131k<\/td>\n<td>210 g<\/td>\n<\/tr>\n<\/table>\n","protected":false},"excerpt":{"rendered":"<table border=\"1\" cellpadding=\"1\" cellspacing=\"1\" height=\"150\" width=\"382\">\n<tbody>\n<tr>\n<td rowspan=\"7\">\n<h4 style=\"text-align: center;\">\n\t\t\t\t\t<span style=\"font-size:12px;\"><span style=\"font-family:tahoma,geneva,sans-serif;\"><strong>LED AC\/DC Voltaj<\/strong><\/span><\/span><\/h4>\n<h4 style=\"text-align: center;\">\n\t\t\t\t\t<span style=\"font-size:12px;\"><span style=\"font-family:tahoma,geneva,sans-serif;\"><strong>\u00a0 g\u00f6sterimi\u00a0 (V)<\/strong><\/span><\/span><\/h4>\n<\/td>\n<td>\n\t\t\t\t<span style=\"font-family:tahoma,geneva,sans-serif;\">12V\u00a0\u00a0\u00a0\u00a0\u00a0\u00a0\u00a0\u00a0 \u00a0\u00a0 0~10V<\/span><\/td>\n<\/tr>\n<tr>\n<td>\n\t\t\t\t<span style=\"font-family:tahoma,geneva,sans-serif;\">24V\u00a0\u00a0\u00a0\u00a0\u00a0\u00a0\u00a0\u00a0\u00a0 17V\u00b12V<\/span><\/td>\n<\/tr>\n<tr>\n<td>\n\t\t\t\t<span style=\"font-family:tahoma,geneva,sans-serif;\">50V\u00a0\u00a0\u00a0\u00a0\u00a0\u00a0\u00a0\u00a0\u00a0 35V\u00b15V<\/span><\/td>\n<\/tr>\n<tr>\n<td>\n\t\t\t\t<span style=\"font-family:tahoma,geneva,sans-serif;\">120V\u00a0\u00a0\u00a0\u00a0\u00a0\u00a0\u00a0 80V\u00b115V<\/span><\/td>\n<\/tr>\n<tr>\n<td>\n\t\t\t\t<span style=\"font-family:tahoma,geneva,sans-serif;\">230V\u00a0\u00a0\u00a0\u00a0\u00a0\u00a0\u00a0 165V\u00b120V<\/span><\/td>\n<\/tr>\n<tr>\n<td>\n\t\t\t\t<span style=\"font-family:tahoma,geneva,sans-serif;\">400V\u00a0\u00a0\u00a0\u00a0\u00a0\u00a0\u00a0 300V\u00b130V<\/span><\/td>\n<\/tr>\n<tr>\n<td>\n\t\t\t\t<span style=\"font-family:tahoma,geneva,sans-serif;\">690V\u00a0\u00a0\u00a0\u00a0\u00a0\u00a0\u00a0 510V\u00b140V<\/span><\/td>\n<\/tr>\n<\/tbody>\n<\/table>\n","protected":false},"featured_media":14718,"comment_status":"open","ping_status":"closed","template":"","meta":{"_acf_changed":false},"product_brand":[1531],"product_cat":[1309],"product_tag":[],"class_list":{"0":"post-14719","1":"product","2":"type-product","3":"status-publish","4":"has-post-thumbnail","6":"product_brand-uni-t","7":"product_cat-voltaj-test-kalemleri","9":"first","10":"instock","11":"taxable","12":"shipping-taxable","13":"purchasable","14":"product-type-simple","15":"add-to-wishlist-after_add_to_cart"},"acf":[],"_links":{"self":[{"href":"https:\/\/www.makitamarket.com.tr\/site\/wp-json\/wp\/v2\/product\/14719","targetHints":{"allow":["GET"]}}],"collection":[{"href":"https:\/\/www.makitamarket.com.tr\/site\/wp-json\/wp\/v2\/product"}],"about":[{"href":"https:\/\/www.makitamarket.com.tr\/site\/wp-json\/wp\/v2\/types\/product"}],"replies":[{"embeddable":true,"href":"https:\/\/www.makitamarket.com.tr\/site\/wp-json\/wp\/v2\/comments?post=14719"}],"wp:featuredmedia":[{"embeddable":true,"href":"https:\/\/www.makitamarket.com.tr\/site\/wp-json\/wp\/v2\/media\/14718"}],"wp:attachment":[{"href":"https:\/\/www.makitamarket.com.tr\/site\/wp-json\/wp\/v2\/media?parent=14719"}],"wp:term":[{"taxonomy":"product_brand","embeddable":true,"href":"https:\/\/www.makitamarket.com.tr\/site\/wp-json\/wp\/v2\/product_brand?post=14719"},{"taxonomy":"product_cat","embeddable":true,"href":"https:\/\/www.makitamarket.com.tr\/site\/wp-json\/wp\/v2\/product_cat?post=14719"},{"taxonomy":"product_tag","embeddable":true,"href":"https:\/\/www.makitamarket.com.tr\/site\/wp-json\/wp\/v2\/product_tag?post=14719"}],"curies":[{"name":"wp","href":"https:\/\/api.w.org\/{rel}","templated":true}]}}