{"id":14755,"date":"2024-11-28T19:46:07","date_gmt":"2024-11-28T16:46:07","guid":{"rendered":"https:\/\/www.makitamarket.com.tr\/site\/urun\/makita-d-serisi-sds-plus-uc-4x110-mm\/"},"modified":"2026-03-30T08:59:32","modified_gmt":"2026-03-30T05:59:32","slug":"makita-d-serisi-sds-plus-uc-4x110-mm","status":"publish","type":"product","link":"https:\/\/www.makitamarket.com.tr\/site\/urun\/makita-d-serisi-sds-plus-uc-4x110-mm\/","title":{"rendered":"Makita D-00016 D SER\u0130S\u0130 SDS PLUS U\u00c7 4&#215;110 mm"},"content":{"rendered":"<table>\n<tr>\n<td>\u00c7ap<\/td>\n<td>4 mm<\/td>\n<\/tr>\n<tr>\n<td>\u1d13<\/td>\n<td>110<\/td>\n<\/tr>\n<tr>\n<td>Uzunluk<\/td>\n<td>110 mm<\/td>\n<\/tr>\n<tr>\n<td>\u00c7al\u0131\u015fma Uzunlu\u011fu<\/td>\n<td>42 mm<\/td>\n<\/tr>\n<tr>\n<td>Minimum Sipari\u015f Adedi<\/td>\n<td>25<\/td>\n<\/tr>\n<\/table>\n","protected":false},"excerpt":{"rendered":"<p>\u00c7ap 4 mm \u1d13 110 Uzunluk 110 mm \u00c7al\u0131\u015fma Uzunlu\u011fu 42 mm Minimum Sipari\u015f Adedi 25<\/p>\n","protected":false},"featured_media":14754,"comment_status":"open","ping_status":"closed","template":"","meta":{"_acf_changed":false},"product_brand":[1485],"product_cat":[1149],"product_tag":[],"class_list":{"0":"post-14755","1":"product","2":"type-product","3":"status-publish","4":"has-post-thumbnail","6":"product_brand-makita","7":"product_cat-sds-plus-uclar","9":"first","10":"outofstock","11":"taxable","12":"shipping-taxable","13":"purchasable","14":"product-type-simple","15":"add-to-wishlist-after_add_to_cart"},"acf":[],"_links":{"self":[{"href":"https:\/\/www.makitamarket.com.tr\/site\/wp-json\/wp\/v2\/product\/14755","targetHints":{"allow":["GET"]}}],"collection":[{"href":"https:\/\/www.makitamarket.com.tr\/site\/wp-json\/wp\/v2\/product"}],"about":[{"href":"https:\/\/www.makitamarket.com.tr\/site\/wp-json\/wp\/v2\/types\/product"}],"replies":[{"embeddable":true,"href":"https:\/\/www.makitamarket.com.tr\/site\/wp-json\/wp\/v2\/comments?post=14755"}],"wp:featuredmedia":[{"embeddable":true,"href":"https:\/\/www.makitamarket.com.tr\/site\/wp-json\/wp\/v2\/media\/14754"}],"wp:attachment":[{"href":"https:\/\/www.makitamarket.com.tr\/site\/wp-json\/wp\/v2\/media?parent=14755"}],"wp:term":[{"taxonomy":"product_brand","embeddable":true,"href":"https:\/\/www.makitamarket.com.tr\/site\/wp-json\/wp\/v2\/product_brand?post=14755"},{"taxonomy":"product_cat","embeddable":true,"href":"https:\/\/www.makitamarket.com.tr\/site\/wp-json\/wp\/v2\/product_cat?post=14755"},{"taxonomy":"product_tag","embeddable":true,"href":"https:\/\/www.makitamarket.com.tr\/site\/wp-json\/wp\/v2\/product_tag?post=14755"}],"curies":[{"name":"wp","href":"https:\/\/api.w.org\/{rel}","templated":true}]}}