{"id":14761,"date":"2024-11-28T19:46:09","date_gmt":"2024-11-28T16:46:09","guid":{"rendered":"https:\/\/www.makitamarket.com.tr\/site\/urun\/makita-metal-kesme-tasi-bombeli-180x3-mm\/"},"modified":"2026-03-30T08:59:35","modified_gmt":"2026-03-30T05:59:35","slug":"makita-metal-kesme-tasi-bombeli-180x3-mm","status":"publish","type":"product","link":"https:\/\/www.makitamarket.com.tr\/site\/urun\/makita-metal-kesme-tasi-bombeli-180x3-mm\/","title":{"rendered":"Makita D-18580 METAL KESME TA\u015eI &#8211; BOMBEL\u0130 180&#215;3 mm"},"content":{"rendered":"<table>\n<tr>\n<td>\u00d6l\u00e7\u00fcler<\/td>\n<td>180 x 3 mm<\/td>\n<\/tr>\n<tr>\n<td>Kalite<\/td>\n<td>A30S<\/td>\n<\/tr>\n<tr>\n<td>Malzeme<\/td>\n<td>Metal Kesme<\/td>\n<\/tr>\n<tr>\n<td>Tip<\/td>\n<td>Bombeli<\/td>\n<\/tr>\n<tr>\n<td>Kutu<\/td>\n<td>25<\/td>\n<\/tr>\n<\/table>\n","protected":false},"excerpt":{"rendered":"<p>\u00d6l\u00e7\u00fcler 180 x 3 mm Kalite A30S Malzeme Metal Kesme Tip Bombeli Kutu 25<\/p>\n","protected":false},"featured_media":0,"comment_status":"open","ping_status":"closed","template":"","meta":{"_acf_changed":false},"product_brand":[1485],"product_cat":[1155],"product_tag":[],"class_list":{"0":"post-14761","1":"product","2":"type-product","3":"status-publish","5":"product_brand-makita","6":"product_cat-180mm-kesme-taslari","8":"first","9":"instock","10":"taxable","11":"shipping-taxable","12":"purchasable","13":"product-type-simple","14":"add-to-wishlist-after_add_to_cart"},"acf":[],"_links":{"self":[{"href":"https:\/\/www.makitamarket.com.tr\/site\/wp-json\/wp\/v2\/product\/14761","targetHints":{"allow":["GET"]}}],"collection":[{"href":"https:\/\/www.makitamarket.com.tr\/site\/wp-json\/wp\/v2\/product"}],"about":[{"href":"https:\/\/www.makitamarket.com.tr\/site\/wp-json\/wp\/v2\/types\/product"}],"replies":[{"embeddable":true,"href":"https:\/\/www.makitamarket.com.tr\/site\/wp-json\/wp\/v2\/comments?post=14761"}],"wp:attachment":[{"href":"https:\/\/www.makitamarket.com.tr\/site\/wp-json\/wp\/v2\/media?parent=14761"}],"wp:term":[{"taxonomy":"product_brand","embeddable":true,"href":"https:\/\/www.makitamarket.com.tr\/site\/wp-json\/wp\/v2\/product_brand?post=14761"},{"taxonomy":"product_cat","embeddable":true,"href":"https:\/\/www.makitamarket.com.tr\/site\/wp-json\/wp\/v2\/product_cat?post=14761"},{"taxonomy":"product_tag","embeddable":true,"href":"https:\/\/www.makitamarket.com.tr\/site\/wp-json\/wp\/v2\/product_tag?post=14761"}],"curies":[{"name":"wp","href":"https:\/\/api.w.org\/{rel}","templated":true}]}}