{"id":14788,"date":"2024-11-28T19:46:20","date_gmt":"2024-11-28T16:46:20","guid":{"rendered":"https:\/\/www.makitamarket.com.tr\/site\/urun\/nikon-sapli-kombi-mop-non-woven-zimpara-100-kum\/"},"modified":"2026-03-30T10:03:20","modified_gmt":"2026-03-30T07:03:20","slug":"nikon-sapli-kombi-mop-non-woven-zimpara-100-kum","status":"publish","type":"product","link":"https:\/\/www.makitamarket.com.tr\/site\/urun\/nikon-sapli-kombi-mop-non-woven-zimpara-100-kum\/","title":{"rendered":"Nikon N34209 SAPLI KOMB\u0130 MOP NON WOVEN ZIMPARA 100 KUM"},"content":{"rendered":"<p>\n\tElyaf malzeme aras\u0131na tek s\u0131ra 100 kum z\u0131mpara dahil edilerek imal edilmi\u015ftir. Inox ve Metal malzemelerin polisajlama i\u015finden \u00f6nce malzemenin haz\u0131rlanmas\u0131n\u0131 sa\u011flar. Sert \u00e7al\u0131\u015fma ko\u015fullar\u0131na uygundur.<\/p>\n<table>\n<tr>\n<td>\u00d6l\u00e7\u00fc (\u00dcr\u00fcn \u00c7ap\u0131 x \u00dcr\u00fcn Geni\u015fli\u011fi x Sap \u00c7ap\u0131)<\/td>\n<td>\u00f840 x 20 x \u00f86 mm.<\/td>\n<\/tr>\n<tr>\n<td>Kum<\/td>\n<td>100 Kum<\/td>\n<\/tr>\n<\/table>\n","protected":false},"excerpt":{"rendered":"<p>\n\tElyaf malzeme aras\u0131na tek s\u0131ra 100 kum z\u0131mpara dahil edilerek imal edilmi\u015ftir. Inox ve Metal malzemelerin polisajlama i\u015finden \u00f6nce malzemenin haz\u0131rlanmas\u0131n\u0131 sa\u011flar. Sert \u00e7al\u0131\u015fma ko\u015fullar\u0131na uygundur.<\/p>\n","protected":false},"featured_media":16944,"comment_status":"open","ping_status":"closed","template":"","meta":{"_acf_changed":false},"product_brand":[1518],"product_cat":[1241],"product_tag":[],"class_list":{"0":"post-14788","1":"product","2":"type-product","3":"status-publish","4":"has-post-thumbnail","6":"product_brand-nikon","7":"product_cat-sapli-mop-non-woven-zimparalar","9":"first","10":"instock","11":"taxable","12":"shipping-taxable","13":"purchasable","14":"product-type-simple","15":"add-to-wishlist-after_add_to_cart"},"acf":[],"_links":{"self":[{"href":"https:\/\/www.makitamarket.com.tr\/site\/wp-json\/wp\/v2\/product\/14788","targetHints":{"allow":["GET"]}}],"collection":[{"href":"https:\/\/www.makitamarket.com.tr\/site\/wp-json\/wp\/v2\/product"}],"about":[{"href":"https:\/\/www.makitamarket.com.tr\/site\/wp-json\/wp\/v2\/types\/product"}],"replies":[{"embeddable":true,"href":"https:\/\/www.makitamarket.com.tr\/site\/wp-json\/wp\/v2\/comments?post=14788"}],"wp:featuredmedia":[{"embeddable":true,"href":"https:\/\/www.makitamarket.com.tr\/site\/wp-json\/wp\/v2\/media\/16944"}],"wp:attachment":[{"href":"https:\/\/www.makitamarket.com.tr\/site\/wp-json\/wp\/v2\/media?parent=14788"}],"wp:term":[{"taxonomy":"product_brand","embeddable":true,"href":"https:\/\/www.makitamarket.com.tr\/site\/wp-json\/wp\/v2\/product_brand?post=14788"},{"taxonomy":"product_cat","embeddable":true,"href":"https:\/\/www.makitamarket.com.tr\/site\/wp-json\/wp\/v2\/product_cat?post=14788"},{"taxonomy":"product_tag","embeddable":true,"href":"https:\/\/www.makitamarket.com.tr\/site\/wp-json\/wp\/v2\/product_tag?post=14788"}],"curies":[{"name":"wp","href":"https:\/\/api.w.org\/{rel}","templated":true}]}}