{"id":14804,"date":"2024-11-28T19:46:25","date_gmt":"2024-11-28T16:46:25","guid":{"rendered":"https:\/\/www.makitamarket.com.tr\/site\/urun\/big-red-sise-kriko-12-ton\/"},"modified":"2026-04-06T15:08:08","modified_gmt":"2026-04-06T12:08:08","slug":"big-red-sise-kriko-12-ton","status":"publish","type":"product","link":"https:\/\/www.makitamarket.com.tr\/site\/urun\/big-red-sise-kriko-12-ton\/","title":{"rendered":"Big Red TR91204 \u015e\u0130\u015eE KR\u0130KO 12 TON"},"content":{"rendered":"<table>\n<tr>\n<td>Kald\u0131rma Kapasitesi<\/td>\n<td>12 Ton<\/td>\n<\/tr>\n<tr>\n<td>Ambalaj \u015eekli<\/td>\n<td>Karton kutulu<\/td>\n<\/tr>\n<\/table>\n","protected":false},"excerpt":{"rendered":"<p>Kald\u0131rma Kapasitesi 12 Ton Ambalaj \u015eekli Karton kutulu<\/p>\n","protected":false},"featured_media":14803,"comment_status":"open","ping_status":"closed","template":"","meta":{"_acf_changed":false},"product_brand":[1519],"product_cat":[877],"product_tag":[],"class_list":{"0":"post-14804","1":"product","2":"type-product","3":"status-publish","4":"has-post-thumbnail","6":"product_brand-big-red","7":"product_cat-krikolar","9":"first","10":"outofstock","11":"taxable","12":"shipping-taxable","13":"purchasable","14":"product-type-simple","15":"add-to-wishlist-after_add_to_cart"},"acf":[],"_links":{"self":[{"href":"https:\/\/www.makitamarket.com.tr\/site\/wp-json\/wp\/v2\/product\/14804","targetHints":{"allow":["GET"]}}],"collection":[{"href":"https:\/\/www.makitamarket.com.tr\/site\/wp-json\/wp\/v2\/product"}],"about":[{"href":"https:\/\/www.makitamarket.com.tr\/site\/wp-json\/wp\/v2\/types\/product"}],"replies":[{"embeddable":true,"href":"https:\/\/www.makitamarket.com.tr\/site\/wp-json\/wp\/v2\/comments?post=14804"}],"wp:featuredmedia":[{"embeddable":true,"href":"https:\/\/www.makitamarket.com.tr\/site\/wp-json\/wp\/v2\/media\/14803"}],"wp:attachment":[{"href":"https:\/\/www.makitamarket.com.tr\/site\/wp-json\/wp\/v2\/media?parent=14804"}],"wp:term":[{"taxonomy":"product_brand","embeddable":true,"href":"https:\/\/www.makitamarket.com.tr\/site\/wp-json\/wp\/v2\/product_brand?post=14804"},{"taxonomy":"product_cat","embeddable":true,"href":"https:\/\/www.makitamarket.com.tr\/site\/wp-json\/wp\/v2\/product_cat?post=14804"},{"taxonomy":"product_tag","embeddable":true,"href":"https:\/\/www.makitamarket.com.tr\/site\/wp-json\/wp\/v2\/product_tag?post=14804"}],"curies":[{"name":"wp","href":"https:\/\/api.w.org\/{rel}","templated":true}]}}