{"id":14830,"date":"2024-11-28T19:46:34","date_gmt":"2024-11-28T16:46:34","guid":{"rendered":"https:\/\/www.makitamarket.com.tr\/site\/urun\/bmi-bmi-tik-agaci-661050-su-terazisi-50cm\/"},"modified":"2025-11-16T07:56:27","modified_gmt":"2025-11-16T04:56:27","slug":"bmi-bmi-tik-agaci-661050-su-terazisi-50cm","status":"publish","type":"product","link":"https:\/\/www.makitamarket.com.tr\/site\/urun\/bmi-bmi-tik-agaci-661050-su-terazisi-50cm\/","title":{"rendered":"Bmi TIK AGAC 661 50CM BMI T\u0130K A\u011eACI 661050 SU TERAZ\u0130S\u0130 50cm"},"content":{"rendered":"<div>\n\tT\u00fcm hassas y\u00fczeylerde terazileme i\u00e7in idealdir. Kampala tik a\u011fac\u0131. Normal konumda terazileme hassasiyeti. 1mm\/m<\/div>\n<table>\n<tr>\n<td>Uzunluk<\/td>\n<td>50cm<\/td>\n<\/tr>\n<\/table>\n","protected":false},"excerpt":{"rendered":"<div>\n\tT\u00fcm hassas y\u00fczeylerde terazileme i\u00e7in idealdir. Kampala tik a\u011fac\u0131. Normal konumda terazileme hassasiyeti. 1mm\/m<\/div>\n","protected":false},"featured_media":14829,"comment_status":"open","ping_status":"closed","template":"","meta":{"_acf_changed":false},"product_brand":[1522],"product_cat":[974],"product_tag":[],"class_list":{"0":"post-14830","1":"product","2":"type-product","3":"status-publish","4":"has-post-thumbnail","6":"product_brand-bmi","7":"product_cat-su-terazileri","9":"first","10":"outofstock","11":"taxable","12":"shipping-taxable","13":"purchasable","14":"product-type-simple","15":"add-to-wishlist-after_add_to_cart"},"acf":[],"_links":{"self":[{"href":"https:\/\/www.makitamarket.com.tr\/site\/wp-json\/wp\/v2\/product\/14830","targetHints":{"allow":["GET"]}}],"collection":[{"href":"https:\/\/www.makitamarket.com.tr\/site\/wp-json\/wp\/v2\/product"}],"about":[{"href":"https:\/\/www.makitamarket.com.tr\/site\/wp-json\/wp\/v2\/types\/product"}],"replies":[{"embeddable":true,"href":"https:\/\/www.makitamarket.com.tr\/site\/wp-json\/wp\/v2\/comments?post=14830"}],"wp:featuredmedia":[{"embeddable":true,"href":"https:\/\/www.makitamarket.com.tr\/site\/wp-json\/wp\/v2\/media\/14829"}],"wp:attachment":[{"href":"https:\/\/www.makitamarket.com.tr\/site\/wp-json\/wp\/v2\/media?parent=14830"}],"wp:term":[{"taxonomy":"product_brand","embeddable":true,"href":"https:\/\/www.makitamarket.com.tr\/site\/wp-json\/wp\/v2\/product_brand?post=14830"},{"taxonomy":"product_cat","embeddable":true,"href":"https:\/\/www.makitamarket.com.tr\/site\/wp-json\/wp\/v2\/product_cat?post=14830"},{"taxonomy":"product_tag","embeddable":true,"href":"https:\/\/www.makitamarket.com.tr\/site\/wp-json\/wp\/v2\/product_tag?post=14830"}],"curies":[{"name":"wp","href":"https:\/\/api.w.org\/{rel}","templated":true}]}}