{"id":14873,"date":"2024-11-28T19:46:50","date_gmt":"2024-11-28T16:46:50","guid":{"rendered":"https:\/\/www.makitamarket.com.tr\/site\/urun\/knipex-agir-hizmet-betoncu-kerpeten-300-mm\/"},"modified":"2026-04-06T15:10:02","modified_gmt":"2026-04-06T12:10:02","slug":"knipex-agir-hizmet-betoncu-kerpeten-300-mm","status":"publish","type":"product","link":"https:\/\/www.makitamarket.com.tr\/site\/urun\/knipex-agir-hizmet-betoncu-kerpeten-300-mm\/","title":{"rendered":"Knipex 9911300 A\u011eIR H\u0130ZMET BETONCU KERPETEN 300 mm"},"content":{"rendered":"<p><b>99 11 300 A\u011f\u0131r tip betoncu kerpeteni<\/b><br \/>Ayn\u0131 boydaki s\u0131radan betoncu kerpetenine k\u0131yasla % 25 kuvvet tasarrufu elde edilir. \u00d6zel dar \u015fekli nedeniyle derinde duran demirleri ba\u011flamak i\u00e7in de kullan\u0131l\u0131r. Demir d\u00f6\u015feme \u00e7al\u0131\u015fmalar\u0131nda demirlerin tel ile sabitlenmesi i\u00e7in. Telin tek bir i\u015flemde b\u00fck\u00fclmesi ve kesilmesi. Y\u00fcksek aktarma oranl\u0131 mafsal, b\u00f6ylece kal\u0131n ba\u011flama telleri ile ba\u011flama yap\u0131l\u0131rken dahi yorulmadan \u00e7al\u0131\u015f\u0131labilir. Ba\u011flama teli kesildikten sonra kesme esnas\u0131nda olu\u015fan darbeyi emerek kas ve sinirleri korur. Kesici a\u011f\u0131z k\u0131sm\u0131 g\u00fc\u00e7lendirilmi\u015ftir. Kesici sertli\u011fi yakl. 61 HRC. <\/p>\n<li><b>Schneidwerte harter Draht (Durchmesser): <\/b>\u00d8 2,0 mm<\/li>\n<li><b>Orta sert tel kesme de\u011feri (\u00e7ap): <\/b>\u00d8 3,8 mm<\/li>\n<li><b>Kafa geni\u015fli\u011fi (W3): <\/b>25,0 mm<\/li>\n<li><b>B\u0131\u00e7ak boyu mm: <\/b>25,0 mm<\/li>\n<table>\n<tr>\n<td>Sap<\/td>\n<td>\u0130nce \u0130zole<\/td>\n<\/tr>\n<tr>\n<td>Uzunluk<\/td>\n<td>300<\/td>\n<\/tr>\n<tr>\n<td>Kafa<\/td>\n<td>25.0mm<\/td>\n<\/tr>\n<tr>\n<td>Orta Sert Tel<\/td>\n<td>3.8 \u00f8mm<\/td>\n<\/tr>\n<tr>\n<td>Sert Tel<\/td>\n<td>2.0 \u00f8mm<\/td>\n<\/tr>\n<tr>\n<td>A\u011f\u0131rl\u0131k<\/td>\n<td>537 gr<\/td>\n<\/tr>\n<\/table>\n","protected":false},"excerpt":{"rendered":"<p><b>99 11 300 A\u011f\u0131r tip betoncu kerpeteni<\/b><br \/>Ayn\u0131 boydaki s\u0131radan betoncu kerpetenine k\u0131yasla % 25 kuvvet tasarrufu elde edilir. \u00d6zel dar \u015fekli nedeniyle derinde duran demirleri ba\u011flamak i\u00e7in de kullan\u0131l\u0131r. Demir d\u00f6\u015feme \u00e7al\u0131\u015fmalar\u0131nda demirlerin tel ile sabitlenmesi i\u00e7in. Telin tek bir i\u015flemde b\u00fck\u00fclmesi ve kesilmesi. Y\u00fcksek aktarma oranl\u0131 mafsal, b\u00f6ylece kal\u0131n ba\u011flama telleri ile ba\u011flama yap\u0131l\u0131rken dahi yorulmadan \u00e7al\u0131\u015f\u0131labilir. Ba\u011flama teli kesildikten sonra kesme esnas\u0131nda olu\u015fan darbeyi emerek kas ve sinirleri korur. Kesici a\u011f\u0131z k\u0131sm\u0131 g\u00fc\u00e7lendirilmi\u015ftir. Kesici sertli\u011fi yakl. 61 HRC. <\/p>\n<li><b>Schneidwerte harter Draht (Durchmesser): <\/b>\u00d8 2,0 mm<\/li>\n<li><b>Orta sert tel kesme de\u011feri (\u00e7ap): <\/b>\u00d8 3,8 mm<\/li>\n<li><b>Kafa geni\u015fli\u011fi (W3): <\/b>25,0 mm<\/li>\n<li><b>B\u0131\u00e7ak boyu mm: <\/b>25,0 mm<\/li>\n","protected":false},"featured_media":14872,"comment_status":"open","ping_status":"closed","template":"","meta":{"_acf_changed":false},"product_brand":[1486],"product_cat":[1219],"product_tag":[],"class_list":{"0":"post-14873","1":"product","2":"type-product","3":"status-publish","4":"has-post-thumbnail","6":"product_brand-knipex","7":"product_cat-kerpetenler","9":"first","10":"instock","11":"taxable","12":"shipping-taxable","13":"purchasable","14":"product-type-simple","15":"add-to-wishlist-after_add_to_cart"},"acf":[],"_links":{"self":[{"href":"https:\/\/www.makitamarket.com.tr\/site\/wp-json\/wp\/v2\/product\/14873","targetHints":{"allow":["GET"]}}],"collection":[{"href":"https:\/\/www.makitamarket.com.tr\/site\/wp-json\/wp\/v2\/product"}],"about":[{"href":"https:\/\/www.makitamarket.com.tr\/site\/wp-json\/wp\/v2\/types\/product"}],"replies":[{"embeddable":true,"href":"https:\/\/www.makitamarket.com.tr\/site\/wp-json\/wp\/v2\/comments?post=14873"}],"wp:featuredmedia":[{"embeddable":true,"href":"https:\/\/www.makitamarket.com.tr\/site\/wp-json\/wp\/v2\/media\/14872"}],"wp:attachment":[{"href":"https:\/\/www.makitamarket.com.tr\/site\/wp-json\/wp\/v2\/media?parent=14873"}],"wp:term":[{"taxonomy":"product_brand","embeddable":true,"href":"https:\/\/www.makitamarket.com.tr\/site\/wp-json\/wp\/v2\/product_brand?post=14873"},{"taxonomy":"product_cat","embeddable":true,"href":"https:\/\/www.makitamarket.com.tr\/site\/wp-json\/wp\/v2\/product_cat?post=14873"},{"taxonomy":"product_tag","embeddable":true,"href":"https:\/\/www.makitamarket.com.tr\/site\/wp-json\/wp\/v2\/product_tag?post=14873"}],"curies":[{"name":"wp","href":"https:\/\/api.w.org\/{rel}","templated":true}]}}