{"id":14876,"date":"2024-11-28T19:46:51","date_gmt":"2024-11-28T16:46:51","guid":{"rendered":"https:\/\/www.makitamarket.com.tr\/site\/urun\/clipper-classic-universal-laser-testere-180-mm\/"},"modified":"2026-03-30T09:01:32","modified_gmt":"2026-03-30T06:01:32","slug":"clipper-classic-universal-laser-testere-180-mm","status":"publish","type":"product","link":"https:\/\/www.makitamarket.com.tr\/site\/urun\/clipper-classic-universal-laser-testere-180-mm\/","title":{"rendered":"Clipper 26837 CLASSIC UNIVERSAL &#8211; LASER TESTERE 180 mm"},"content":{"rendered":"<p>\n\tGenel ama\u00e7l\u0131 in\u015faat malzemeleri i\u00e7in\u00a0<\/p>\n<table>\n<tr>\n<td>\u00c7ap<\/td>\n<td>180mm<\/td>\n<\/tr>\n<tr>\n<td>Merkez<\/td>\n<td>22,23 mm<\/td>\n<\/tr>\n<tr>\n<td>Segman (Y\/G-mm)<\/td>\n<td>7\/2,5 mm<\/td>\n<\/tr>\n<tr>\n<td>Performans<\/td>\n<td>3 y\u0131ld\u0131z<\/td>\n<\/tr>\n<\/table>\n","protected":false},"excerpt":{"rendered":"<p>\n\tGenel ama\u00e7l\u0131 in\u015faat malzemeleri i\u00e7in\u00a0<\/p>\n","protected":false},"featured_media":14875,"comment_status":"open","ping_status":"closed","template":"","meta":{"_acf_changed":false},"product_brand":[1497],"product_cat":[1565],"product_tag":[],"class_list":{"0":"post-14876","1":"product","2":"type-product","3":"status-publish","4":"has-post-thumbnail","6":"product_brand-clipper","7":"product_cat-yok-yok","9":"first","10":"instock","11":"taxable","12":"shipping-taxable","13":"purchasable","14":"product-type-simple","15":"add-to-wishlist-after_add_to_cart"},"acf":[],"_links":{"self":[{"href":"https:\/\/www.makitamarket.com.tr\/site\/wp-json\/wp\/v2\/product\/14876","targetHints":{"allow":["GET"]}}],"collection":[{"href":"https:\/\/www.makitamarket.com.tr\/site\/wp-json\/wp\/v2\/product"}],"about":[{"href":"https:\/\/www.makitamarket.com.tr\/site\/wp-json\/wp\/v2\/types\/product"}],"replies":[{"embeddable":true,"href":"https:\/\/www.makitamarket.com.tr\/site\/wp-json\/wp\/v2\/comments?post=14876"}],"wp:featuredmedia":[{"embeddable":true,"href":"https:\/\/www.makitamarket.com.tr\/site\/wp-json\/wp\/v2\/media\/14875"}],"wp:attachment":[{"href":"https:\/\/www.makitamarket.com.tr\/site\/wp-json\/wp\/v2\/media?parent=14876"}],"wp:term":[{"taxonomy":"product_brand","embeddable":true,"href":"https:\/\/www.makitamarket.com.tr\/site\/wp-json\/wp\/v2\/product_brand?post=14876"},{"taxonomy":"product_cat","embeddable":true,"href":"https:\/\/www.makitamarket.com.tr\/site\/wp-json\/wp\/v2\/product_cat?post=14876"},{"taxonomy":"product_tag","embeddable":true,"href":"https:\/\/www.makitamarket.com.tr\/site\/wp-json\/wp\/v2\/product_tag?post=14876"}],"curies":[{"name":"wp","href":"https:\/\/api.w.org\/{rel}","templated":true}]}}