{"id":14898,"date":"2024-11-28T19:46:59","date_gmt":"2024-11-28T16:46:59","guid":{"rendered":"https:\/\/www.makitamarket.com.tr\/site\/urun\/bmi-bmi-euro-star-690040em-alu-miknatisli-su-terazisi-40cm\/"},"modified":"2026-04-06T15:11:05","modified_gmt":"2026-04-06T12:11:05","slug":"bmi-bmi-euro-star-690040em-alu-miknatisli-su-terazisi-40cm","status":"publish","type":"product","link":"https:\/\/www.makitamarket.com.tr\/site\/urun\/bmi-bmi-euro-star-690040em-alu-miknatisli-su-terazisi-40cm\/","title":{"rendered":"Bmi 690040EM BMI EURO STAR 690040EM AL\u00dc. MIKNATISLI SU TERAZ\u0130S\u0130 40cm"},"content":{"rendered":"<div>\n\tYatay g\u00f6z \u00fczerinde %2\u2019lik e\u011fim \u00e7izgileri.<\/div>\n<div>\n\tLazer i\u015faretlemeli terazi g\u00f6zleri \u00f6m\u00fcr boyu 0.5mm\/m hassasiyet sa\u011flar.\u00a0<\/div>\n<table>\n<tr>\n<td>Uzunluk<\/td>\n<td>40cm<\/td>\n<\/tr>\n<\/table>\n","protected":false},"excerpt":{"rendered":"<div>\n\tYatay g\u00f6z \u00fczerinde %2\u2019lik e\u011fim \u00e7izgileri.<\/div>\n<div>\n\tLazer i\u015faretlemeli terazi g\u00f6zleri \u00f6m\u00fcr boyu 0.5mm\/m hassasiyet sa\u011flar.\u00a0<\/div>\n","protected":false},"featured_media":14897,"comment_status":"open","ping_status":"closed","template":"","meta":{"_acf_changed":false},"product_brand":[1522],"product_cat":[974],"product_tag":[],"class_list":{"0":"post-14898","1":"product","2":"type-product","3":"status-publish","4":"has-post-thumbnail","6":"product_brand-bmi","7":"product_cat-su-terazileri","9":"first","10":"instock","11":"taxable","12":"shipping-taxable","13":"purchasable","14":"product-type-simple","15":"add-to-wishlist-after_add_to_cart"},"acf":[],"_links":{"self":[{"href":"https:\/\/www.makitamarket.com.tr\/site\/wp-json\/wp\/v2\/product\/14898","targetHints":{"allow":["GET"]}}],"collection":[{"href":"https:\/\/www.makitamarket.com.tr\/site\/wp-json\/wp\/v2\/product"}],"about":[{"href":"https:\/\/www.makitamarket.com.tr\/site\/wp-json\/wp\/v2\/types\/product"}],"replies":[{"embeddable":true,"href":"https:\/\/www.makitamarket.com.tr\/site\/wp-json\/wp\/v2\/comments?post=14898"}],"wp:featuredmedia":[{"embeddable":true,"href":"https:\/\/www.makitamarket.com.tr\/site\/wp-json\/wp\/v2\/media\/14897"}],"wp:attachment":[{"href":"https:\/\/www.makitamarket.com.tr\/site\/wp-json\/wp\/v2\/media?parent=14898"}],"wp:term":[{"taxonomy":"product_brand","embeddable":true,"href":"https:\/\/www.makitamarket.com.tr\/site\/wp-json\/wp\/v2\/product_brand?post=14898"},{"taxonomy":"product_cat","embeddable":true,"href":"https:\/\/www.makitamarket.com.tr\/site\/wp-json\/wp\/v2\/product_cat?post=14898"},{"taxonomy":"product_tag","embeddable":true,"href":"https:\/\/www.makitamarket.com.tr\/site\/wp-json\/wp\/v2\/product_tag?post=14898"}],"curies":[{"name":"wp","href":"https:\/\/api.w.org\/{rel}","templated":true}]}}