{"id":14938,"date":"2024-11-28T19:47:13","date_gmt":"2024-11-28T16:47:13","guid":{"rendered":"https:\/\/www.makitamarket.com.tr\/site\/urun\/knipex-vde-super-knips-keski\/"},"modified":"2026-04-06T15:12:04","modified_gmt":"2026-04-06T12:12:04","slug":"knipex-vde-super-knips-keski","status":"publish","type":"product","link":"https:\/\/www.makitamarket.com.tr\/site\/urun\/knipex-vde-super-knips-keski\/","title":{"rendered":"Knipex 7806125 VDE S\u00dcPER KNIPS KESK\u0130"},"content":{"rendered":"<p><b>78 06 125 Electronic Super Knips\u00ae VDE<\/b><br \/>Ultra ince kesim i\u015fleri i\u00e7in VDE testli hassas pense, \u00f6r. elektronik ve hassas mekanikte. VDE alet tak\u0131m\u0131n\u0131z\u0131 tamamlay\u0131n. \u00c7apaks\u0131z, ta\u015flanm\u0131\u015f, \u00e7ok keskin b\u0131\u00e7aklar. Kontroll\u00fc mikro kesici eleman\u0131 ile yap\u0131lan kesim i\u015flemi \u00e7ok ince tellerin hassas kesilmesini sa\u011flar ve uzun kullan\u0131m \u00f6mr\u00fcne sahiptir. Hassas \u015fekillendirilmi\u015f u\u00e7lar \u00e7ap\u0131 0,2 mm\u2019den b\u00fcy\u00fck olan biti\u015fik telleri de keser. Paslanmaz \u00e7elik per\u00e7inli mafsal. Hafif tasar\u0131m\u0131yla konforlu \u00e7al\u0131\u015fma. A\u00e7ma yay\u0131 ve kesim \u00e7ap\u0131 sabitleme. Kesici sertli\u011fi yakl. 54 HRC. <\/p>\n<li><b>Orta sert tel kesme de\u011feri (\u00e7ap): <\/b>\u00d8 1,0 mm<\/li>\n<li><b>Yumu\u015fak tel kesme de\u011feri (\u00e7ap): <\/b>\u00d8 0,2 \u2013 1,6 mm<\/li>\n<li><b>\u00c7ene uzunlu\u011fu (B): <\/b>9 mm<\/li>\n<li><b>\u00c7ene kal\u0131nl\u0131\u011f\u0131 (eklem) (D): <\/b>7,5 mm<\/li>\n<li><b>Kafa geni\u015fli\u011fi (A): <\/b>13,5 mm<\/li>\n<li><b>VDE onayl\u0131: <\/b>evet \u00a0<\/li>\n<table>\n<tr>\n<td>Form<\/td>\n<td>T\u0131rt\u0131ks\u0131z b\u0131\u00e7ak, Yayl\u0131<\/td>\n<\/tr>\n<tr>\n<td>Uzunluk<\/td>\n<td>125<\/td>\n<\/tr>\n<tr>\n<td>b<\/td>\n<td>9 mm<\/td>\n<\/tr>\n<tr>\n<td>a<\/td>\n<td>13.5 mm<\/td>\n<\/tr>\n<tr>\n<td>D<\/td>\n<td>7.5 mm<\/td>\n<\/tr>\n<tr>\n<td>Yumu\u015fak Tel<\/td>\n<td>0.2-1.6 \u00f8mm<\/td>\n<\/tr>\n<tr>\n<td>Orta Sert Tel<\/td>\n<td>1.0 \u00f8mm<\/td>\n<\/tr>\n<tr>\n<td>A\u011f\u0131rl\u0131k<\/td>\n<td>55 gr<\/td>\n<\/tr>\n<\/table>\n","protected":false},"excerpt":{"rendered":"<p><b>78 06 125 Electronic Super Knips\u00ae VDE<\/b><br \/>Ultra ince kesim i\u015fleri i\u00e7in VDE testli hassas pense, \u00f6r. elektronik ve hassas mekanikte. VDE alet tak\u0131m\u0131n\u0131z\u0131 tamamlay\u0131n. \u00c7apaks\u0131z, ta\u015flanm\u0131\u015f, \u00e7ok keskin b\u0131\u00e7aklar. Kontroll\u00fc mikro kesici eleman\u0131 ile yap\u0131lan kesim i\u015flemi \u00e7ok ince tellerin hassas kesilmesini sa\u011flar ve uzun kullan\u0131m \u00f6mr\u00fcne sahiptir. Hassas \u015fekillendirilmi\u015f u\u00e7lar \u00e7ap\u0131 0,2 mm\u2019den b\u00fcy\u00fck olan biti\u015fik telleri de keser. Paslanmaz \u00e7elik per\u00e7inli mafsal. Hafif tasar\u0131m\u0131yla konforlu \u00e7al\u0131\u015fma. A\u00e7ma yay\u0131 ve kesim \u00e7ap\u0131 sabitleme. Kesici sertli\u011fi yakl. 54 HRC. <\/p>\n<li><b>Orta sert tel kesme de\u011feri (\u00e7ap): <\/b>\u00d8 1,0 mm<\/li>\n<li><b>Yumu\u015fak tel kesme de\u011feri (\u00e7ap): <\/b>\u00d8 0,2 \u2013 1,6 mm<\/li>\n<li><b>\u00c7ene uzunlu\u011fu (B): <\/b>9 mm<\/li>\n<li><b>\u00c7ene kal\u0131nl\u0131\u011f\u0131 (eklem) (D): <\/b>7,5 mm<\/li>\n<li><b>Kafa geni\u015fli\u011fi (A): <\/b>13,5 mm<\/li>\n<li><b>VDE onayl\u0131: <\/b>evet \u00a0<\/li>\n","protected":false},"featured_media":14937,"comment_status":"open","ping_status":"closed","template":"","meta":{"_acf_changed":false},"product_brand":[1486],"product_cat":[1161],"product_tag":[],"class_list":{"0":"post-14938","1":"product","2":"type-product","3":"status-publish","4":"has-post-thumbnail","6":"product_brand-knipex","7":"product_cat-yan-keskiler","9":"first","10":"outofstock","11":"taxable","12":"shipping-taxable","13":"purchasable","14":"product-type-simple","15":"add-to-wishlist-after_add_to_cart"},"acf":[],"_links":{"self":[{"href":"https:\/\/www.makitamarket.com.tr\/site\/wp-json\/wp\/v2\/product\/14938","targetHints":{"allow":["GET"]}}],"collection":[{"href":"https:\/\/www.makitamarket.com.tr\/site\/wp-json\/wp\/v2\/product"}],"about":[{"href":"https:\/\/www.makitamarket.com.tr\/site\/wp-json\/wp\/v2\/types\/product"}],"replies":[{"embeddable":true,"href":"https:\/\/www.makitamarket.com.tr\/site\/wp-json\/wp\/v2\/comments?post=14938"}],"wp:featuredmedia":[{"embeddable":true,"href":"https:\/\/www.makitamarket.com.tr\/site\/wp-json\/wp\/v2\/media\/14937"}],"wp:attachment":[{"href":"https:\/\/www.makitamarket.com.tr\/site\/wp-json\/wp\/v2\/media?parent=14938"}],"wp:term":[{"taxonomy":"product_brand","embeddable":true,"href":"https:\/\/www.makitamarket.com.tr\/site\/wp-json\/wp\/v2\/product_brand?post=14938"},{"taxonomy":"product_cat","embeddable":true,"href":"https:\/\/www.makitamarket.com.tr\/site\/wp-json\/wp\/v2\/product_cat?post=14938"},{"taxonomy":"product_tag","embeddable":true,"href":"https:\/\/www.makitamarket.com.tr\/site\/wp-json\/wp\/v2\/product_tag?post=14938"}],"curies":[{"name":"wp","href":"https:\/\/api.w.org\/{rel}","templated":true}]}}