{"id":14947,"date":"2024-11-28T19:47:17","date_gmt":"2024-11-28T16:47:17","guid":{"rendered":"https:\/\/www.makitamarket.com.tr\/site\/urun\/makita-segmanli-testere-bicagi-100-mm\/"},"modified":"2026-04-13T21:44:59","modified_gmt":"2026-04-13T18:44:59","slug":"makita-segmanli-testere-bicagi-100-mm","status":"publish","type":"product","link":"https:\/\/www.makitamarket.com.tr\/site\/urun\/makita-segmanli-testere-bicagi-100-mm\/","title":{"rendered":"Makita B-34827 SEGMANLI TESTERE BI\u00c7A\u011eI 100 mm"},"content":{"rendered":"<p>\n\tKaucuk, hal\u0131 ve mu\u015famba kesimi i\u00e7in kullan\u0131l\u0131r.<\/p>\n<table>\n<tr>\n<td>\u00c7ap<\/td>\n<td>100 mm<\/td>\n<\/tr>\n<tr>\n<td>B\u0131\u00e7ak Materyali<\/td>\n<td>Bi-Metal<\/td>\n<\/tr>\n<\/table>\n","protected":false},"excerpt":{"rendered":"<p>\n\tKaucuk, hal\u0131 ve mu\u015famba kesimi i\u00e7in kullan\u0131l\u0131r.<\/p>\n","protected":false},"featured_media":14946,"comment_status":"open","ping_status":"closed","template":"","meta":{"_acf_changed":false},"product_brand":[1485],"product_cat":[1266],"product_tag":[],"class_list":{"0":"post-14947","1":"product","2":"type-product","3":"status-publish","4":"has-post-thumbnail","6":"product_brand-makita","7":"product_cat-segmanli-testere-bicaklari","9":"first","10":"instock","11":"taxable","12":"shipping-taxable","13":"purchasable","14":"product-type-simple","15":"add-to-wishlist-after_add_to_cart"},"acf":[],"_links":{"self":[{"href":"https:\/\/www.makitamarket.com.tr\/site\/wp-json\/wp\/v2\/product\/14947","targetHints":{"allow":["GET"]}}],"collection":[{"href":"https:\/\/www.makitamarket.com.tr\/site\/wp-json\/wp\/v2\/product"}],"about":[{"href":"https:\/\/www.makitamarket.com.tr\/site\/wp-json\/wp\/v2\/types\/product"}],"replies":[{"embeddable":true,"href":"https:\/\/www.makitamarket.com.tr\/site\/wp-json\/wp\/v2\/comments?post=14947"}],"wp:featuredmedia":[{"embeddable":true,"href":"https:\/\/www.makitamarket.com.tr\/site\/wp-json\/wp\/v2\/media\/14946"}],"wp:attachment":[{"href":"https:\/\/www.makitamarket.com.tr\/site\/wp-json\/wp\/v2\/media?parent=14947"}],"wp:term":[{"taxonomy":"product_brand","embeddable":true,"href":"https:\/\/www.makitamarket.com.tr\/site\/wp-json\/wp\/v2\/product_brand?post=14947"},{"taxonomy":"product_cat","embeddable":true,"href":"https:\/\/www.makitamarket.com.tr\/site\/wp-json\/wp\/v2\/product_cat?post=14947"},{"taxonomy":"product_tag","embeddable":true,"href":"https:\/\/www.makitamarket.com.tr\/site\/wp-json\/wp\/v2\/product_tag?post=14947"}],"curies":[{"name":"wp","href":"https:\/\/api.w.org\/{rel}","templated":true}]}}