{"id":14985,"date":"2024-11-28T19:47:31","date_gmt":"2024-11-28T16:47:31","guid":{"rendered":"https:\/\/www.makitamarket.com.tr\/site\/urun\/edn-rsk-cizici-testere-125xx30-44x20mm-24-dis\/"},"modified":"2026-04-06T15:12:56","modified_gmt":"2026-04-06T12:12:56","slug":"edn-rsk-cizici-testere-125xx30-44x20mm-24-dis","status":"publish","type":"product","link":"https:\/\/www.makitamarket.com.tr\/site\/urun\/edn-rsk-cizici-testere-125xx30-44x20mm-24-dis\/","title":{"rendered":"Edn RSK 125 RSK \u00c7\u0130Z\u0130C\u0130 TESTERE 125Xx3,0 &#8211; 4,4x20mm 24 D\u0130\u015e"},"content":{"rendered":"<div>\n\t\u2022 Pozitif di\u015f a\u00e7\u0131s\u0131 \u2022 Ana testereye uyum \u2022 Lazerle genle\u015ftirilmi\u015f<\/div>\n<table>\n<tr>\n<td>\u00c7ap<\/td>\n<td>125<\/td>\n<\/tr>\n<tr>\n<td>G\u00f6bek<\/td>\n<td>20<\/td>\n<\/tr>\n<tr>\n<td>Kal\u0131nl\u0131k<\/td>\n<td>3,0-4,4<\/td>\n<\/tr>\n<tr>\n<td>Di\u015f<\/td>\n<td>24 di\u015f<\/td>\n<\/tr>\n<\/table>\n","protected":false},"excerpt":{"rendered":"<div>\n\t\u2022 Pozitif di\u015f a\u00e7\u0131s\u0131 \u2022 Ana testereye uyum \u2022 Lazerle genle\u015ftirilmi\u015f<\/div>\n","protected":false},"featured_media":14984,"comment_status":"open","ping_status":"closed","template":"","meta":{"_acf_changed":false},"product_brand":[1542],"product_cat":[1050],"product_tag":[],"class_list":{"0":"post-14985","1":"product","2":"type-product","3":"status-publish","4":"has-post-thumbnail","6":"product_brand-edn","7":"product_cat-ahsap-daire-testereler","9":"first","10":"instock","11":"taxable","12":"shipping-taxable","13":"purchasable","14":"product-type-simple","15":"add-to-wishlist-after_add_to_cart"},"acf":[],"_links":{"self":[{"href":"https:\/\/www.makitamarket.com.tr\/site\/wp-json\/wp\/v2\/product\/14985","targetHints":{"allow":["GET"]}}],"collection":[{"href":"https:\/\/www.makitamarket.com.tr\/site\/wp-json\/wp\/v2\/product"}],"about":[{"href":"https:\/\/www.makitamarket.com.tr\/site\/wp-json\/wp\/v2\/types\/product"}],"replies":[{"embeddable":true,"href":"https:\/\/www.makitamarket.com.tr\/site\/wp-json\/wp\/v2\/comments?post=14985"}],"wp:featuredmedia":[{"embeddable":true,"href":"https:\/\/www.makitamarket.com.tr\/site\/wp-json\/wp\/v2\/media\/14984"}],"wp:attachment":[{"href":"https:\/\/www.makitamarket.com.tr\/site\/wp-json\/wp\/v2\/media?parent=14985"}],"wp:term":[{"taxonomy":"product_brand","embeddable":true,"href":"https:\/\/www.makitamarket.com.tr\/site\/wp-json\/wp\/v2\/product_brand?post=14985"},{"taxonomy":"product_cat","embeddable":true,"href":"https:\/\/www.makitamarket.com.tr\/site\/wp-json\/wp\/v2\/product_cat?post=14985"},{"taxonomy":"product_tag","embeddable":true,"href":"https:\/\/www.makitamarket.com.tr\/site\/wp-json\/wp\/v2\/product_tag?post=14985"}],"curies":[{"name":"wp","href":"https:\/\/api.w.org\/{rel}","templated":true}]}}