{"id":15011,"date":"2024-11-28T19:47:38","date_gmt":"2024-11-28T16:47:38","guid":{"rendered":"https:\/\/www.makitamarket.com.tr\/site\/urun\/proxxon-proxxon-28500-micromot-60-freze-matkap\/"},"modified":"2026-03-30T09:04:21","modified_gmt":"2026-03-30T06:04:21","slug":"proxxon-proxxon-28500-micromot-60-freze-matkap","status":"publish","type":"product","link":"https:\/\/www.makitamarket.com.tr\/site\/urun\/proxxon-proxxon-28500-micromot-60-freze-matkap\/","title":{"rendered":"Proxxon 28500 MIKROMAT 50 PROXXON 28500 MICROMOT 60 FREZE MATKAP"},"content":{"rendered":"<div>\n\t<strong>Kullan\u0131m Alanlar\u0131 : <\/strong>Frezeleme, delme, kanal a\u00e7ma, polisaj, kesme, pas kaz\u0131ma, grav\u00fcrleme i\u015flerinde kullan\u0131l\u0131r.<\/div>\n<div>\n\t<strong>Sevkiyat Kapsam\u0131: <\/strong>6 adet \u00e7elik pens ile birlikte sevkedilir. (1-1,5-2-2,4-3-3,2mm)<\/div>\n<div>\n\t\u2022\u00a0<span style=\"color:#f00;\"><strong>Makinaya adapt\u00f6r dahil de\u011fildir.<\/strong><\/span><\/div>\n<div>\n\t<strong>Uyumlu Aksesuarlar:<br \/>\n\t<\/strong><\/div>\n<div>\n\t<strong>PROX28704: <\/strong>Micromot adapt\u00f6r<\/div>\n<div>\n\t<strong>PROX28707: <\/strong>Micromot adapt\u00f6r<\/div>\n<div>\n\t<strong>PROX28706:<\/strong> Micromot adapt\u00f6r<\/div>\n<div>\n\t<strong>PROX28700:<\/strong> Ayak \u015falteri<\/div>\n<table>\n<tr>\n<td>G\u00fc\u00e7<\/td>\n<td>40 Watt<\/td>\n<\/tr>\n<tr>\n<td>Devir<\/td>\n<td>20,000 d\/dak<\/td>\n<\/tr>\n<tr>\n<td>Mandren Kapasitesi<\/td>\n<td>1-3.2 mm anahtars\u0131z<\/td>\n<\/tr>\n<tr>\n<td>Uzunluk<\/td>\n<td>22 cm<\/td>\n<\/tr>\n<tr>\n<td>A\u011f\u0131rl\u0131k<\/td>\n<td>230g<\/td>\n<\/tr>\n<tr>\n<td>\u00c7al\u0131\u015fma gerilimi<\/td>\n<td>12-18V<\/td>\n<\/tr>\n<\/table>\n","protected":false},"excerpt":{"rendered":"<div>\n\t<strong>Kullan\u0131m Alanlar\u0131 : <\/strong>Frezeleme, delme, kanal a\u00e7ma, polisaj, kesme, pas kaz\u0131ma, grav\u00fcrleme i\u015flerinde kullan\u0131l\u0131r.<\/div>\n<div>\n\t<strong>Sevkiyat Kapsam\u0131: <\/strong>6 adet \u00e7elik pens ile birlikte sevkedilir. (1-1,5-2-2,4-3-3,2mm)<\/div>\n<div>\n\t\u2022\u00a0<span style=\"color:#f00;\"><strong>Makinaya adapt\u00f6r dahil de\u011fildir.<\/strong><\/span><\/div>\n<div>\n\t<strong>Uyumlu Aksesuarlar:<br \/>\n\t<\/strong><\/div>\n<div>\n\t<strong>PROX28704: <\/strong>Micromot adapt\u00f6r<\/div>\n<div>\n\t<strong>PROX28707: <\/strong>Micromot adapt\u00f6r<\/div>\n<div>\n\t<strong>PROX28706:<\/strong> Micromot adapt\u00f6r<\/div>\n<div>\n\t<strong>PROX28700:<\/strong> Ayak \u015falteri<\/div>\n","protected":false},"featured_media":15010,"comment_status":"open","ping_status":"closed","template":"","meta":{"_acf_changed":false},"product_brand":[1501],"product_cat":[869],"product_tag":[],"class_list":{"0":"post-15011","1":"product","2":"type-product","3":"status-publish","4":"has-post-thumbnail","6":"product_brand-proxxon","7":"product_cat-matkap-freze-makinalari","9":"first","10":"instock","11":"taxable","12":"shipping-taxable","13":"purchasable","14":"product-type-simple","15":"add-to-wishlist-after_add_to_cart"},"acf":[],"_links":{"self":[{"href":"https:\/\/www.makitamarket.com.tr\/site\/wp-json\/wp\/v2\/product\/15011","targetHints":{"allow":["GET"]}}],"collection":[{"href":"https:\/\/www.makitamarket.com.tr\/site\/wp-json\/wp\/v2\/product"}],"about":[{"href":"https:\/\/www.makitamarket.com.tr\/site\/wp-json\/wp\/v2\/types\/product"}],"replies":[{"embeddable":true,"href":"https:\/\/www.makitamarket.com.tr\/site\/wp-json\/wp\/v2\/comments?post=15011"}],"wp:featuredmedia":[{"embeddable":true,"href":"https:\/\/www.makitamarket.com.tr\/site\/wp-json\/wp\/v2\/media\/15010"}],"wp:attachment":[{"href":"https:\/\/www.makitamarket.com.tr\/site\/wp-json\/wp\/v2\/media?parent=15011"}],"wp:term":[{"taxonomy":"product_brand","embeddable":true,"href":"https:\/\/www.makitamarket.com.tr\/site\/wp-json\/wp\/v2\/product_brand?post=15011"},{"taxonomy":"product_cat","embeddable":true,"href":"https:\/\/www.makitamarket.com.tr\/site\/wp-json\/wp\/v2\/product_cat?post=15011"},{"taxonomy":"product_tag","embeddable":true,"href":"https:\/\/www.makitamarket.com.tr\/site\/wp-json\/wp\/v2\/product_tag?post=15011"}],"curies":[{"name":"wp","href":"https:\/\/api.w.org\/{rel}","templated":true}]}}