{"id":15013,"date":"2024-11-28T19:47:39","date_gmt":"2024-11-28T16:47:39","guid":{"rendered":"https:\/\/www.makitamarket.com.tr\/site\/urun\/proxxon-proxxon-tbh-icin-pens-seti-28200\/"},"modified":"2026-04-13T21:08:00","modified_gmt":"2026-04-13T18:08:00","slug":"proxxon-proxxon-tbh-icin-pens-seti-28200","status":"publish","type":"product","link":"https:\/\/www.makitamarket.com.tr\/site\/urun\/proxxon-proxxon-tbh-icin-pens-seti-28200\/","title":{"rendered":"Proxxon 28200 PROXXON TBH I\u00c7IN PENS SETI 28200"},"content":{"rendered":"<p align=\"left\">\n\t<b><font color=\"#1f1a17\" face=\"MyriadPro-Bold\" size=\"1\"><font color=\"#1f1a17\" face=\"MyriadPro-Bold\" size=\"1\"><font color=\"#1f1a17\" face=\"MyriadPro-Bold\" size=\"1\">28200 TBH i\u00e7in pens tak\u0131m\u0131<\/font><\/font><\/font><\/b><\/p>\n<p align=\"left\">\n\t<b><font color=\"#1f1a17\" face=\"MyriadPro-Bold\" size=\"1\"><font color=\"#1f1a17\" face=\"MyriadPro-Bold\" size=\"1\"><font color=\"#1f1a17\" face=\"MyriadPro-Bold\" size=\"1\">2,35-3,0-3,2-4,0-5,0-6,0mm <\/font><\/font><\/font><\/b><b><font color=\"#1f1a17\" face=\"MyriadPro-Bold\" size=\"1\"><font color=\"#1f1a17\" face=\"MyriadPro-Bold\" size=\"1\"><font color=\"#1f1a17\" face=\"MyriadPro-Bold\" size=\"1\">\u00fc\u00e7 yar\u0131kl\u0131 pens ve M17 <\/font><\/font><\/font><\/b><b><font color=\"#1f1a17\" face=\"MyriadPro-Bold\" size=\"1\"><font color=\"#1f1a17\" face=\"MyriadPro-Bold\" size=\"1\"><font color=\"#1f1a17\" face=\"MyriadPro-Bold\" size=\"1\">s\u0131kma somunu<\/font><\/font><\/font><\/b><\/p>\n<table><\/table>\n","protected":false},"excerpt":{"rendered":"<p align=\"left\">\n\t<b><font color=\"#1f1a17\" face=\"MyriadPro-Bold\" size=\"1\"><font color=\"#1f1a17\" face=\"MyriadPro-Bold\" size=\"1\"><font color=\"#1f1a17\" face=\"MyriadPro-Bold\" size=\"1\">28200 TBH i\u00e7in pens tak\u0131m\u0131<\/font><\/font><\/font><\/b><\/p>\n<p align=\"left\">\n\t<b><font color=\"#1f1a17\" face=\"MyriadPro-Bold\" size=\"1\"><font color=\"#1f1a17\" face=\"MyriadPro-Bold\" size=\"1\"><font color=\"#1f1a17\" face=\"MyriadPro-Bold\" size=\"1\">2,35-3,0-3,2-4,0-5,0-6,0mm <\/font><\/font><\/font><\/b><b><font color=\"#1f1a17\" face=\"MyriadPro-Bold\" size=\"1\"><font color=\"#1f1a17\" face=\"MyriadPro-Bold\" size=\"1\"><font color=\"#1f1a17\" face=\"MyriadPro-Bold\" size=\"1\">\u00fc\u00e7 yar\u0131kl\u0131 pens ve M17 <\/font><\/font><\/font><\/b><b><font color=\"#1f1a17\" face=\"MyriadPro-Bold\" size=\"1\"><font color=\"#1f1a17\" face=\"MyriadPro-Bold\" size=\"1\"><font color=\"#1f1a17\" face=\"MyriadPro-Bold\" size=\"1\">s\u0131kma somunu<\/font><\/font><\/font><\/b><\/p>\n","protected":false},"featured_media":15012,"comment_status":"open","ping_status":"closed","template":"","meta":{"_acf_changed":false},"product_brand":[1501],"product_cat":[926],"product_tag":[],"class_list":{"0":"post-15013","1":"product","2":"type-product","3":"status-publish","4":"has-post-thumbnail","6":"product_brand-proxxon","7":"product_cat-aksesuarlar-mikro-aletleri","9":"first","10":"instock","11":"taxable","12":"shipping-taxable","13":"purchasable","14":"product-type-simple","15":"add-to-wishlist-after_add_to_cart"},"acf":[],"_links":{"self":[{"href":"https:\/\/www.makitamarket.com.tr\/site\/wp-json\/wp\/v2\/product\/15013","targetHints":{"allow":["GET"]}}],"collection":[{"href":"https:\/\/www.makitamarket.com.tr\/site\/wp-json\/wp\/v2\/product"}],"about":[{"href":"https:\/\/www.makitamarket.com.tr\/site\/wp-json\/wp\/v2\/types\/product"}],"replies":[{"embeddable":true,"href":"https:\/\/www.makitamarket.com.tr\/site\/wp-json\/wp\/v2\/comments?post=15013"}],"wp:featuredmedia":[{"embeddable":true,"href":"https:\/\/www.makitamarket.com.tr\/site\/wp-json\/wp\/v2\/media\/15012"}],"wp:attachment":[{"href":"https:\/\/www.makitamarket.com.tr\/site\/wp-json\/wp\/v2\/media?parent=15013"}],"wp:term":[{"taxonomy":"product_brand","embeddable":true,"href":"https:\/\/www.makitamarket.com.tr\/site\/wp-json\/wp\/v2\/product_brand?post=15013"},{"taxonomy":"product_cat","embeddable":true,"href":"https:\/\/www.makitamarket.com.tr\/site\/wp-json\/wp\/v2\/product_cat?post=15013"},{"taxonomy":"product_tag","embeddable":true,"href":"https:\/\/www.makitamarket.com.tr\/site\/wp-json\/wp\/v2\/product_tag?post=15013"}],"curies":[{"name":"wp","href":"https:\/\/api.w.org\/{rel}","templated":true}]}}