{"id":15015,"date":"2024-11-28T19:47:40","date_gmt":"2024-11-28T16:47:40","guid":{"rendered":"https:\/\/www.makitamarket.com.tr\/site\/urun\/proxxon-bgs220-icin-bileme-adaptoru\/"},"modified":"2026-04-06T15:14:08","modified_gmt":"2026-04-06T12:14:08","slug":"proxxon-bgs220-icin-bileme-adaptoru","status":"publish","type":"product","link":"https:\/\/www.makitamarket.com.tr\/site\/urun\/proxxon-bgs220-icin-bileme-adaptoru\/","title":{"rendered":"Proxxon 21232 BGS220 \u0130\u00c7\u0130N B\u0130LEME ADAPT\u00d6R\u00dc"},"content":{"rendered":"<p>\nBSG 220 \u0130\u00c7\u0130N B\u0130LEME ADAPT\u00d6R\u00dc<\/p>\n<table>\n<tr>\n<td>\u00dcr\u00fcn \u0130\u00e7eri\u011fi<\/td>\n<td>1.5 &#8211; 1.6 &#8211; 2.0 &#8211; 2.4 &#8211; 2.5 ve 3.0mm<\/td>\n<\/tr>\n<\/table>\n","protected":false},"excerpt":{"rendered":"<p>\nBSG 220 \u0130\u00c7\u0130N B\u0130LEME ADAPT\u00d6R\u00dc<\/p>\n","protected":false},"featured_media":15014,"comment_status":"open","ping_status":"closed","template":"","meta":{"_acf_changed":false},"product_brand":[1501],"product_cat":[926],"product_tag":[],"class_list":{"0":"post-15015","1":"product","2":"type-product","3":"status-publish","4":"has-post-thumbnail","6":"product_brand-proxxon","7":"product_cat-aksesuarlar-mikro-aletleri","9":"first","10":"instock","11":"taxable","12":"shipping-taxable","13":"purchasable","14":"product-type-simple","15":"add-to-wishlist-after_add_to_cart"},"acf":[],"_links":{"self":[{"href":"https:\/\/www.makitamarket.com.tr\/site\/wp-json\/wp\/v2\/product\/15015","targetHints":{"allow":["GET"]}}],"collection":[{"href":"https:\/\/www.makitamarket.com.tr\/site\/wp-json\/wp\/v2\/product"}],"about":[{"href":"https:\/\/www.makitamarket.com.tr\/site\/wp-json\/wp\/v2\/types\/product"}],"replies":[{"embeddable":true,"href":"https:\/\/www.makitamarket.com.tr\/site\/wp-json\/wp\/v2\/comments?post=15015"}],"wp:featuredmedia":[{"embeddable":true,"href":"https:\/\/www.makitamarket.com.tr\/site\/wp-json\/wp\/v2\/media\/15014"}],"wp:attachment":[{"href":"https:\/\/www.makitamarket.com.tr\/site\/wp-json\/wp\/v2\/media?parent=15015"}],"wp:term":[{"taxonomy":"product_brand","embeddable":true,"href":"https:\/\/www.makitamarket.com.tr\/site\/wp-json\/wp\/v2\/product_brand?post=15015"},{"taxonomy":"product_cat","embeddable":true,"href":"https:\/\/www.makitamarket.com.tr\/site\/wp-json\/wp\/v2\/product_cat?post=15015"},{"taxonomy":"product_tag","embeddable":true,"href":"https:\/\/www.makitamarket.com.tr\/site\/wp-json\/wp\/v2\/product_tag?post=15015"}],"curies":[{"name":"wp","href":"https:\/\/api.w.org\/{rel}","templated":true}]}}