{"id":15071,"date":"2024-11-28T19:48:02","date_gmt":"2024-11-28T16:48:02","guid":{"rendered":"https:\/\/www.makitamarket.com.tr\/site\/urun\/knipex-tek-agiz-anahtar-16-0-mm\/"},"modified":"2026-03-30T09:05:22","modified_gmt":"2026-03-30T06:05:22","slug":"knipex-tek-agiz-anahtar-16-0-mm","status":"publish","type":"product","link":"https:\/\/www.makitamarket.com.tr\/site\/urun\/knipex-tek-agiz-anahtar-16-0-mm\/","title":{"rendered":"Knipex 980016 TEK A\u011eIZ ANAHTAR 16.0 mm"},"content":{"rendered":"<p><b>98 00 16 D\u00fcz anahtar<\/b><br \/>A\u011f\u0131z konumu 15\u00b0. Krom anahtar \u00fczeri plastik kaplama. <\/p>\n<li><b>Anahtar geni\u015fli\u011fi: <\/b>16 mm<\/li>\n<li><b>Uzunluk l max: <\/b>155 mm<\/li>\n<li><b>Kafa kal\u0131nl\u0131\u011f\u0131 a max.: <\/b>7 mm<\/li>\n<li><b>Kafa geni\u015fli\u011fi b max.: <\/b>38 mm<\/li>\n<table>\n<tr>\n<td>Anahtar \u00d6l\u00e7\u00fcs\u00fc<\/td>\n<td>16.0 mm<\/td>\n<\/tr>\n<tr>\n<td>Uzunluk (l)<\/td>\n<td>155 mm<\/td>\n<\/tr>\n<tr>\n<td>Kafa Geni\u015fli\u011fi (b)<\/td>\n<td>38 mm<\/td>\n<\/tr>\n<tr>\n<td>Kafa Kal\u0131nl\u0131\u011f\u0131 (a)<\/td>\n<td>7 mm<\/td>\n<\/tr>\n<tr>\n<td>A\u011f\u0131rl\u0131k<\/td>\n<td>112 gr<\/td>\n<\/tr>\n<\/table>\n","protected":false},"excerpt":{"rendered":"<p><b>98 00 16 D\u00fcz anahtar<\/b><br \/>A\u011f\u0131z konumu 15\u00b0. Krom anahtar \u00fczeri plastik kaplama. <\/p>\n<li><b>Anahtar geni\u015fli\u011fi: <\/b>16 mm<\/li>\n<li><b>Uzunluk l max: <\/b>155 mm<\/li>\n<li><b>Kafa kal\u0131nl\u0131\u011f\u0131 a max.: <\/b>7 mm<\/li>\n<li><b>Kafa geni\u015fli\u011fi b max.: <\/b>38 mm<\/li>\n","protected":false},"featured_media":15070,"comment_status":"open","ping_status":"closed","template":"","meta":{"_acf_changed":false},"product_brand":[1486],"product_cat":[1233],"product_tag":[],"class_list":{"0":"post-15071","1":"product","2":"type-product","3":"status-publish","4":"has-post-thumbnail","6":"product_brand-knipex","7":"product_cat-izoleli-anahtarlar","9":"first","10":"outofstock","11":"taxable","12":"shipping-taxable","13":"purchasable","14":"product-type-simple","15":"add-to-wishlist-after_add_to_cart"},"acf":[],"_links":{"self":[{"href":"https:\/\/www.makitamarket.com.tr\/site\/wp-json\/wp\/v2\/product\/15071","targetHints":{"allow":["GET"]}}],"collection":[{"href":"https:\/\/www.makitamarket.com.tr\/site\/wp-json\/wp\/v2\/product"}],"about":[{"href":"https:\/\/www.makitamarket.com.tr\/site\/wp-json\/wp\/v2\/types\/product"}],"replies":[{"embeddable":true,"href":"https:\/\/www.makitamarket.com.tr\/site\/wp-json\/wp\/v2\/comments?post=15071"}],"wp:featuredmedia":[{"embeddable":true,"href":"https:\/\/www.makitamarket.com.tr\/site\/wp-json\/wp\/v2\/media\/15070"}],"wp:attachment":[{"href":"https:\/\/www.makitamarket.com.tr\/site\/wp-json\/wp\/v2\/media?parent=15071"}],"wp:term":[{"taxonomy":"product_brand","embeddable":true,"href":"https:\/\/www.makitamarket.com.tr\/site\/wp-json\/wp\/v2\/product_brand?post=15071"},{"taxonomy":"product_cat","embeddable":true,"href":"https:\/\/www.makitamarket.com.tr\/site\/wp-json\/wp\/v2\/product_cat?post=15071"},{"taxonomy":"product_tag","embeddable":true,"href":"https:\/\/www.makitamarket.com.tr\/site\/wp-json\/wp\/v2\/product_tag?post=15071"}],"curies":[{"name":"wp","href":"https:\/\/api.w.org\/{rel}","templated":true}]}}