{"id":15083,"date":"2024-11-28T19:48:05","date_gmt":"2024-11-28T16:48:05","guid":{"rendered":"https:\/\/www.makitamarket.com.tr\/site\/urun\/makita-zentro-serisi-sds-max-iki-elmasli-uc-14x540-mm\/"},"modified":"2026-03-30T09:05:24","modified_gmt":"2026-03-30T06:05:24","slug":"makita-zentro-serisi-sds-max-iki-elmasli-uc-14x540-mm","status":"publish","type":"product","link":"https:\/\/www.makitamarket.com.tr\/site\/urun\/makita-zentro-serisi-sds-max-iki-elmasli-uc-14x540-mm\/","title":{"rendered":"Makita P-17083 ZENTRO SER\u0130S\u0130 SDS MAX \u0130K\u0130 ELMASLI U\u00c7 14&#215;540 mm"},"content":{"rendered":"<table>\n<tr>\n<td>Matkap \u00c7ap\u0131<\/td>\n<td>14<\/td>\n<\/tr>\n<tr>\n<td>Matkap Boyu<\/td>\n<td>540<\/td>\n<\/tr>\n<tr>\n<td>\u00c7al\u0131\u015fma Uzunlu\u011fu<\/td>\n<td>400<\/td>\n<\/tr>\n<tr>\n<td>\u00c7ap<\/td>\n<td>14 mm<\/td>\n<\/tr>\n<tr>\n<td>Uzunluk<\/td>\n<td>540 mm<\/td>\n<\/tr>\n<tr>\n<td>\u00c7al\u0131\u015fma Uzunlu\u011fu<\/td>\n<td>400 mm<\/td>\n<\/tr>\n<\/table>\n","protected":false},"excerpt":{"rendered":"<p>Matkap \u00c7ap\u0131 14 Matkap Boyu 540 \u00c7al\u0131\u015fma Uzunlu\u011fu 400 \u00c7ap 14 mm Uzunluk 540 mm \u00c7al\u0131\u015fma Uzunlu\u011fu 400 mm<\/p>\n","protected":false},"featured_media":0,"comment_status":"open","ping_status":"closed","template":"","meta":{"_acf_changed":false},"product_brand":[1485],"product_cat":[809],"product_tag":[],"class_list":{"0":"post-15083","1":"product","2":"type-product","3":"status-publish","5":"product_brand-makita","6":"product_cat-sds-max-uclar","8":"first","9":"instock","10":"taxable","11":"shipping-taxable","12":"purchasable","13":"product-type-simple","14":"add-to-wishlist-after_add_to_cart"},"acf":[],"_links":{"self":[{"href":"https:\/\/www.makitamarket.com.tr\/site\/wp-json\/wp\/v2\/product\/15083","targetHints":{"allow":["GET"]}}],"collection":[{"href":"https:\/\/www.makitamarket.com.tr\/site\/wp-json\/wp\/v2\/product"}],"about":[{"href":"https:\/\/www.makitamarket.com.tr\/site\/wp-json\/wp\/v2\/types\/product"}],"replies":[{"embeddable":true,"href":"https:\/\/www.makitamarket.com.tr\/site\/wp-json\/wp\/v2\/comments?post=15083"}],"wp:attachment":[{"href":"https:\/\/www.makitamarket.com.tr\/site\/wp-json\/wp\/v2\/media?parent=15083"}],"wp:term":[{"taxonomy":"product_brand","embeddable":true,"href":"https:\/\/www.makitamarket.com.tr\/site\/wp-json\/wp\/v2\/product_brand?post=15083"},{"taxonomy":"product_cat","embeddable":true,"href":"https:\/\/www.makitamarket.com.tr\/site\/wp-json\/wp\/v2\/product_cat?post=15083"},{"taxonomy":"product_tag","embeddable":true,"href":"https:\/\/www.makitamarket.com.tr\/site\/wp-json\/wp\/v2\/product_tag?post=15083"}],"curies":[{"name":"wp","href":"https:\/\/api.w.org\/{rel}","templated":true}]}}