{"id":15113,"date":"2024-11-28T19:48:14","date_gmt":"2024-11-28T16:48:14","guid":{"rendered":"https:\/\/www.makitamarket.com.tr\/site\/urun\/kama-by-reis-sr1z-serisi-icin-patates-hasat-pullugu-25-cm\/"},"modified":"2025-07-11T21:12:08","modified_gmt":"2025-07-11T18:12:08","slug":"kama-by-reis-sr1z-serisi-icin-patates-hasat-pullugu-25-cm","status":"publish","type":"product","link":"https:\/\/www.makitamarket.com.tr\/site\/urun\/kama-by-reis-sr1z-serisi-icin-patates-hasat-pullugu-25-cm\/","title":{"rendered":"Kama By Reis KIPSRHASATPULLUGU SR1Z SER\u0130S\u0130 \u0130\u00c7\u0130N PATATES HASAT PULLU\u011eU 25 cm"},"content":{"rendered":"<table>\n<tr>\n<td>Derinlik<\/td>\n<td>25 cm<\/td>\n<\/tr>\n<tr>\n<td>Uygunluk<\/td>\n<td>T\u00fcm SR1Z modelleri<\/td>\n<\/tr>\n<\/table>\n","protected":false},"excerpt":{"rendered":"<p>Derinlik 25 cm Uygunluk T\u00fcm SR1Z modelleri<\/p>\n","protected":false},"featured_media":0,"comment_status":"open","ping_status":"closed","template":"","meta":{"_acf_changed":false},"product_brand":[],"product_cat":[15],"product_tag":[],"class_list":{"0":"post-15113","1":"product","2":"type-product","3":"status-publish","5":"product_cat-genel","7":"first","8":"instock","9":"taxable","10":"shipping-taxable","11":"purchasable","12":"product-type-simple","13":"add-to-wishlist-after_add_to_cart"},"acf":[],"_links":{"self":[{"href":"https:\/\/www.makitamarket.com.tr\/site\/wp-json\/wp\/v2\/product\/15113","targetHints":{"allow":["GET"]}}],"collection":[{"href":"https:\/\/www.makitamarket.com.tr\/site\/wp-json\/wp\/v2\/product"}],"about":[{"href":"https:\/\/www.makitamarket.com.tr\/site\/wp-json\/wp\/v2\/types\/product"}],"replies":[{"embeddable":true,"href":"https:\/\/www.makitamarket.com.tr\/site\/wp-json\/wp\/v2\/comments?post=15113"}],"wp:attachment":[{"href":"https:\/\/www.makitamarket.com.tr\/site\/wp-json\/wp\/v2\/media?parent=15113"}],"wp:term":[{"taxonomy":"product_brand","embeddable":true,"href":"https:\/\/www.makitamarket.com.tr\/site\/wp-json\/wp\/v2\/product_brand?post=15113"},{"taxonomy":"product_cat","embeddable":true,"href":"https:\/\/www.makitamarket.com.tr\/site\/wp-json\/wp\/v2\/product_cat?post=15113"},{"taxonomy":"product_tag","embeddable":true,"href":"https:\/\/www.makitamarket.com.tr\/site\/wp-json\/wp\/v2\/product_tag?post=15113"}],"curies":[{"name":"wp","href":"https:\/\/api.w.org\/{rel}","templated":true}]}}