{"id":15130,"date":"2024-11-28T19:48:22","date_gmt":"2024-11-28T16:48:22","guid":{"rendered":"https:\/\/www.makitamarket.com.tr\/site\/urun\/hawk-gri-telli-pimli-canak-firca-63-mm\/"},"modified":"2026-04-06T15:16:11","modified_gmt":"2026-04-06T12:16:11","slug":"hawk-gri-telli-pimli-canak-firca-63-mm","status":"publish","type":"product","link":"https:\/\/www.makitamarket.com.tr\/site\/urun\/hawk-gri-telli-pimli-canak-firca-63-mm\/","title":{"rendered":"Hawk HA11147 GR\u0130 TELL\u0130 P\u0130ML\u0130 \u00c7ANAK FIR\u00c7A 63 mm"},"content":{"rendered":"<table>\n<tr>\n<td>\u00dcr\u00fcn \u00c7ap\u0131 (mm)<\/td>\n<td>\u00d863<\/td>\n<\/tr>\n<tr>\n<td>Tel \u00c7ap\u0131 (mm)<\/td>\n<td>0.30<\/td>\n<\/tr>\n<tr>\n<td>Paket \/ Koli \u0130\u00e7i Adedi<\/td>\n<td>20 \/ 120<\/td>\n<\/tr>\n<\/table>\n","protected":false},"excerpt":{"rendered":"<p>\u00dcr\u00fcn \u00c7ap\u0131 (mm) \u00d863 Tel \u00c7ap\u0131 (mm) 0.30 Paket \/ Koli \u0130\u00e7i Adedi 20 \/ 120<\/p>\n","protected":false},"featured_media":15129,"comment_status":"open","ping_status":"closed","template":"","meta":{"_acf_changed":false},"product_brand":[1538],"product_cat":[807],"product_tag":[],"class_list":{"0":"post-15130","1":"product","2":"type-product","3":"status-publish","4":"has-post-thumbnail","6":"product_brand-hawk","7":"product_cat-aksesuarlar-fircalar","9":"first","10":"instock","11":"taxable","12":"shipping-taxable","13":"purchasable","14":"product-type-simple","15":"add-to-wishlist-after_add_to_cart"},"acf":[],"_links":{"self":[{"href":"https:\/\/www.makitamarket.com.tr\/site\/wp-json\/wp\/v2\/product\/15130","targetHints":{"allow":["GET"]}}],"collection":[{"href":"https:\/\/www.makitamarket.com.tr\/site\/wp-json\/wp\/v2\/product"}],"about":[{"href":"https:\/\/www.makitamarket.com.tr\/site\/wp-json\/wp\/v2\/types\/product"}],"replies":[{"embeddable":true,"href":"https:\/\/www.makitamarket.com.tr\/site\/wp-json\/wp\/v2\/comments?post=15130"}],"wp:featuredmedia":[{"embeddable":true,"href":"https:\/\/www.makitamarket.com.tr\/site\/wp-json\/wp\/v2\/media\/15129"}],"wp:attachment":[{"href":"https:\/\/www.makitamarket.com.tr\/site\/wp-json\/wp\/v2\/media?parent=15130"}],"wp:term":[{"taxonomy":"product_brand","embeddable":true,"href":"https:\/\/www.makitamarket.com.tr\/site\/wp-json\/wp\/v2\/product_brand?post=15130"},{"taxonomy":"product_cat","embeddable":true,"href":"https:\/\/www.makitamarket.com.tr\/site\/wp-json\/wp\/v2\/product_cat?post=15130"},{"taxonomy":"product_tag","embeddable":true,"href":"https:\/\/www.makitamarket.com.tr\/site\/wp-json\/wp\/v2\/product_tag?post=15130"}],"curies":[{"name":"wp","href":"https:\/\/api.w.org\/{rel}","templated":true}]}}