{"id":15153,"date":"2024-11-28T19:48:28","date_gmt":"2024-11-28T16:48:28","guid":{"rendered":"https:\/\/www.makitamarket.com.tr\/site\/urun\/todrill-kanalli-4-elmasli-matkap-ucu-35x570-mm\/"},"modified":"2026-03-30T09:06:30","modified_gmt":"2026-03-30T06:06:30","slug":"todrill-kanalli-4-elmasli-matkap-ucu-35x570-mm","status":"publish","type":"product","link":"https:\/\/www.makitamarket.com.tr\/site\/urun\/todrill-kanalli-4-elmasli-matkap-ucu-35x570-mm\/","title":{"rendered":"Todrill TD50495 KANALLI 4 ELMASLI MATKAP UCU 35&#215;570 mm"},"content":{"rendered":"<table>\n<tr>\n<td>\u00d6l\u00e7\u00fc<\/td>\n<td>35 x 570 mm<\/td>\n<\/tr>\n<tr>\n<td>Koli \u0130\u00e7i Adedi<\/td>\n<td>10<\/td>\n<\/tr>\n<\/table>\n","protected":false},"excerpt":{"rendered":"<p>\u00d6l\u00e7\u00fc 35 x 570 mm Koli \u0130\u00e7i Adedi 10<\/p>\n","protected":false},"featured_media":15152,"comment_status":"open","ping_status":"closed","template":"","meta":{"_acf_changed":false},"product_brand":[1544],"product_cat":[1194],"product_tag":[],"class_list":{"0":"post-15153","1":"product","2":"type-product","3":"status-publish","4":"has-post-thumbnail","6":"product_brand-todrill","7":"product_cat-aksesuarlar-bits-uclar-aparatlar-adaptorler","9":"first","10":"instock","11":"taxable","12":"shipping-taxable","13":"purchasable","14":"product-type-simple","15":"add-to-wishlist-after_add_to_cart"},"acf":[],"_links":{"self":[{"href":"https:\/\/www.makitamarket.com.tr\/site\/wp-json\/wp\/v2\/product\/15153","targetHints":{"allow":["GET"]}}],"collection":[{"href":"https:\/\/www.makitamarket.com.tr\/site\/wp-json\/wp\/v2\/product"}],"about":[{"href":"https:\/\/www.makitamarket.com.tr\/site\/wp-json\/wp\/v2\/types\/product"}],"replies":[{"embeddable":true,"href":"https:\/\/www.makitamarket.com.tr\/site\/wp-json\/wp\/v2\/comments?post=15153"}],"wp:featuredmedia":[{"embeddable":true,"href":"https:\/\/www.makitamarket.com.tr\/site\/wp-json\/wp\/v2\/media\/15152"}],"wp:attachment":[{"href":"https:\/\/www.makitamarket.com.tr\/site\/wp-json\/wp\/v2\/media?parent=15153"}],"wp:term":[{"taxonomy":"product_brand","embeddable":true,"href":"https:\/\/www.makitamarket.com.tr\/site\/wp-json\/wp\/v2\/product_brand?post=15153"},{"taxonomy":"product_cat","embeddable":true,"href":"https:\/\/www.makitamarket.com.tr\/site\/wp-json\/wp\/v2\/product_cat?post=15153"},{"taxonomy":"product_tag","embeddable":true,"href":"https:\/\/www.makitamarket.com.tr\/site\/wp-json\/wp\/v2\/product_tag?post=15153"}],"curies":[{"name":"wp","href":"https:\/\/api.w.org\/{rel}","templated":true}]}}