{"id":15164,"date":"2024-11-28T19:48:34","date_gmt":"2024-11-28T16:48:34","guid":{"rendered":"https:\/\/www.makitamarket.com.tr\/site\/urun\/knipex-elektronikci-kargaburun-135-mm\/"},"modified":"2026-04-06T15:21:00","modified_gmt":"2026-04-06T12:21:00","slug":"knipex-elektronikci-kargaburun-135-mm","status":"publish","type":"product","link":"https:\/\/www.makitamarket.com.tr\/site\/urun\/knipex-elektronikci-kargaburun-135-mm\/","title":{"rendered":"Knipex 3211135 ELEKTRON\u0130K\u00c7\u0130 KARGABURUN 135 mm"},"content":{"rendered":"<p><b>32 11 135 Ayarlama penseleri<\/b><br \/>K\u00fc\u00e7\u00fck \u00e7ap\u0131 olan par\u00e7alar\u0131 ve r\u00f6le yaylar\u0131 b\u00fckmek i\u00e7in. Perdahlanm\u0131\u015f a\u011f\u0131z y\u00fczeyleri. \u00c7apaklar\u0131 itina ile al\u0131nm\u0131\u015f kenarlar. Yass\u0131, sivri \u00e7eneler. <\/p>\n<li><b>\u00c7ene kal\u0131nl\u0131\u011f\u0131 (eklem) (D): <\/b>7,0 mm<\/li>\n<li><b>U\u00e7lar geni\u015flik (E): <\/b>1,0 mm<\/li>\n<li><b>Tip Thickness (F): <\/b>2,0 mm<\/li>\n<li><b>\u00c7ene uzunlu\u011fu (B): <\/b>34,0 mm<\/li>\n<li><b>Kafa geni\u015fli\u011fi (A): <\/b>12,5 mm<\/li>\n<table>\n<tr>\n<td>Uzunluk<\/td>\n<td>135<\/td>\n<\/tr>\n<tr>\n<td>Form<\/td>\n<td>Yass\u0131 dar a\u011f\u0131z &#8211; A\u011f\u0131z y\u00fczeyleri d\u00fcz<\/td>\n<\/tr>\n<tr>\n<td>Kafa<\/td>\n<td>Polisaj<\/td>\n<\/tr>\n<tr>\n<td>Sap<\/td>\n<td>\u0130nce \u0130zole<\/td>\n<\/tr>\n<tr>\n<td>\u00d6l\u00e7\u00fcler<\/td>\n<td>L3:34mm, W3:12.5mm, T1:7.0mm, W4:1.4mm, T2:1.5mm<\/td>\n<\/tr>\n<tr>\n<td>A\u011f\u0131rl\u0131k<\/td>\n<td>75 gr<\/td>\n<\/tr>\n<\/table>\n","protected":false},"excerpt":{"rendered":"<p><b>32 11 135 Ayarlama penseleri<\/b><br \/>K\u00fc\u00e7\u00fck \u00e7ap\u0131 olan par\u00e7alar\u0131 ve r\u00f6le yaylar\u0131 b\u00fckmek i\u00e7in. Perdahlanm\u0131\u015f a\u011f\u0131z y\u00fczeyleri. \u00c7apaklar\u0131 itina ile al\u0131nm\u0131\u015f kenarlar. Yass\u0131, sivri \u00e7eneler. <\/p>\n<li><b>\u00c7ene kal\u0131nl\u0131\u011f\u0131 (eklem) (D): <\/b>7,0 mm<\/li>\n<li><b>U\u00e7lar geni\u015flik (E): <\/b>1,0 mm<\/li>\n<li><b>Tip Thickness (F): <\/b>2,0 mm<\/li>\n<li><b>\u00c7ene uzunlu\u011fu (B): <\/b>34,0 mm<\/li>\n<li><b>Kafa geni\u015fli\u011fi (A): <\/b>12,5 mm<\/li>\n","protected":false},"featured_media":15352,"comment_status":"open","ping_status":"closed","template":"","meta":{"_acf_changed":false},"product_brand":[1486],"product_cat":[795],"product_tag":[],"class_list":{"0":"post-15164","1":"product","2":"type-product","3":"status-publish","4":"has-post-thumbnail","6":"product_brand-knipex","7":"product_cat-kargaburunlar","9":"first","10":"instock","11":"taxable","12":"shipping-taxable","13":"purchasable","14":"product-type-simple","15":"add-to-wishlist-after_add_to_cart"},"acf":[],"_links":{"self":[{"href":"https:\/\/www.makitamarket.com.tr\/site\/wp-json\/wp\/v2\/product\/15164","targetHints":{"allow":["GET"]}}],"collection":[{"href":"https:\/\/www.makitamarket.com.tr\/site\/wp-json\/wp\/v2\/product"}],"about":[{"href":"https:\/\/www.makitamarket.com.tr\/site\/wp-json\/wp\/v2\/types\/product"}],"replies":[{"embeddable":true,"href":"https:\/\/www.makitamarket.com.tr\/site\/wp-json\/wp\/v2\/comments?post=15164"}],"wp:featuredmedia":[{"embeddable":true,"href":"https:\/\/www.makitamarket.com.tr\/site\/wp-json\/wp\/v2\/media\/15352"}],"wp:attachment":[{"href":"https:\/\/www.makitamarket.com.tr\/site\/wp-json\/wp\/v2\/media?parent=15164"}],"wp:term":[{"taxonomy":"product_brand","embeddable":true,"href":"https:\/\/www.makitamarket.com.tr\/site\/wp-json\/wp\/v2\/product_brand?post=15164"},{"taxonomy":"product_cat","embeddable":true,"href":"https:\/\/www.makitamarket.com.tr\/site\/wp-json\/wp\/v2\/product_cat?post=15164"},{"taxonomy":"product_tag","embeddable":true,"href":"https:\/\/www.makitamarket.com.tr\/site\/wp-json\/wp\/v2\/product_tag?post=15164"}],"curies":[{"name":"wp","href":"https:\/\/api.w.org\/{rel}","templated":true}]}}