{"id":15175,"date":"2024-11-28T19:48:37","date_gmt":"2024-11-28T16:48:37","guid":{"rendered":"https:\/\/www.makitamarket.com.tr\/site\/urun\/knipex-knipex-98-00-5-8-tek-agiz-anahtar\/"},"modified":"2026-04-06T15:17:13","modified_gmt":"2026-04-06T12:17:13","slug":"knipex-knipex-98-00-5-8-tek-agiz-anahtar","status":"publish","type":"product","link":"https:\/\/www.makitamarket.com.tr\/site\/urun\/knipex-knipex-98-00-5-8-tek-agiz-anahtar\/","title":{"rendered":"Knipex 98005\/8 KNIPEX 98 00 5\/8 TEK A\u011eIZ ANAHTAR"},"content":{"rendered":"<table>\n<tr>\n<td>Anahtar \u00d6l\u00e7\u00fcs\u00fc<\/td>\n<td>5\/8&#8243;<\/td>\n<\/tr>\n<tr>\n<td>Uzunluk (l)<\/td>\n<td>164,2 mm<\/td>\n<\/tr>\n<tr>\n<td>Kafa Geni\u015fli\u011fi (b)<\/td>\n<td>38 mm<\/td>\n<\/tr>\n<tr>\n<td>Kafa Kal\u0131nl\u0131\u011f\u0131 (a)<\/td>\n<td>7 mm<\/td>\n<\/tr>\n<tr>\n<td>A\u011f\u0131rl\u0131k<\/td>\n<td>124 gr<\/td>\n<\/tr>\n<\/table>\n","protected":false},"excerpt":{"rendered":"<p>Anahtar \u00d6l\u00e7\u00fcs\u00fc 5\/8&#8243; Uzunluk (l) 164,2 mm Kafa Geni\u015fli\u011fi (b) 38 mm Kafa Kal\u0131nl\u0131\u011f\u0131 (a) 7 mm A\u011f\u0131rl\u0131k 124 gr<\/p>\n","protected":false},"featured_media":15174,"comment_status":"open","ping_status":"closed","template":"","meta":{"_acf_changed":false},"product_brand":[1486],"product_cat":[1233],"product_tag":[],"class_list":{"0":"post-15175","1":"product","2":"type-product","3":"status-publish","4":"has-post-thumbnail","6":"product_brand-knipex","7":"product_cat-izoleli-anahtarlar","9":"first","10":"instock","11":"taxable","12":"shipping-taxable","13":"purchasable","14":"product-type-simple","15":"add-to-wishlist-after_add_to_cart"},"acf":[],"_links":{"self":[{"href":"https:\/\/www.makitamarket.com.tr\/site\/wp-json\/wp\/v2\/product\/15175","targetHints":{"allow":["GET"]}}],"collection":[{"href":"https:\/\/www.makitamarket.com.tr\/site\/wp-json\/wp\/v2\/product"}],"about":[{"href":"https:\/\/www.makitamarket.com.tr\/site\/wp-json\/wp\/v2\/types\/product"}],"replies":[{"embeddable":true,"href":"https:\/\/www.makitamarket.com.tr\/site\/wp-json\/wp\/v2\/comments?post=15175"}],"wp:featuredmedia":[{"embeddable":true,"href":"https:\/\/www.makitamarket.com.tr\/site\/wp-json\/wp\/v2\/media\/15174"}],"wp:attachment":[{"href":"https:\/\/www.makitamarket.com.tr\/site\/wp-json\/wp\/v2\/media?parent=15175"}],"wp:term":[{"taxonomy":"product_brand","embeddable":true,"href":"https:\/\/www.makitamarket.com.tr\/site\/wp-json\/wp\/v2\/product_brand?post=15175"},{"taxonomy":"product_cat","embeddable":true,"href":"https:\/\/www.makitamarket.com.tr\/site\/wp-json\/wp\/v2\/product_cat?post=15175"},{"taxonomy":"product_tag","embeddable":true,"href":"https:\/\/www.makitamarket.com.tr\/site\/wp-json\/wp\/v2\/product_tag?post=15175"}],"curies":[{"name":"wp","href":"https:\/\/api.w.org\/{rel}","templated":true}]}}