{"id":15205,"date":"2024-11-28T19:48:44","date_gmt":"2024-11-28T16:48:44","guid":{"rendered":"https:\/\/www.makitamarket.com.tr\/site\/urun\/prexiso-miknatisli-asma-tavan-adaptoru\/"},"modified":"2026-04-06T15:18:11","modified_gmt":"2026-04-06T12:18:11","slug":"prexiso-miknatisli-asma-tavan-adaptoru","status":"publish","type":"product","link":"https:\/\/www.makitamarket.com.tr\/site\/urun\/prexiso-miknatisli-asma-tavan-adaptoru\/","title":{"rendered":"Prexiso PAMC MIKNATISLI ASMA TAVAN ADAPT\u00d6R\u00dc"},"content":{"rendered":"<table>\n<tr>\n<td>Ba\u011flant\u0131<\/td>\n<td>1\/4&#8243;<\/td>\n<\/tr>\n<tr>\n<td>Ba\u011flant\u0131 Y\u00f6ntemi<\/td>\n<td>M\u0131knat\u0131s ve K\u0131ska\u00e7<\/td>\n<\/tr>\n<tr>\n<td>Tripod Ba\u011flant\u0131s\u0131<\/td>\n<td>1\/4&#8243; ve 5\/8&#8243;<\/td>\n<\/tr>\n<tr>\n<td>Uygunluk<\/td>\n<td>1\/4&#8243; ba\u011flant\u0131l\u0131 t\u00fcm lazerlere uygundur.<\/td>\n<\/tr>\n<\/table>\n","protected":false},"excerpt":{"rendered":"<p>Ba\u011flant\u0131 1\/4&#8243; Ba\u011flant\u0131 Y\u00f6ntemi M\u0131knat\u0131s ve K\u0131ska\u00e7 Tripod Ba\u011flant\u0131s\u0131 1\/4&#8243; ve 5\/8&#8243; Uygunluk 1\/4&#8243; ba\u011flant\u0131l\u0131 t\u00fcm lazerlere uygundur.<\/p>\n","protected":false},"featured_media":15204,"comment_status":"open","ping_status":"closed","template":"","meta":{"_acf_changed":false},"product_brand":[1507],"product_cat":[837],"product_tag":[],"class_list":{"0":"post-15205","1":"product","2":"type-product","3":"status-publish","4":"has-post-thumbnail","6":"product_brand-prexiso","7":"product_cat-lazerli-olcum-cihazlari","9":"first","10":"instock","11":"taxable","12":"shipping-taxable","13":"purchasable","14":"product-type-simple","15":"add-to-wishlist-after_add_to_cart"},"acf":[],"_links":{"self":[{"href":"https:\/\/www.makitamarket.com.tr\/site\/wp-json\/wp\/v2\/product\/15205","targetHints":{"allow":["GET"]}}],"collection":[{"href":"https:\/\/www.makitamarket.com.tr\/site\/wp-json\/wp\/v2\/product"}],"about":[{"href":"https:\/\/www.makitamarket.com.tr\/site\/wp-json\/wp\/v2\/types\/product"}],"replies":[{"embeddable":true,"href":"https:\/\/www.makitamarket.com.tr\/site\/wp-json\/wp\/v2\/comments?post=15205"}],"wp:featuredmedia":[{"embeddable":true,"href":"https:\/\/www.makitamarket.com.tr\/site\/wp-json\/wp\/v2\/media\/15204"}],"wp:attachment":[{"href":"https:\/\/www.makitamarket.com.tr\/site\/wp-json\/wp\/v2\/media?parent=15205"}],"wp:term":[{"taxonomy":"product_brand","embeddable":true,"href":"https:\/\/www.makitamarket.com.tr\/site\/wp-json\/wp\/v2\/product_brand?post=15205"},{"taxonomy":"product_cat","embeddable":true,"href":"https:\/\/www.makitamarket.com.tr\/site\/wp-json\/wp\/v2\/product_cat?post=15205"},{"taxonomy":"product_tag","embeddable":true,"href":"https:\/\/www.makitamarket.com.tr\/site\/wp-json\/wp\/v2\/product_tag?post=15205"}],"curies":[{"name":"wp","href":"https:\/\/api.w.org\/{rel}","templated":true}]}}