{"id":15230,"date":"2024-11-28T19:48:56","date_gmt":"2024-11-28T16:48:56","guid":{"rendered":"https:\/\/www.makitamarket.com.tr\/site\/urun\/yale-yale-surme-kapi-kilit-6300-h\/"},"modified":"2025-11-16T08:08:33","modified_gmt":"2025-11-16T05:08:33","slug":"yale-yale-surme-kapi-kilit-6300-h","status":"publish","type":"product","link":"https:\/\/www.makitamarket.com.tr\/site\/urun\/yale-yale-surme-kapi-kilit-6300-h\/","title":{"rendered":"Yale 6300H YALE SURME KAPI KILIT 6300 H"},"content":{"rendered":"<p>S\u00fcrme kap\u0131 kilidi civi anahtarl\u0131. <\/p>\n<table>\n<tr>\n<td>Ambalaj<\/td>\n<td>karton kutu<\/td>\n<\/tr>\n<\/table>\n","protected":false},"excerpt":{"rendered":"<p>S\u00fcrme kap\u0131 kilidi civi anahtarl\u0131. <\/p>\n","protected":false},"featured_media":15229,"comment_status":"open","ping_status":"closed","template":"","meta":{"_acf_changed":false},"product_brand":[1554],"product_cat":[1269],"product_tag":[],"class_list":{"0":"post-15230","1":"product","2":"type-product","3":"status-publish","4":"has-post-thumbnail","6":"product_brand-yale","7":"product_cat-kilitler","9":"first","10":"outofstock","11":"taxable","12":"shipping-taxable","13":"purchasable","14":"product-type-simple","15":"add-to-wishlist-after_add_to_cart"},"acf":[],"_links":{"self":[{"href":"https:\/\/www.makitamarket.com.tr\/site\/wp-json\/wp\/v2\/product\/15230","targetHints":{"allow":["GET"]}}],"collection":[{"href":"https:\/\/www.makitamarket.com.tr\/site\/wp-json\/wp\/v2\/product"}],"about":[{"href":"https:\/\/www.makitamarket.com.tr\/site\/wp-json\/wp\/v2\/types\/product"}],"replies":[{"embeddable":true,"href":"https:\/\/www.makitamarket.com.tr\/site\/wp-json\/wp\/v2\/comments?post=15230"}],"wp:featuredmedia":[{"embeddable":true,"href":"https:\/\/www.makitamarket.com.tr\/site\/wp-json\/wp\/v2\/media\/15229"}],"wp:attachment":[{"href":"https:\/\/www.makitamarket.com.tr\/site\/wp-json\/wp\/v2\/media?parent=15230"}],"wp:term":[{"taxonomy":"product_brand","embeddable":true,"href":"https:\/\/www.makitamarket.com.tr\/site\/wp-json\/wp\/v2\/product_brand?post=15230"},{"taxonomy":"product_cat","embeddable":true,"href":"https:\/\/www.makitamarket.com.tr\/site\/wp-json\/wp\/v2\/product_cat?post=15230"},{"taxonomy":"product_tag","embeddable":true,"href":"https:\/\/www.makitamarket.com.tr\/site\/wp-json\/wp\/v2\/product_tag?post=15230"}],"curies":[{"name":"wp","href":"https:\/\/api.w.org\/{rel}","templated":true}]}}