{"id":15236,"date":"2024-11-28T19:48:57","date_gmt":"2024-11-28T16:48:57","guid":{"rendered":"https:\/\/www.makitamarket.com.tr\/site\/urun\/knipex-esd-cimbiz-120-mm\/"},"modified":"2026-03-30T09:17:35","modified_gmt":"2026-03-30T06:17:35","slug":"knipex-esd-cimbiz-120-mm","status":"publish","type":"product","link":"https:\/\/www.makitamarket.com.tr\/site\/urun\/knipex-esd-cimbiz-120-mm\/","title":{"rendered":"Knipex 923875ESD ESD CIMBIZ 120 mm"},"content":{"rendered":"<p><b>92 38 75 ESD Evrensel C\u0131mb\u0131z ESD<\/b><br \/>Elektrik itici kaplama: ESD versiyonundaki \u00fcniversal c\u0131mb\u0131zlar, kullan\u0131c\u0131lar ile \u00e7al\u0131\u015fma par\u00e7alar\u0131 aras\u0131ndaki elektriksel potansiyel farklar\u0131n\u0131 kontroll\u00fc olarak e\u015fitler. 10 ^ 3 ve 10 ^ 9 ohm aras\u0131nda y\u00fczey direncine sahip ESD testinden ge\u00e7mi\u015f siyah epoksi re\u00e7ine kaplama. Elektronik ve hassas m\u00fchendislik end\u00fcstrileri i\u00e7in. Elektromanyetik hasar\u0131 \u00f6nlemek i\u00e7in antimanyetik yap\u0131. Geni\u015f tasar\u0131m yelpazesi: d\u00fcz, a\u00e7\u0131l\u0131, kavrama u\u00e7lar\u0131 ve d\u00fcz veya t\u0131rt\u0131kl\u0131, i\u011fne u\u00e7lu, dar veya k\u00f6r u\u00e7lu. Y\u00fcksek kaliteli paslanmaz \u00e7elik: \u00e7e\u015fitli atmosferik ortamlara ve bir\u00e7ok a\u015f\u0131nd\u0131r\u0131c\u0131 malzemeye kar\u015f\u0131 y\u00fcksek dayan\u0131m ve \u00e7ok iyi korozyon direnci. Set olarak da temin edilebilir (92 00 01 ESD). <\/p>\n<li><b>Y\u00fczey: <\/b>mat<\/li>\n<li><b>U\u00e7lar geni\u015flik (A): <\/b>0,25 mm<\/li>\n<li><b>U\u00e7lar geni\u015flik (B): <\/b>0,3 mm<\/li>\n<li><b>C\u0131mb\u0131z ucu versiyonu: <\/b>\u0130\u011fne ucu \u015feklinde<\/li>\n<li><b>Korozyona dayan\u0131kl\u0131: <\/b>evet \u00a0<\/li>\n<li><b>Asit direnci: <\/b>\u00e7ok iyi<\/li>\n<li><b>ESD onayl\u0131: <\/b>evet \u00a0<\/li>\n<li><b>VDE onayl\u0131: <\/b>yok \u00a0<\/li>\n<li><b>Bran\u015flar: <\/b>Elektronik<\/li>\n<li><b>Manyetik: <\/b>manyetize edilemez (%80)<\/li>\n<li><b>Davran\u0131\u015f: <\/b>elektrik iletmez<\/li>\n<table>\n<tr>\n<td>Uzunluk<\/td>\n<td>120<\/td>\n<\/tr>\n<tr>\n<td>Form<\/td>\n<td>Elektronik, ESD, 45\u00b0A\u00e7\u0131, A\u011f\u0131z y\u00fczeyleri d\u00fcz<\/td>\n<\/tr>\n<tr>\n<td>\u00d6zellik<\/td>\n<td>Paslanmaz, anti-manyetik<\/td>\n<\/tr>\n<tr>\n<td>A\u011f\u0131rl\u0131k<\/td>\n<td>17 gr<\/td>\n<\/tr>\n<\/table>\n","protected":false},"excerpt":{"rendered":"<p><b>92 38 75 ESD Evrensel C\u0131mb\u0131z ESD<\/b><br \/>Elektrik itici kaplama: ESD versiyonundaki \u00fcniversal c\u0131mb\u0131zlar, kullan\u0131c\u0131lar ile \u00e7al\u0131\u015fma par\u00e7alar\u0131 aras\u0131ndaki elektriksel potansiyel farklar\u0131n\u0131 kontroll\u00fc olarak e\u015fitler. 10 ^ 3 ve 10 ^ 9 ohm aras\u0131nda y\u00fczey direncine sahip ESD testinden ge\u00e7mi\u015f siyah epoksi re\u00e7ine kaplama. Elektronik ve hassas m\u00fchendislik end\u00fcstrileri i\u00e7in. Elektromanyetik hasar\u0131 \u00f6nlemek i\u00e7in antimanyetik yap\u0131. Geni\u015f tasar\u0131m yelpazesi: d\u00fcz, a\u00e7\u0131l\u0131, kavrama u\u00e7lar\u0131 ve d\u00fcz veya t\u0131rt\u0131kl\u0131, i\u011fne u\u00e7lu, dar veya k\u00f6r u\u00e7lu. Y\u00fcksek kaliteli paslanmaz \u00e7elik: \u00e7e\u015fitli atmosferik ortamlara ve bir\u00e7ok a\u015f\u0131nd\u0131r\u0131c\u0131 malzemeye kar\u015f\u0131 y\u00fcksek dayan\u0131m ve \u00e7ok iyi korozyon direnci. Set olarak da temin edilebilir (92 00 01 ESD). <\/p>\n<li><b>Y\u00fczey: <\/b>mat<\/li>\n<li><b>U\u00e7lar geni\u015flik (A): <\/b>0,25 mm<\/li>\n<li><b>U\u00e7lar geni\u015flik (B): <\/b>0,3 mm<\/li>\n<li><b>C\u0131mb\u0131z ucu versiyonu: <\/b>\u0130\u011fne ucu \u015feklinde<\/li>\n<li><b>Korozyona dayan\u0131kl\u0131: <\/b>evet \u00a0<\/li>\n<li><b>Asit direnci: <\/b>\u00e7ok iyi<\/li>\n<li><b>ESD onayl\u0131: <\/b>evet \u00a0<\/li>\n<li><b>VDE onayl\u0131: <\/b>yok \u00a0<\/li>\n<li><b>Bran\u015flar: <\/b>Elektronik<\/li>\n<li><b>Manyetik: <\/b>manyetize edilemez (%80)<\/li>\n<li><b>Davran\u0131\u015f: <\/b>elektrik iletmez<\/li>\n","protected":false},"featured_media":15783,"comment_status":"open","ping_status":"closed","template":"","meta":{"_acf_changed":false},"product_brand":[1486],"product_cat":[1313],"product_tag":[],"class_list":{"0":"post-15236","1":"product","2":"type-product","3":"status-publish","4":"has-post-thumbnail","6":"product_brand-knipex","7":"product_cat-cimbizlar","9":"first","10":"outofstock","11":"taxable","12":"shipping-taxable","13":"purchasable","14":"product-type-simple","15":"add-to-wishlist-after_add_to_cart"},"acf":[],"_links":{"self":[{"href":"https:\/\/www.makitamarket.com.tr\/site\/wp-json\/wp\/v2\/product\/15236","targetHints":{"allow":["GET"]}}],"collection":[{"href":"https:\/\/www.makitamarket.com.tr\/site\/wp-json\/wp\/v2\/product"}],"about":[{"href":"https:\/\/www.makitamarket.com.tr\/site\/wp-json\/wp\/v2\/types\/product"}],"replies":[{"embeddable":true,"href":"https:\/\/www.makitamarket.com.tr\/site\/wp-json\/wp\/v2\/comments?post=15236"}],"wp:featuredmedia":[{"embeddable":true,"href":"https:\/\/www.makitamarket.com.tr\/site\/wp-json\/wp\/v2\/media\/15783"}],"wp:attachment":[{"href":"https:\/\/www.makitamarket.com.tr\/site\/wp-json\/wp\/v2\/media?parent=15236"}],"wp:term":[{"taxonomy":"product_brand","embeddable":true,"href":"https:\/\/www.makitamarket.com.tr\/site\/wp-json\/wp\/v2\/product_brand?post=15236"},{"taxonomy":"product_cat","embeddable":true,"href":"https:\/\/www.makitamarket.com.tr\/site\/wp-json\/wp\/v2\/product_cat?post=15236"},{"taxonomy":"product_tag","embeddable":true,"href":"https:\/\/www.makitamarket.com.tr\/site\/wp-json\/wp\/v2\/product_tag?post=15236"}],"curies":[{"name":"wp","href":"https:\/\/api.w.org\/{rel}","templated":true}]}}