{"id":15251,"date":"2024-11-28T19:49:02","date_gmt":"2024-11-28T16:49:02","guid":{"rendered":"https:\/\/www.makitamarket.com.tr\/site\/urun\/weller-cooper-cmt14eu-cok-amacli-caki-seti\/"},"modified":"2025-11-16T08:10:05","modified_gmt":"2025-11-16T05:10:05","slug":"weller-cooper-cmt14eu-cok-amacli-caki-seti","status":"publish","type":"product","link":"https:\/\/www.makitamarket.com.tr\/site\/urun\/weller-cooper-cmt14eu-cok-amacli-caki-seti\/","title":{"rendered":"Weller CMTB14EU COOPER CMT14EU COK AMACLI CAKI SETI"},"content":{"rendered":"<p>Tek bir \u00e7ak\u0131 i\u00e7inde,14 farkl\u0131 par\u00e7a.\u00a0<\/p>\n<table>\n<tr>\n<td>Par\u00e7a<\/td>\n<td>14 Farkl\u0131 Par\u00e7a<\/td>\n<\/tr>\n<\/table>\n","protected":false},"excerpt":{"rendered":"<p>Tek bir \u00e7ak\u0131 i\u00e7inde,14 farkl\u0131 par\u00e7a.\u00a0<\/p>\n","protected":false},"featured_media":15250,"comment_status":"open","ping_status":"closed","template":"","meta":{"_acf_changed":false},"product_brand":[1530],"product_cat":[1252],"product_tag":[],"class_list":{"0":"post-15251","1":"product","2":"type-product","3":"status-publish","4":"has-post-thumbnail","6":"product_brand-weller","7":"product_cat-cok-amacli-bicaklar","9":"first","10":"outofstock","11":"taxable","12":"shipping-taxable","13":"purchasable","14":"product-type-simple","15":"add-to-wishlist-after_add_to_cart"},"acf":[],"_links":{"self":[{"href":"https:\/\/www.makitamarket.com.tr\/site\/wp-json\/wp\/v2\/product\/15251","targetHints":{"allow":["GET"]}}],"collection":[{"href":"https:\/\/www.makitamarket.com.tr\/site\/wp-json\/wp\/v2\/product"}],"about":[{"href":"https:\/\/www.makitamarket.com.tr\/site\/wp-json\/wp\/v2\/types\/product"}],"replies":[{"embeddable":true,"href":"https:\/\/www.makitamarket.com.tr\/site\/wp-json\/wp\/v2\/comments?post=15251"}],"wp:featuredmedia":[{"embeddable":true,"href":"https:\/\/www.makitamarket.com.tr\/site\/wp-json\/wp\/v2\/media\/15250"}],"wp:attachment":[{"href":"https:\/\/www.makitamarket.com.tr\/site\/wp-json\/wp\/v2\/media?parent=15251"}],"wp:term":[{"taxonomy":"product_brand","embeddable":true,"href":"https:\/\/www.makitamarket.com.tr\/site\/wp-json\/wp\/v2\/product_brand?post=15251"},{"taxonomy":"product_cat","embeddable":true,"href":"https:\/\/www.makitamarket.com.tr\/site\/wp-json\/wp\/v2\/product_cat?post=15251"},{"taxonomy":"product_tag","embeddable":true,"href":"https:\/\/www.makitamarket.com.tr\/site\/wp-json\/wp\/v2\/product_tag?post=15251"}],"curies":[{"name":"wp","href":"https:\/\/api.w.org\/{rel}","templated":true}]}}