{"id":15261,"date":"2024-11-28T19:49:06","date_gmt":"2024-11-28T16:49:06","guid":{"rendered":"https:\/\/www.makitamarket.com.tr\/site\/urun\/knipex-kablo-siyirma-aleti-100-mm\/"},"modified":"2026-04-06T15:19:47","modified_gmt":"2026-04-06T12:19:47","slug":"knipex-kablo-siyirma-aleti-100-mm","status":"publish","type":"product","link":"https:\/\/www.makitamarket.com.tr\/site\/urun\/knipex-kablo-siyirma-aleti-100-mm\/","title":{"rendered":"Knipex 1660100 KABLO SIYIRMA ALET\u0130 100 mm"},"content":{"rendered":"<p><b>16 60 100 SB S\u0131y\u0131rma Aleti &#8211; Coax Kablolar \u0130\u00e7in<\/b><br \/>Piyasada kullan\u0131lan ve \u00e7aplar\u0131 4,8 &#8211; 7,5 mm aras\u0131nda olan t\u00fcm Coax kablolar\u0131n d\u0131\u015f k\u0131l\u0131f\u0131n\u0131 soymak ve izolasyonunu s\u0131y\u0131rmak i\u00e7in, PVC-Flex 3 x 0,75 mm\u00b2 i\u00e7in de uygundur. Uzunluk derecesi ile 5,0 &#8211; 200,0mm. \u0130ki par\u00e7al\u0131, a\u00e7\u0131labilir izolasyon s\u0131y\u0131rma aleti. A\u00e7ma yay\u0131 ve blokaj mandal\u0131 ile. <\/p>\n<li><b>Kablo tipi: <\/b>Coax kablo 4,8 &#8211; 7,5 yuvarlak kablo 3 x 0,75 mm\u00b2<\/li>\n<table>\n<tr>\n<td>Uzunluk<\/td>\n<td>100<\/td>\n<\/tr>\n<tr>\n<td>S\u0131y\u0131rma Kapasitesi<\/td>\n<td>Coax kablolar 4.8-7.5, Kablolar 3&#215;0.75mm2<\/td>\n<\/tr>\n<tr>\n<td>A\u011f\u0131rl\u0131k<\/td>\n<td>39 gr<\/td>\n<\/tr>\n<\/table>\n","protected":false},"excerpt":{"rendered":"<p><b>16 60 100 SB S\u0131y\u0131rma Aleti &#8211; Coax Kablolar \u0130\u00e7in<\/b><br \/>Piyasada kullan\u0131lan ve \u00e7aplar\u0131 4,8 &#8211; 7,5 mm aras\u0131nda olan t\u00fcm Coax kablolar\u0131n d\u0131\u015f k\u0131l\u0131f\u0131n\u0131 soymak ve izolasyonunu s\u0131y\u0131rmak i\u00e7in, PVC-Flex 3 x 0,75 mm\u00b2 i\u00e7in de uygundur. Uzunluk derecesi ile 5,0 &#8211; 200,0mm. \u0130ki par\u00e7al\u0131, a\u00e7\u0131labilir izolasyon s\u0131y\u0131rma aleti. A\u00e7ma yay\u0131 ve blokaj mandal\u0131 ile. <\/p>\n<li><b>Kablo tipi: <\/b>Coax kablo 4,8 &#8211; 7,5 yuvarlak kablo 3 x 0,75 mm\u00b2<\/li>\n","protected":false},"featured_media":15260,"comment_status":"open","ping_status":"closed","template":"","meta":{"_acf_changed":false},"product_brand":[1486],"product_cat":[991],"product_tag":[],"class_list":{"0":"post-15261","1":"product","2":"type-product","3":"status-publish","4":"has-post-thumbnail","6":"product_brand-knipex","7":"product_cat-kablo-siyirmalar","9":"first","10":"outofstock","11":"taxable","12":"shipping-taxable","13":"purchasable","14":"product-type-simple","15":"add-to-wishlist-after_add_to_cart"},"acf":[],"_links":{"self":[{"href":"https:\/\/www.makitamarket.com.tr\/site\/wp-json\/wp\/v2\/product\/15261","targetHints":{"allow":["GET"]}}],"collection":[{"href":"https:\/\/www.makitamarket.com.tr\/site\/wp-json\/wp\/v2\/product"}],"about":[{"href":"https:\/\/www.makitamarket.com.tr\/site\/wp-json\/wp\/v2\/types\/product"}],"replies":[{"embeddable":true,"href":"https:\/\/www.makitamarket.com.tr\/site\/wp-json\/wp\/v2\/comments?post=15261"}],"wp:featuredmedia":[{"embeddable":true,"href":"https:\/\/www.makitamarket.com.tr\/site\/wp-json\/wp\/v2\/media\/15260"}],"wp:attachment":[{"href":"https:\/\/www.makitamarket.com.tr\/site\/wp-json\/wp\/v2\/media?parent=15261"}],"wp:term":[{"taxonomy":"product_brand","embeddable":true,"href":"https:\/\/www.makitamarket.com.tr\/site\/wp-json\/wp\/v2\/product_brand?post=15261"},{"taxonomy":"product_cat","embeddable":true,"href":"https:\/\/www.makitamarket.com.tr\/site\/wp-json\/wp\/v2\/product_cat?post=15261"},{"taxonomy":"product_tag","embeddable":true,"href":"https:\/\/www.makitamarket.com.tr\/site\/wp-json\/wp\/v2\/product_tag?post=15261"}],"curies":[{"name":"wp","href":"https:\/\/api.w.org\/{rel}","templated":true}]}}