{"id":15284,"date":"2024-11-28T19:49:15","date_gmt":"2024-11-28T16:49:15","guid":{"rendered":"https:\/\/www.makitamarket.com.tr\/site\/urun\/bessey-hafif-tip-manivela-iskence-160mm-1200n\/"},"modified":"2026-04-06T15:19:58","modified_gmt":"2026-04-06T12:19:58","slug":"bessey-hafif-tip-manivela-iskence-160mm-1200n","status":"publish","type":"product","link":"https:\/\/www.makitamarket.com.tr\/site\/urun\/bessey-hafif-tip-manivela-iskence-160mm-1200n\/","title":{"rendered":"Bessey BESKLI16 HAF\u0130F T\u0130P MAN\u0130VELA \u0130\u015eKENCE 160mm 1200N"},"content":{"rendered":"<p>\n\t<span _fck_bookmark=\"1\" style=\"display: none;\">\u00a0<\/span><span _fck_bookmark=\"1\" style=\"display: none;\">\u00a0<\/span><span _fck_bookmark=\"1\" style=\"display: none;\">\u00a0<\/span><\/p>\n<table>\n<tr>\n<td>Uzunluk<\/td>\n<td>160<\/td>\n<\/tr>\n<tr>\n<td>Derinlik<\/td>\n<td>80<\/td>\n<\/tr>\n<tr>\n<td>Ray Kal\u0131nl\u0131\u011f\u0131<\/td>\n<td>25&#215;5<\/td>\n<\/tr>\n<tr>\n<td>A\u011f\u0131rl\u0131k<\/td>\n<td>0.29<\/td>\n<\/tr>\n<tr>\n<td>Max. S\u0131kma Kuvveti<\/td>\n<td>1.200N<\/td>\n<\/tr>\n<\/table>\n","protected":false},"excerpt":{"rendered":"<p>\n\t<span _fck_bookmark=\"1\" style=\"display: none;\">\u00a0<\/span><span _fck_bookmark=\"1\" style=\"display: none;\">\u00a0<\/span><span _fck_bookmark=\"1\" style=\"display: none;\">\u00a0<\/span><\/p>\n","protected":false},"featured_media":15283,"comment_status":"open","ping_status":"closed","template":"","meta":{"_acf_changed":false},"product_brand":[1534],"product_cat":[1138],"product_tag":[],"class_list":{"0":"post-15284","1":"product","2":"type-product","3":"status-publish","4":"has-post-thumbnail","6":"product_brand-bessey","7":"product_cat-manivela-iskenceler","9":"first","10":"outofstock","11":"taxable","12":"shipping-taxable","13":"purchasable","14":"product-type-simple","15":"add-to-wishlist-after_add_to_cart"},"acf":[],"_links":{"self":[{"href":"https:\/\/www.makitamarket.com.tr\/site\/wp-json\/wp\/v2\/product\/15284","targetHints":{"allow":["GET"]}}],"collection":[{"href":"https:\/\/www.makitamarket.com.tr\/site\/wp-json\/wp\/v2\/product"}],"about":[{"href":"https:\/\/www.makitamarket.com.tr\/site\/wp-json\/wp\/v2\/types\/product"}],"replies":[{"embeddable":true,"href":"https:\/\/www.makitamarket.com.tr\/site\/wp-json\/wp\/v2\/comments?post=15284"}],"wp:featuredmedia":[{"embeddable":true,"href":"https:\/\/www.makitamarket.com.tr\/site\/wp-json\/wp\/v2\/media\/15283"}],"wp:attachment":[{"href":"https:\/\/www.makitamarket.com.tr\/site\/wp-json\/wp\/v2\/media?parent=15284"}],"wp:term":[{"taxonomy":"product_brand","embeddable":true,"href":"https:\/\/www.makitamarket.com.tr\/site\/wp-json\/wp\/v2\/product_brand?post=15284"},{"taxonomy":"product_cat","embeddable":true,"href":"https:\/\/www.makitamarket.com.tr\/site\/wp-json\/wp\/v2\/product_cat?post=15284"},{"taxonomy":"product_tag","embeddable":true,"href":"https:\/\/www.makitamarket.com.tr\/site\/wp-json\/wp\/v2\/product_tag?post=15284"}],"curies":[{"name":"wp","href":"https:\/\/api.w.org\/{rel}","templated":true}]}}