{"id":15286,"date":"2024-11-28T19:49:15","date_gmt":"2024-11-28T16:49:15","guid":{"rendered":"https:\/\/www.makitamarket.com.tr\/site\/urun\/big-red-dort-ayakli-katlanir-kriko-standi-3-ton\/"},"modified":"2026-04-06T15:19:58","modified_gmt":"2026-04-06T12:19:58","slug":"big-red-dort-ayakli-katlanir-kriko-standi-3-ton","status":"publish","type":"product","link":"https:\/\/www.makitamarket.com.tr\/site\/urun\/big-red-dort-ayakli-katlanir-kriko-standi-3-ton\/","title":{"rendered":"Big Red T43001 D\u00d6RT AYAKLI KATLANIR KR\u0130KO STANDI 3 TON"},"content":{"rendered":"<div style=\"font-family: Arial, Verdana, sans-serif; font-size: 12px; color: rgb(34, 34, 34); background-color: rgb(255, 255, 255); \">\n\tProfesyonel seri asfalt y\u00fczeylerde kaymay\u0131 \u00f6nleyen geni\u015f ayaklar.<\/div>\n<table>\n<tr>\n<td>Kald\u0131rma Kapasitesi<\/td>\n<td>3 Ton<\/td>\n<\/tr>\n<\/table>\n","protected":false},"excerpt":{"rendered":"<div style=\"font-family: Arial, Verdana, sans-serif; font-size: 12px; color: rgb(34, 34, 34); background-color: rgb(255, 255, 255); \">\n\tProfesyonel seri asfalt y\u00fczeylerde kaymay\u0131 \u00f6nleyen geni\u015f ayaklar.<\/div>\n","protected":false},"featured_media":15285,"comment_status":"open","ping_status":"closed","template":"","meta":{"_acf_changed":false},"product_brand":[1519],"product_cat":[1236],"product_tag":[],"class_list":{"0":"post-15286","1":"product","2":"type-product","3":"status-publish","4":"has-post-thumbnail","6":"product_brand-big-red","7":"product_cat-kriko-standlari","9":"first","10":"instock","11":"taxable","12":"shipping-taxable","13":"purchasable","14":"product-type-simple","15":"add-to-wishlist-after_add_to_cart"},"acf":[],"_links":{"self":[{"href":"https:\/\/www.makitamarket.com.tr\/site\/wp-json\/wp\/v2\/product\/15286","targetHints":{"allow":["GET"]}}],"collection":[{"href":"https:\/\/www.makitamarket.com.tr\/site\/wp-json\/wp\/v2\/product"}],"about":[{"href":"https:\/\/www.makitamarket.com.tr\/site\/wp-json\/wp\/v2\/types\/product"}],"replies":[{"embeddable":true,"href":"https:\/\/www.makitamarket.com.tr\/site\/wp-json\/wp\/v2\/comments?post=15286"}],"wp:featuredmedia":[{"embeddable":true,"href":"https:\/\/www.makitamarket.com.tr\/site\/wp-json\/wp\/v2\/media\/15285"}],"wp:attachment":[{"href":"https:\/\/www.makitamarket.com.tr\/site\/wp-json\/wp\/v2\/media?parent=15286"}],"wp:term":[{"taxonomy":"product_brand","embeddable":true,"href":"https:\/\/www.makitamarket.com.tr\/site\/wp-json\/wp\/v2\/product_brand?post=15286"},{"taxonomy":"product_cat","embeddable":true,"href":"https:\/\/www.makitamarket.com.tr\/site\/wp-json\/wp\/v2\/product_cat?post=15286"},{"taxonomy":"product_tag","embeddable":true,"href":"https:\/\/www.makitamarket.com.tr\/site\/wp-json\/wp\/v2\/product_tag?post=15286"}],"curies":[{"name":"wp","href":"https:\/\/api.w.org\/{rel}","templated":true}]}}