{"id":15288,"date":"2024-11-28T19:49:16","date_gmt":"2024-11-28T16:49:16","guid":{"rendered":"https:\/\/www.makitamarket.com.tr\/site\/urun\/clipper-classic-universal-testere-230-mm\/"},"modified":"2025-11-16T08:12:00","modified_gmt":"2025-11-16T05:12:00","slug":"clipper-classic-universal-testere-230-mm","status":"publish","type":"product","link":"https:\/\/www.makitamarket.com.tr\/site\/urun\/clipper-classic-universal-testere-230-mm\/","title":{"rendered":"Clipper 26810 CLASSIC UNIVERSAL &#8211; TESTERE 230 mm"},"content":{"rendered":"<p>\n\tGenel ama\u00e7l\u0131 in\u015faat malzemeleri i\u00e7in<\/p>\n<table>\n<tr>\n<td>\u00c7ap<\/td>\n<td>230mm<\/td>\n<\/tr>\n<tr>\n<td>Merkez<\/td>\n<td>22,23 mm<\/td>\n<\/tr>\n<tr>\n<td>Segman (Y\/G-mm)<\/td>\n<td>10\/2,4 mm<\/td>\n<\/tr>\n<tr>\n<td>Performans<\/td>\n<td>3 y\u0131ld\u0131z<\/td>\n<\/tr>\n<\/table>\n","protected":false},"excerpt":{"rendered":"<p>\n\tGenel ama\u00e7l\u0131 in\u015faat malzemeleri i\u00e7in<\/p>\n","protected":false},"featured_media":15287,"comment_status":"open","ping_status":"closed","template":"","meta":{"_acf_changed":false},"product_brand":[1497],"product_cat":[1565],"product_tag":[],"class_list":{"0":"post-15288","1":"product","2":"type-product","3":"status-publish","4":"has-post-thumbnail","6":"product_brand-clipper","7":"product_cat-yok-yok","9":"first","10":"outofstock","11":"taxable","12":"shipping-taxable","13":"purchasable","14":"product-type-simple","15":"add-to-wishlist-after_add_to_cart"},"acf":[],"_links":{"self":[{"href":"https:\/\/www.makitamarket.com.tr\/site\/wp-json\/wp\/v2\/product\/15288","targetHints":{"allow":["GET"]}}],"collection":[{"href":"https:\/\/www.makitamarket.com.tr\/site\/wp-json\/wp\/v2\/product"}],"about":[{"href":"https:\/\/www.makitamarket.com.tr\/site\/wp-json\/wp\/v2\/types\/product"}],"replies":[{"embeddable":true,"href":"https:\/\/www.makitamarket.com.tr\/site\/wp-json\/wp\/v2\/comments?post=15288"}],"wp:featuredmedia":[{"embeddable":true,"href":"https:\/\/www.makitamarket.com.tr\/site\/wp-json\/wp\/v2\/media\/15287"}],"wp:attachment":[{"href":"https:\/\/www.makitamarket.com.tr\/site\/wp-json\/wp\/v2\/media?parent=15288"}],"wp:term":[{"taxonomy":"product_brand","embeddable":true,"href":"https:\/\/www.makitamarket.com.tr\/site\/wp-json\/wp\/v2\/product_brand?post=15288"},{"taxonomy":"product_cat","embeddable":true,"href":"https:\/\/www.makitamarket.com.tr\/site\/wp-json\/wp\/v2\/product_cat?post=15288"},{"taxonomy":"product_tag","embeddable":true,"href":"https:\/\/www.makitamarket.com.tr\/site\/wp-json\/wp\/v2\/product_tag?post=15288"}],"curies":[{"name":"wp","href":"https:\/\/api.w.org\/{rel}","templated":true}]}}