{"id":15306,"date":"2024-11-28T19:49:22","date_gmt":"2024-11-28T16:49:22","guid":{"rendered":"https:\/\/www.makitamarket.com.tr\/site\/urun\/makita-havsa-acma-ucu-25x67-mm\/"},"modified":"2025-11-16T08:12:02","modified_gmt":"2025-11-16T05:12:02","slug":"makita-havsa-acma-ucu-25x67-mm","status":"publish","type":"product","link":"https:\/\/www.makitamarket.com.tr\/site\/urun\/makita-havsa-acma-ucu-25x67-mm\/","title":{"rendered":"Makita D-37493 HAV\u015eA A\u00c7MA UCU 25&#215;67 mm"},"content":{"rendered":"<table>\n<tr>\n<td>Uygulama<\/td>\n<td>M12<\/td>\n<\/tr>\n<tr>\n<td>A\u00e7\u0131 &#8211; Kenar<\/td>\n<td>90\u00b0 &#8211; 3 adet<\/td>\n<\/tr>\n<tr>\n<td>Uzunluk<\/td>\n<td>67<\/td>\n<\/tr>\n<tr>\n<td>\u00c7ap<\/td>\n<td>25<\/td>\n<\/tr>\n<tr>\n<td>A\u00e7\u0131-Kenar<\/td>\n<td>90\u00b0 -3 adet<\/td>\n<\/tr>\n<tr>\n<td>\u00c7ap-Uzunluk<\/td>\n<td>25 x 67 mm<\/td>\n<\/tr>\n<\/table>\n","protected":false},"excerpt":{"rendered":"<p>Uygulama M12 A\u00e7\u0131 &#8211; Kenar 90\u00b0 &#8211; 3 adet Uzunluk 67 \u00c7ap 25 A\u00e7\u0131-Kenar 90\u00b0 -3 adet \u00c7ap-Uzunluk 25 x 67 mm<\/p>\n","protected":false},"featured_media":0,"comment_status":"open","ping_status":"closed","template":"","meta":{"_acf_changed":false},"product_brand":[1485],"product_cat":[1064],"product_tag":[],"class_list":{"0":"post-15306","1":"product","2":"type-product","3":"status-publish","5":"product_brand-makita","6":"product_cat-metal-delme-uclari","8":"first","9":"outofstock","10":"taxable","11":"shipping-taxable","12":"purchasable","13":"product-type-simple","14":"add-to-wishlist-after_add_to_cart"},"acf":[],"_links":{"self":[{"href":"https:\/\/www.makitamarket.com.tr\/site\/wp-json\/wp\/v2\/product\/15306","targetHints":{"allow":["GET"]}}],"collection":[{"href":"https:\/\/www.makitamarket.com.tr\/site\/wp-json\/wp\/v2\/product"}],"about":[{"href":"https:\/\/www.makitamarket.com.tr\/site\/wp-json\/wp\/v2\/types\/product"}],"replies":[{"embeddable":true,"href":"https:\/\/www.makitamarket.com.tr\/site\/wp-json\/wp\/v2\/comments?post=15306"}],"wp:attachment":[{"href":"https:\/\/www.makitamarket.com.tr\/site\/wp-json\/wp\/v2\/media?parent=15306"}],"wp:term":[{"taxonomy":"product_brand","embeddable":true,"href":"https:\/\/www.makitamarket.com.tr\/site\/wp-json\/wp\/v2\/product_brand?post=15306"},{"taxonomy":"product_cat","embeddable":true,"href":"https:\/\/www.makitamarket.com.tr\/site\/wp-json\/wp\/v2\/product_cat?post=15306"},{"taxonomy":"product_tag","embeddable":true,"href":"https:\/\/www.makitamarket.com.tr\/site\/wp-json\/wp\/v2\/product_tag?post=15306"}],"curies":[{"name":"wp","href":"https:\/\/api.w.org\/{rel}","templated":true}]}}