{"id":15318,"date":"2024-11-28T19:49:25","date_gmt":"2024-11-28T16:49:25","guid":{"rendered":"https:\/\/www.makitamarket.com.tr\/site\/urun\/makita-makita-bml-240-fener\/"},"modified":"2025-11-16T08:12:03","modified_gmt":"2025-11-16T05:12:03","slug":"makita-makita-bml-240-fener","status":"publish","type":"product","link":"https:\/\/www.makitamarket.com.tr\/site\/urun\/makita-makita-bml-240-fener\/","title":{"rendered":"Makita BML240 MAKITA BML 240 FENER"},"content":{"rendered":"<ul>\n<li>\n\t\tAk\u00fc ve \u015farj cihaz\u0131 ayr\u0131ca sat\u0131l\u0131r.<\/li>\n<\/ul>\n<table>\n<tr>\n<td>Net A\u011f\u0131rl\u0131k<\/td>\n<td>0.5kg<\/td>\n<\/tr>\n<tr>\n<td>G\u00fc\u00e7-Kapasite<\/td>\n<td>24V\/3.3Ah\/Ni-MH<\/td>\n<\/tr>\n<tr>\n<td>Ak\u00fc \/ \u015earj Cihaz\u0131<\/td>\n<td>BH2433<\/td>\n<\/tr>\n<tr>\n<td>S\u00fcrekli Kullan\u0131m<\/td>\n<td>350dk(3.3Ah)                    210dk(2ah)<\/td>\n<\/tr>\n<tr>\n<td>\u015earz Cihaz\u0131<\/td>\n<td>DC24SC<\/td>\n<\/tr>\n<\/table>\n","protected":false},"excerpt":{"rendered":"<ul>\n<li>\n\t\tAk\u00fc ve \u015farj cihaz\u0131 ayr\u0131ca sat\u0131l\u0131r.<\/li>\n<\/ul>\n","protected":false},"featured_media":15317,"comment_status":"open","ping_status":"closed","template":"","meta":{"_acf_changed":false},"product_brand":[1485],"product_cat":[1565],"product_tag":[],"class_list":{"0":"post-15318","1":"product","2":"type-product","3":"status-publish","4":"has-post-thumbnail","6":"product_brand-makita","7":"product_cat-yok-yok","9":"first","10":"outofstock","11":"taxable","12":"shipping-taxable","13":"purchasable","14":"product-type-simple","15":"add-to-wishlist-after_add_to_cart"},"acf":[],"_links":{"self":[{"href":"https:\/\/www.makitamarket.com.tr\/site\/wp-json\/wp\/v2\/product\/15318","targetHints":{"allow":["GET"]}}],"collection":[{"href":"https:\/\/www.makitamarket.com.tr\/site\/wp-json\/wp\/v2\/product"}],"about":[{"href":"https:\/\/www.makitamarket.com.tr\/site\/wp-json\/wp\/v2\/types\/product"}],"replies":[{"embeddable":true,"href":"https:\/\/www.makitamarket.com.tr\/site\/wp-json\/wp\/v2\/comments?post=15318"}],"wp:featuredmedia":[{"embeddable":true,"href":"https:\/\/www.makitamarket.com.tr\/site\/wp-json\/wp\/v2\/media\/15317"}],"wp:attachment":[{"href":"https:\/\/www.makitamarket.com.tr\/site\/wp-json\/wp\/v2\/media?parent=15318"}],"wp:term":[{"taxonomy":"product_brand","embeddable":true,"href":"https:\/\/www.makitamarket.com.tr\/site\/wp-json\/wp\/v2\/product_brand?post=15318"},{"taxonomy":"product_cat","embeddable":true,"href":"https:\/\/www.makitamarket.com.tr\/site\/wp-json\/wp\/v2\/product_cat?post=15318"},{"taxonomy":"product_tag","embeddable":true,"href":"https:\/\/www.makitamarket.com.tr\/site\/wp-json\/wp\/v2\/product_tag?post=15318"}],"curies":[{"name":"wp","href":"https:\/\/api.w.org\/{rel}","templated":true}]}}